{"id":3663,"date":"2025-11-07T06:54:08","date_gmt":"2025-11-07T06:54:08","guid":{"rendered":"https:\/\/birdie.lv\/?post_type=product&#038;p=3663"},"modified":"2026-04-01T09:04:08","modified_gmt":"2026-04-01T09:04:08","slug":"z-line-zone-ss","status":"publish","type":"product","link":"https:\/\/birdie.lv\/en\/product\/z-line-zone-ss\/","title":{"rendered":"Discraft Z Line Zone SS"},"content":{"rendered":"<h5 data-path-to-node=\"7\"><b data-path-to-node=\"7\" data-index-in-node=\"0\">K\u0101p\u0113c izv\u0113l\u0113ties Discraft First Run Zone SS?<\/b><\/h5>\n<ul data-path-to-node=\"8\">\n<li>\n<p data-path-to-node=\"8,0,0\"><b data-path-to-node=\"8,0,0\" data-index-in-node=\"0\">Ikoniska saj\u016bta, jauns lidojums:<\/b> Ja tev pat\u012bk ori\u0123in\u0101l\u0101s Zone plakanais profils un \u0113rt\u0101 mala, bet mekl\u0113 maz\u0101ku stabilit\u0101ti, Zone SS ir ide\u0101ls risin\u0101jums. Tas lido iev\u0113rojami taisn\u0101k, saglab\u0101jot paz\u012bstamo komfortu.<\/p>\n<\/li>\n<li>\n<p data-path-to-node=\"8,1,0\"><b data-path-to-node=\"8,1,0\" data-index-in-node=\"0\">&#8220;L\u0101zera&#8221; taisni metieni:<\/b> Ar parametriem <b class=\"\" data-path-to-node=\"5\" data-index-in-node=\"98\">[4\/4\/-1\/2]<\/b>, Zone SS ir rad\u012bts prec\u012bziem tune\u013ca metieniem (<i data-path-to-node=\"8,1,0\" data-index-in-node=\"97\">tunnel shots<\/i>) un kontrol\u0113tiem <i data-path-to-node=\"8,1,0\" data-index-in-node=\"127\">approach<\/i> pieg\u0101jieniem, kur nepiecie\u0161ams minim\u0101ls <i data-path-to-node=\"8,1,0\" data-index-in-node=\"176\">fade<\/i> lidojuma nosl\u0113gum\u0101.<\/p>\n<\/li>\n<li>\n<p data-path-to-node=\"8,2,0\"><b data-path-to-node=\"8,2,0\" data-index-in-node=\"0\">First Run ekskluzivit\u0101te:<\/b> \u0160\u012b ir pirm\u0101 ofici\u0101l\u0101 laiduma s\u0113rija, kas padara to par v\u0113rt\u012bgu ieguvumu gan sp\u0113l\u0113t\u0101jiem, gan kolekcion\u0101riem. Z plastika nodro\u0161ina maksim\u0101lu iztur\u012bbu un uzticamu sa\u0137eri jebkuros apst\u0101k\u013cos.<\/p>\n<\/li>\n<li>\n<p data-path-to-node=\"8,3,0\"><b data-path-to-node=\"8,3,0\" data-index-in-node=\"0\">Paredzam\u012bba un kontrole:<\/b> Zone SS &#8220;beatojas&#8221; (nolietojas) l\u0113n\u0101m, laika gait\u0101 k\u013c\u016bstot par v\u0113l univers\u0101l\u0101ku instrumentu tav\u0101 som\u0101 \u2013 no taisniem draiveriem l\u012bdz maigiem <i data-path-to-node=\"8,3,0\" data-index-in-node=\"165\">turnover<\/i> metieniem.<\/p>\n<\/li>\n<\/ul>\n<hr data-path-to-node=\"9\" \/>\n<h5 data-path-to-node=\"10\"><b data-path-to-node=\"10\" data-index-in-node=\"0\">Ofici\u0101lais Discraft raksturojums par Zone SS<\/b><\/h5>\n<blockquote data-path-to-node=\"11\">\n<p data-path-to-node=\"11,0\">\u201cPerfekts tune\u013ca metieniem, kontrol\u0113tiem <i data-path-to-node=\"11,0\" data-index-in-node=\"41\">approachiem<\/i> un l\u0101zera taisniem draiveriem, kam nepiecie\u0161ama paredzam\u012bba. Zone SS ir rad\u012bts sp\u0113l\u0113t\u0101jiem, kuri v\u0113las uzticamo Zone saj\u016btu bez sp\u0113c\u012bg\u0101 <i data-path-to-node=\"11,0\" data-index-in-node=\"189\">fade<\/i>. Tas aizpilda kritisku vietu ikviena sp\u0113l\u0113t\u0101ja som\u0101.\u201d<\/p>\n<\/blockquote>\n","protected":false},"excerpt":{"rendered":"<p><b class=\"\" data-path-to-node=\"5\" data-index-in-node=\"0\">Discraft Zone SS<\/b><span class=\"\"> ir ilgi gaid\u012bt\u0101,<\/span><span class=\"\"> taisn\u0101k\u0101 le\u0123end\u0101r\u0101 Zone mode\u013ca versija.<\/span><span class=\"\"> Ar lidojuma parametriem <\/span><b class=\"\" data-path-to-node=\"5\" data-index-in-node=\"98\">[4\/4\/-1\/2]<\/b><span class=\"\">,<\/span><span class=\"\"> \u0161\u012b <\/span><b class=\"\" data-path-to-node=\"5\" data-index-in-node=\"112\">First Run Z plastikas<\/b><span class=\"\"> versija pied\u0101v\u0101 ikonisko Zone saj\u016btu rok\u0101,<\/span><span class=\"\"> bet ar daudz neitr\u0101l\u0101ku un taisn\u0101ku lidojuma trajektoriju.<\/span><\/p>\n","protected":false},"featured_media":3674,"template":"","meta":{"om_disable_all_campaigns":false},"product_brand":[59],"product_cat":[48,64],"product_tag":[],"class_list":{"0":"post-3663","1":"product","2":"type-product","3":"status-publish","4":"has-post-thumbnail","6":"product_brand-discraft","7":"product_cat-diski","8":"product_cat-putter-approach","10":"first","11":"instock","12":"taxable","13":"shipping-taxable","14":"purchasable","15":"product-type-variable"},"aioseo_notices":[],"jetpack_sharing_enabled":true,"_links":{"self":[{"href":"https:\/\/birdie.lv\/en\/wp-json\/wp\/v2\/product\/3663","targetHints":{"allow":["GET"]}}],"collection":[{"href":"https:\/\/birdie.lv\/en\/wp-json\/wp\/v2\/product"}],"about":[{"href":"https:\/\/birdie.lv\/en\/wp-json\/wp\/v2\/types\/product"}],"version-history":[{"count":2,"href":"https:\/\/birdie.lv\/en\/wp-json\/wp\/v2\/product\/3663\/revisions"}],"predecessor-version":[{"id":5063,"href":"https:\/\/birdie.lv\/en\/wp-json\/wp\/v2\/product\/3663\/revisions\/5063"}],"wp:featuredmedia":[{"embeddable":true,"href":"https:\/\/birdie.lv\/en\/wp-json\/wp\/v2\/media\/3674"}],"wp:attachment":[{"href":"https:\/\/birdie.lv\/en\/wp-json\/wp\/v2\/media?parent=3663"}],"wp:term":[{"taxonomy":"product_brand","embeddable":true,"href":"https:\/\/birdie.lv\/en\/wp-json\/wp\/v2\/product_brand?post=3663"},{"taxonomy":"product_cat","embeddable":true,"href":"https:\/\/birdie.lv\/en\/wp-json\/wp\/v2\/product_cat?post=3663"},{"taxonomy":"product_tag","embeddable":true,"href":"https:\/\/birdie.lv\/en\/wp-json\/wp\/v2\/product_tag?post=3663"}],"curies":[{"name":"wp","href":"https:\/\/api.w.org\/{rel}","templated":true}]}}