{"id":3682,"date":"2025-11-07T10:03:21","date_gmt":"2025-11-07T10:03:21","guid":{"rendered":"https:\/\/birdie.lv\/?post_type=product&#038;p=3682"},"modified":"2026-04-10T13:01:24","modified_gmt":"2026-04-10T13:01:24","slug":"gripeq-paul-mcbeth-px1","status":"publish","type":"product","link":"https:\/\/birdie.lv\/en\/product\/gripeq-paul-mcbeth-px1\/","title":{"rendered":"GRIPeq Paul McBeth PX1"},"content":{"rendered":"<h5 data-path-to-node=\"2\">MB-PX1 galven\u0101s funkcijas:<\/h5>\n<ul data-path-to-node=\"3\">\n<li>\n<p data-path-to-node=\"3,0,0\"><b data-path-to-node=\"3,0,0\" data-index-in-node=\"0\">Ietilp\u012bgs galvenais nodal\u012bjums:<\/b> Paredz\u0113ts 23 diskiem* plus elast\u012bga priek\u0161\u0113j\u0101 kabata 2 papildu diskiem.<\/p>\n<\/li>\n<li>\n<p data-path-to-node=\"3,1,0\"><b data-path-to-node=\"3,1,0\" data-index-in-node=\"0\">\u0100tr\u0101s piek\u013cuves aug\u0161\u0113j\u0101 kabata:<\/b> Regul\u0113jama augstuma nodal\u012bjums 5 puteriem (putters).<\/p>\n<\/li>\n<li>\n<p data-path-to-node=\"3,2,0\"><b data-path-to-node=\"3,2,0\" data-index-in-node=\"0\">Premium materi\u0101li:<\/b> Iztur\u012bga RIPSTOP 600D aug\u0161da\u013ca un \u012bpa\u0161i sp\u0113c\u012bga, ar TPU p\u0101rkl\u0101ta 900D RIPSTOP apak\u0161a.<\/p>\n<\/li>\n<li>\n<p data-path-to-node=\"3,3,0\"><b data-path-to-node=\"3,3,0\" data-index-in-node=\"0\">Dubultas aug\u0161\u0113j\u0101s kabatas:<\/b> Divas \u0113rti pieejamas kabatas svar\u012bg\u0101kajiem s\u012bkumiem.<\/p>\n<\/li>\n<li>\n<p data-path-to-node=\"3,4,0\"><b data-path-to-node=\"3,4,0\" data-index-in-node=\"0\">Papla\u0161in\u0101mas s\u0101nu kabatas:<\/b> S\u0101nu piek\u013cuve un maksim\u0101la ietilp\u012bba invent\u0101ra glab\u0101\u0161anai.<\/p>\n<\/li>\n<li>\n<p data-path-to-node=\"3,5,0\"><b data-path-to-node=\"3,5,0\" data-index-in-node=\"0\">Palielin\u0101ta galven\u0101 nodal\u012bjuma atvere:<\/b> Viegl\u0101kai disku iz\u0146em\u0161anai un ielik\u0161anai.<\/p>\n<\/li>\n<li>\n<p data-path-to-node=\"3,6,0\"><b data-path-to-node=\"3,6,0\" data-index-in-node=\"0\">Augst\u0101kais komforts:<\/b> Biezs, ventil\u0113jams Original GRIPeq\u00ae muguras polster\u0113jums ar iestr\u0101d\u0101tu kabatu.<\/p>\n<\/li>\n<li>\n<p data-path-to-node=\"3,7,0\"><b data-path-to-node=\"3,7,0\" data-index-in-node=\"0\">Lietussarga stiprin\u0101jums:<\/b> Speci\u0101la uzmava ar savelkamu siksnu.<\/p>\n<\/li>\n<li>\n<p data-path-to-node=\"3,8,0\"><b data-path-to-node=\"3,8,0\" data-index-in-node=\"0\">Disku izvilc\u0113ja (retriever) kabata.<\/b><\/p>\n<\/li>\n<li>\n<p data-path-to-node=\"3,9,0\"><b data-path-to-node=\"3,9,0\" data-index-in-node=\"0\">Ergonomiskas lences:<\/b> Augsta bl\u012bvuma polster\u0113tas plecu siksnas ar m\u012bkstu apkakles da\u013cu.<\/p>\n<\/li>\n<li>\n<p data-path-to-node=\"3,10,0\"><b data-path-to-node=\"3,10,0\" data-index-in-node=\"0\">Viena pirksta r\u0101v\u0113jsl\u0113dz\u0113ju cilpas:<\/b> \u0112rtai atv\u0113r\u0161anai pat ar vienu pirkstu.<\/p>\n<\/li>\n<li>\n<p data-path-to-node=\"3,11,0\"><b data-path-to-node=\"3,11,0\" data-index-in-node=\"0\">Velcro\u00ae pane\u013ci:<\/b> Pla\u0161s laukums &#8220;pl\u0101ksteriem&#8221; (komplekt\u0101 iek\u013cauti 4 GRIPeq embl\u0113mas).<\/p>\n<\/li>\n<li>\n<p data-path-to-node=\"3,12,0\"><b data-path-to-node=\"3,12,0\" data-index-in-node=\"0\">Piel\u0101gojami pude\u013cu tur\u0113t\u0101ji:<\/b> Divas kabatas, kas dro\u0161i notur pudeles no 120 ml l\u012bdz 950 ml.<\/p>\n<\/li>\n<li>\n<p data-path-to-node=\"3,13,0\"><b data-path-to-node=\"3,13,0\" data-index-in-node=\"0\">S\u0101nu kabatas aksesu\u0101riem:<\/b> Padzi\u013cin\u0101tas vietas telefonam, sacens\u012bbu bukletam un rezult\u0101tu kartei.<\/p>\n<\/li>\n<li>\n<p data-path-to-node=\"3,14,0\"><b data-path-to-node=\"3,14,0\" data-index-in-node=\"0\">Kancelejas nodal\u012bjumi:<\/b> Divas vietas mar\u0137ieriem vai z\u012bmu\u013ciem.<\/p>\n<\/li>\n<li>\n<p data-path-to-node=\"3,15,0\"><b data-path-to-node=\"3,15,0\" data-index-in-node=\"0\">Uzticama furnit\u016bra:<\/b> Augst\u0101k\u0101s kvalit\u0101tes YKK\u00ae r\u0101v\u0113jsl\u0113dz\u0113ji un anod\u0113ta alum\u012bnija deta\u013cas.<\/p>\n<\/li>\n<\/ul>\n<p data-path-to-node=\"4\"><b data-path-to-node=\"4\" data-index-in-node=\"0\">Izm\u0113ri un svars:<\/b><\/p>\n<ul data-path-to-node=\"5\">\n<li>\n<p data-path-to-node=\"5,0,0\"><b data-path-to-node=\"5,0,0\" data-index-in-node=\"0\">Izm\u0113ri:<\/b> Augstums 56 cm; Platums 48 cm (aizv\u0113rts) \/ 61 cm (papla\u0161in\u0101ts); Dzi\u013cums 30 cm.<\/p>\n<\/li>\n<li>\n<p data-path-to-node=\"5,1,0\"><b data-path-to-node=\"5,1,0\" data-index-in-node=\"0\">Svars:<\/b> 2,43 kg.<\/p>\n<\/li>\n<\/ul>\n<p data-path-to-node=\"6\"><i data-path-to-node=\"6\" data-index-in-node=\"0\">* ietilp\u012bba nor\u0101d\u012bta, r\u0113\u0137inot tikai &#8220;driver&#8221; tipa diskus.<\/i><\/p>","protected":false},"excerpt":{"rendered":"<p>Katra soma n\u0101k komplekt\u0101 ar limited-edition disku, Paul McBeth flex mar\u0137ieri un 4 velkro uz\u0161uves (patches)<\/p>\n<p><strong>Somas pieg\u0101des termi\u0146\u0161 1 ned\u0113\u013ca.\u00a0<\/strong><\/p>","protected":false},"featured_media":3691,"template":"","meta":{"om_disable_all_campaigns":false},"product_brand":[305],"product_cat":[49,362],"product_tag":[],"class_list":{"0":"post-3682","1":"product","2":"type-product","3":"status-publish","4":"has-post-thumbnail","6":"product_brand-gripeq","7":"product_cat-somas","8":"product_cat-paul-mcbeth","10":"first","11":"outofstock","12":"sale","13":"taxable","14":"shipping-taxable","15":"purchasable","16":"product-type-simple"},"aioseo_notices":[],"jetpack_sharing_enabled":true,"_links":{"self":[{"href":"https:\/\/birdie.lv\/en\/wp-json\/wp\/v2\/product\/3682","targetHints":{"allow":["GET"]}}],"collection":[{"href":"https:\/\/birdie.lv\/en\/wp-json\/wp\/v2\/product"}],"about":[{"href":"https:\/\/birdie.lv\/en\/wp-json\/wp\/v2\/types\/product"}],"version-history":[{"count":3,"href":"https:\/\/birdie.lv\/en\/wp-json\/wp\/v2\/product\/3682\/revisions"}],"predecessor-version":[{"id":4942,"href":"https:\/\/birdie.lv\/en\/wp-json\/wp\/v2\/product\/3682\/revisions\/4942"}],"wp:featuredmedia":[{"embeddable":true,"href":"https:\/\/birdie.lv\/en\/wp-json\/wp\/v2\/media\/3691"}],"wp:attachment":[{"href":"https:\/\/birdie.lv\/en\/wp-json\/wp\/v2\/media?parent=3682"}],"wp:term":[{"taxonomy":"product_brand","embeddable":true,"href":"https:\/\/birdie.lv\/en\/wp-json\/wp\/v2\/product_brand?post=3682"},{"taxonomy":"product_cat","embeddable":true,"href":"https:\/\/birdie.lv\/en\/wp-json\/wp\/v2\/product_cat?post=3682"},{"taxonomy":"product_tag","embeddable":true,"href":"https:\/\/birdie.lv\/en\/wp-json\/wp\/v2\/product_tag?post=3682"}],"curies":[{"name":"wp","href":"https:\/\/api.w.org\/{rel}","templated":true}]}}