{"id":3744,"date":"2025-11-08T07:15:23","date_gmt":"2025-11-08T07:15:23","guid":{"rendered":"https:\/\/birdie.lv\/?post_type=product&#038;p=3744"},"modified":"2026-03-25T18:33:40","modified_gmt":"2026-03-25T18:33:40","slug":"gripeq-ax6","status":"publish","type":"product","link":"https:\/\/birdie.lv\/en\/product\/gripeq-ax6\/","title":{"rendered":"GRIPeq AX6"},"content":{"rendered":"<h5 data-path-to-node=\"1\">AX6 galven\u0101s funkcijas:<\/h5>\n<ul data-path-to-node=\"2\">\n<li>\n<p data-path-to-node=\"2,0,0\"><b data-path-to-node=\"2,0,0\" data-index-in-node=\"0\">Ietilp\u012bgs galvenais nodal\u012bjums:<\/b> Vieta 23 diskiem* plus priek\u0161\u0113j\u0101 kabata 2 papildu diskiem.<\/p>\n<\/li>\n<li>\n<p data-path-to-node=\"2,1,0\"><b data-path-to-node=\"2,1,0\" data-index-in-node=\"0\">\u0100tr\u0101s piek\u013cuves aug\u0161\u0113j\u0101 kabata:<\/b> Regul\u0113jama augstuma nodal\u012bjums 4 puteriem (putters).<\/p>\n<\/li>\n<li>\n<p data-path-to-node=\"2,2,0\"><b data-path-to-node=\"2,2,0\" data-index-in-node=\"0\">Iztur\u012bga konstrukcija:<\/b> Izgatavota no augst\u0101k\u0101s kvalit\u0101tes 840D neilona auduma.<\/p>\n<\/li>\n<li>\n<p data-path-to-node=\"2,3,0\"><b data-path-to-node=\"2,3,0\" data-index-in-node=\"0\">Papla\u0161in\u0101mas s\u0101nu kabatas:<\/b> Maksim\u0101la ietilp\u012bba visam nepiecie\u0161amajam invent\u0101ram.<\/p>\n<\/li>\n<li>\n<p data-path-to-node=\"2,4,0\"><b data-path-to-node=\"2,4,0\" data-index-in-node=\"0\">JAUNUMS \u2013 Palielin\u0101ta galven\u0101 nodal\u012bjuma atvere:<\/b> V\u0113l \u0113rt\u0101kai piek\u013cuvei diskiem.<\/p>\n<\/li>\n<li>\n<p data-path-to-node=\"2,5,0\"><b data-path-to-node=\"2,5,0\" data-index-in-node=\"0\">Uzlabots komforts:<\/b> Biez\u0101ka, ori\u0123in\u0101l\u0101 GRIP\u00ae polster\u0113ta muguras kabata jostasvietas da\u013c\u0101.<\/p>\n<\/li>\n<li>\n<p data-path-to-node=\"2,6,0\"><b data-path-to-node=\"2,6,0\" data-index-in-node=\"0\">Ergonomiskas lences:<\/b> Augsta bl\u012bvuma plecu polster\u0113jums nep\u0101rsp\u0113jamai \u0113rt\u012bbai visas dienas garum\u0101.<\/p>\n<\/li>\n<li>\n<p data-path-to-node=\"2,7,0\"><b data-path-to-node=\"2,7,0\" data-index-in-node=\"0\">JAUNUMS \u2013 Disku izvilc\u0113ja (retriever) kabata.<\/b><\/p>\n<\/li>\n<li>\n<p data-path-to-node=\"2,8,0\"><b data-path-to-node=\"2,8,0\" data-index-in-node=\"0\">UZLABOTS \u2013 Lietussarga stiprin\u0101jums:<\/b> Jauna dizaina uzmava ar savelkamu siksnu dro\u0161ai fiks\u0101cijai.<\/p>\n<\/li>\n<li>\n<p data-path-to-node=\"2,9,0\"><b data-path-to-node=\"2,9,0\" data-index-in-node=\"0\">PILN\u012aGI JAUNI viena pirksta r\u0101v\u0113jsl\u0113dz\u0113ju vilc\u0113ji:<\/b> \u012apa\u0161i \u0113rtai lieto\u0161anai.<\/p>\n<\/li>\n<li>\n<p data-path-to-node=\"2,10,0\"><b data-path-to-node=\"2,10,0\" data-index-in-node=\"0\">Velcro\u00ae pane\u013ci:<\/b> Pla\u0161s laukums person\u012bgaj\u0101m embl\u0113m\u0101m (patches).<\/p>\n<\/li>\n<li>\n<p data-path-to-node=\"2,11,0\"><b data-path-to-node=\"2,11,0\" data-index-in-node=\"0\">Dubultie termo-tur\u0113t\u0101ji:<\/b> Divas liela diametra izol\u0113tas kabatas, kas der 1000 ml (32 oz) pudel\u0113m.<\/p>\n<\/li>\n<li>\n<p data-path-to-node=\"2,12,0\"><b data-path-to-node=\"2,12,0\" data-index-in-node=\"0\">JAUNUMS \u2013 Padzi\u013cin\u0101tas s\u0101nu kabatas:<\/b> Dro\u0161a vieta telefonam, sacens\u012bbu bukletam un rezult\u0101tu kartei.<\/p>\n<\/li>\n<li>\n<p data-path-to-node=\"2,13,0\"><b data-path-to-node=\"2,13,0\" data-index-in-node=\"0\">JAUNUMS \u2013 Kancelejas nodal\u012bjumi:<\/b> Divas vietas mar\u0137ieriem un z\u012bmu\u013ciem.<\/p>\n<\/li>\n<li>\n<p data-path-to-node=\"2,14,0\"><b data-path-to-node=\"2,14,0\" data-index-in-node=\"0\">Uzticama furnit\u016bra:<\/b> Ori\u0123in\u0101lie YKK\u00ae r\u0101v\u0113jsl\u0113dz\u0113ji un premium WOOJIN\u00ae deta\u013cas.<\/p>\n<\/li>\n<\/ul>\n<p data-path-to-node=\"3\"><b data-path-to-node=\"3\" data-index-in-node=\"0\">Izm\u0113ri un svars:<\/b><\/p>\n<ul data-path-to-node=\"4\">\n<li>\n<p data-path-to-node=\"4,0,0\"><b data-path-to-node=\"4,0,0\" data-index-in-node=\"0\">Izm\u0113ri:<\/b> Augstums 53 cm; Platums 46 cm (aizv\u0113rts) \/ 61 cm (papla\u0161in\u0101ts); Dzi\u013cums 28 cm.<\/p>\n<\/li>\n<li>\n<p data-path-to-node=\"4,1,0\"><b data-path-to-node=\"4,1,0\" data-index-in-node=\"0\">Svars:<\/b> 2,27 kg.<\/p>\n<\/li>\n<\/ul>\n<p data-path-to-node=\"5\"><i data-path-to-node=\"5\" data-index-in-node=\"0\">* ietilp\u012bba nor\u0101d\u012bta, r\u0113\u0137inot tikai &#8220;driver&#8221; tipa diskus.<\/i><\/p>","protected":false},"excerpt":{"rendered":"<p>AX6 ir jaun\u0101k\u0101 versija m\u016bsu augst\u0101k\u0101s klases profesion\u0101lajai t\u016bres disku golfa somai ar maksim\u0101lu ietilp\u012bbu diskiem un vis\u0101m nepiecie\u0161amaj\u0101m liet\u0101m garu raundu laik\u0101.<\/p>\n<p><strong>Somas pieg\u0101des termi\u0146\u0161 1 ned\u0113\u013ca.\u00a0<\/strong><\/p>","protected":false},"featured_media":3748,"template":"","meta":{"om_disable_all_campaigns":false},"product_brand":[305],"product_cat":[49],"product_tag":[],"class_list":{"0":"post-3744","1":"product","2":"type-product","3":"status-publish","4":"has-post-thumbnail","6":"product_brand-gripeq","7":"product_cat-somas","8":"product_shipping_class-smagas","10":"first","11":"instock","12":"sale","13":"taxable","14":"shipping-taxable","15":"purchasable","16":"product-type-variable"},"aioseo_notices":[],"jetpack_sharing_enabled":true,"_links":{"self":[{"href":"https:\/\/birdie.lv\/en\/wp-json\/wp\/v2\/product\/3744","targetHints":{"allow":["GET"]}}],"collection":[{"href":"https:\/\/birdie.lv\/en\/wp-json\/wp\/v2\/product"}],"about":[{"href":"https:\/\/birdie.lv\/en\/wp-json\/wp\/v2\/types\/product"}],"version-history":[{"count":1,"href":"https:\/\/birdie.lv\/en\/wp-json\/wp\/v2\/product\/3744\/revisions"}],"predecessor-version":[{"id":4944,"href":"https:\/\/birdie.lv\/en\/wp-json\/wp\/v2\/product\/3744\/revisions\/4944"}],"wp:featuredmedia":[{"embeddable":true,"href":"https:\/\/birdie.lv\/en\/wp-json\/wp\/v2\/media\/3748"}],"wp:attachment":[{"href":"https:\/\/birdie.lv\/en\/wp-json\/wp\/v2\/media?parent=3744"}],"wp:term":[{"taxonomy":"product_brand","embeddable":true,"href":"https:\/\/birdie.lv\/en\/wp-json\/wp\/v2\/product_brand?post=3744"},{"taxonomy":"product_cat","embeddable":true,"href":"https:\/\/birdie.lv\/en\/wp-json\/wp\/v2\/product_cat?post=3744"},{"taxonomy":"product_tag","embeddable":true,"href":"https:\/\/birdie.lv\/en\/wp-json\/wp\/v2\/product_tag?post=3744"}],"curies":[{"name":"wp","href":"https:\/\/api.w.org\/{rel}","templated":true}]}}