{"id":3820,"date":"2025-11-26T10:55:27","date_gmt":"2025-11-26T10:55:27","guid":{"rendered":"https:\/\/birdie.lv\/?post_type=product&#038;p=3820"},"modified":"2026-04-06T18:22:30","modified_gmt":"2026-04-06T18:22:30","slug":"hallux-proto-ricky-wisocky","status":"publish","type":"product","link":"https:\/\/birdie.lv\/en\/product\/hallux-proto-ricky-wisocky\/","title":{"rendered":"Discraft Hallux PROTO &#8211; Ricky Wysock"},"content":{"rendered":"<h5 class=\"\" data-path-to-node=\"7\"><b data-path-to-node=\"7\" data-index-in-node=\"0\">K\u0101p\u0113c Ricky Wysocki Hallux ir v\u0113rt\u012bgs papildin\u0101jums?<\/b><\/h5>\n<ul data-path-to-node=\"8\">\n<li>\n<p data-path-to-node=\"8,0,0\"><b class=\"\" data-path-to-node=\"8,0,0\" data-index-in-node=\"0\">Elites l\u012bme\u0146a stabilit\u0101te:<\/b><span class=\"\"> Hallux ir rad\u012bts,<\/span><span class=\"\"> lai iztur\u0113tu maksim\u0101lu griezes sp\u0113ku (<\/span><i class=\"\" data-path-to-node=\"8,0,0\" data-index-in-node=\"83\">torque<\/i><span class=\"\">).<\/span><span class=\"\"> Ar parametriem <\/span><b class=\"\" data-path-to-node=\"8,0,0\" data-index-in-node=\"107\">[10\/5\/0\/3]<\/b><span class=\"\">,<\/span><span class=\"\"> sp\u0113l\u0113t\u0101ji var pa\u013cauties uz t\u0101 sp\u0113ju piln\u012bb\u0101 pretoties nepl\u0101notam <\/span><i class=\"\" data-path-to-node=\"8,0,0\" data-index-in-node=\"184\">turn<\/i><span class=\"\"> un saglab\u0101t prec\u012bzu l\u012bniju pat sp\u0113c\u012bg\u0101kaj\u0101 pretv\u0113j\u0101.<\/span><\/p>\n<\/li>\n<li>\n<p data-path-to-node=\"8,1,0\"><b class=\"\" data-path-to-node=\"8,1,0\" data-index-in-node=\"0\">Sal\u012bdzin\u0101jums ar Anax:<\/b><span class=\"\"> Stabilit\u0101tes zi\u0146\u0101 Hallux novietojas blakus Paula Makbeta Anax,<\/span><span class=\"\"> ta\u010du pied\u0101v\u0101 nedaudz izteikt\u0101ku <\/span><i class=\"\" data-path-to-node=\"8,1,0\" data-index-in-node=\"118\">overstable<\/i><span class=\"\"> raksturu.<\/span><span class=\"\"> Tas ir ide\u0101ls &#8220;zelta vidusce\u013c\u0161&#8221; starp <\/span><i class=\"\" data-path-to-node=\"8,1,0\" data-index-in-node=\"177\">fairway<\/i><span class=\"\"> un \u0101trajiem distances draiveriem.<\/span><\/p>\n<\/li>\n<li>\n<p data-path-to-node=\"8,2,0\"><b class=\"\" data-path-to-node=\"8,2,0\" data-index-in-node=\"0\">Konsekvence un ergonomika:<\/b><span class=\"\"> Diskam ir t\u012bra,<\/span><span class=\"\"> p\u0101rliecino\u0161a mala un nedaudz kupolveida (<\/span><i class=\"\" data-path-to-node=\"8,2,0\" data-index-in-node=\"84\">domey<\/i><span class=\"\">) profils.<\/span><span class=\"\"> \u0160\u012b kombin\u0101cija nodro\u0161ina ne tikai \u0113rtu satv\u0113rienu,<\/span><span class=\"\"> bet ar\u012b konsekventu plan\u0113jumu un paredzamu lidojuma trajektoriju katr\u0101 metien\u0101.<\/span><\/p>\n<\/li>\n<li>\n<p data-path-to-node=\"8,3,0\"><b class=\"\" data-path-to-node=\"8,3,0\" data-index-in-node=\"0\">Jaudas un precizit\u0101tes balanss:<\/b><span class=\"\"> Hallux ir unik\u0101li piel\u0101gots Rikija sp\u0113lei,<\/span><span class=\"\"> nodro\u0161inot,<\/span><span class=\"\"> ka disks sp\u0113j tikt gal\u0101 ar elites l\u012bme\u0146a jaudu,<\/span><span class=\"\"> vienlaikus saglab\u0101jot &#8220;placement&#8221; precizit\u0101ti,<\/span><span class=\"\"> kas nepiecie\u0161ama sare\u017e\u0123\u012bt\u0101s tras\u0113s.<\/span><\/p>\n<\/li>\n<\/ul>\n<hr class=\"\" data-path-to-node=\"9\" \/>\n<h5 class=\"\" data-path-to-node=\"10\"><b data-path-to-node=\"10\" data-index-in-node=\"0\">Ofici\u0101lais Discraft raksturojums par Hallux prototipu<\/b><\/h5>\n<blockquote class=\"\" data-path-to-node=\"11\">\n<p data-path-to-node=\"11,0\">\u201cIzstr\u0101d\u0101ts p\u0113c Ricky specifik\u0101cij\u0101m, Hallux ir <i data-path-to-node=\"11,0\" data-index-in-node=\"48\">torque<\/i> iztur\u012bgs draiveris, kas nodro\u0161ina kontrol\u0113tu distanci. Sp\u0113l\u0113t\u0101ji var pa\u013cauties uz t\u0101 sp\u0113ju uztur\u0113t l\u012bniju pat pie lielas griezes. Tas ir instruments, kas apvieno jaudu ar precizit\u0101ti, ko pieprasa pasaules elites sp\u0113l\u0113t\u0101ji.\u201d<\/p>\n<\/blockquote>\n","protected":false},"excerpt":{"rendered":"<p class=\"first-token\" data-path-to-node=\"0\"><b class=\"\" data-path-to-node=\"5\" data-index-in-node=\"0\">Discraft Hallux<\/b><span class=\"\"> ir jaun\u0101kais prototips,<\/span><span class=\"\"> kas izstr\u0101d\u0101ts p\u0113c 2x pasaules \u010dempiona <\/span><b class=\"\" data-path-to-node=\"5\" data-index-in-node=\"80\">Ricky Wysocki<\/b><span class=\"\"> specifik\u0101cij\u0101m.<\/span><span class=\"\"> Ar lidojuma parametriem <\/span><b class=\"\" data-path-to-node=\"5\" data-index-in-node=\"134\">[10\/5\/0\/3]<\/b><span class=\"\">,<\/span><span class=\"\"> \u0161is jaud\u012bgais distances draiveris pied\u0101v\u0101 izcilu stabilit\u0101ti un kontroli,<\/span><span class=\"\"> pozicion\u0113jot sevi k\u0101 uzticamu,<\/span><span class=\"\"> nedaudz <\/span><i class=\"\" data-path-to-node=\"5\" data-index-in-node=\"259\">overstable<\/i><span class=\"\"> alternat\u012bvu popul\u0101rajam Anax modelim.<\/span><\/p>\n","protected":false},"featured_media":3824,"template":"","meta":{"om_disable_all_campaigns":false},"product_brand":[59],"product_cat":[48,67,51],"product_tag":[],"class_list":{"0":"post-3820","1":"product","2":"type-product","3":"status-publish","4":"has-post-thumbnail","6":"product_brand-discraft","7":"product_cat-diski","8":"product_cat-distance-drivers","9":"product_cat-izpardosana","11":"first","12":"instock","13":"sale","14":"taxable","15":"shipping-taxable","16":"purchasable","17":"product-type-variable"},"aioseo_notices":[],"jetpack_sharing_enabled":true,"_links":{"self":[{"href":"https:\/\/birdie.lv\/en\/wp-json\/wp\/v2\/product\/3820","targetHints":{"allow":["GET"]}}],"collection":[{"href":"https:\/\/birdie.lv\/en\/wp-json\/wp\/v2\/product"}],"about":[{"href":"https:\/\/birdie.lv\/en\/wp-json\/wp\/v2\/types\/product"}],"version-history":[{"count":2,"href":"https:\/\/birdie.lv\/en\/wp-json\/wp\/v2\/product\/3820\/revisions"}],"predecessor-version":[{"id":5059,"href":"https:\/\/birdie.lv\/en\/wp-json\/wp\/v2\/product\/3820\/revisions\/5059"}],"wp:featuredmedia":[{"embeddable":true,"href":"https:\/\/birdie.lv\/en\/wp-json\/wp\/v2\/media\/3824"}],"wp:attachment":[{"href":"https:\/\/birdie.lv\/en\/wp-json\/wp\/v2\/media?parent=3820"}],"wp:term":[{"taxonomy":"product_brand","embeddable":true,"href":"https:\/\/birdie.lv\/en\/wp-json\/wp\/v2\/product_brand?post=3820"},{"taxonomy":"product_cat","embeddable":true,"href":"https:\/\/birdie.lv\/en\/wp-json\/wp\/v2\/product_cat?post=3820"},{"taxonomy":"product_tag","embeddable":true,"href":"https:\/\/birdie.lv\/en\/wp-json\/wp\/v2\/product_tag?post=3820"}],"curies":[{"name":"wp","href":"https:\/\/api.w.org\/{rel}","templated":true}]}}