{"id":3866,"date":"2025-12-02T11:51:20","date_gmt":"2025-12-02T11:51:20","guid":{"rendered":"https:\/\/birdie.lv\/?post_type=product&#038;p=3866"},"modified":"2026-03-25T18:36:22","modified_gmt":"2026-03-25T18:36:22","slug":"gripeq-cs2","status":"publish","type":"product","link":"https:\/\/birdie.lv\/en\/product\/gripeq-cs2\/","title":{"rendered":"GRIPeq CS2"},"content":{"rendered":"<h5 data-path-to-node=\"1\">CS2 galven\u0101s funkcijas:<\/h5>\n<ul data-path-to-node=\"2\">\n<li>\n<p data-path-to-node=\"2,0,0\"><b data-path-to-node=\"2,0,0\" data-index-in-node=\"0\">Galvenais nodal\u012bjums:<\/b> Vieta 14 diskiem.<\/p>\n<\/li>\n<li>\n<p data-path-to-node=\"2,1,0\"><b data-path-to-node=\"2,1,0\" data-index-in-node=\"0\">\u0100tr\u0101s piek\u013cuves aug\u0161\u0113j\u0101 kabata:<\/b> Regul\u0113jama augstuma nodal\u012bjums ar r\u0101v\u0113jsl\u0113dz\u0113ju 2 puteriem (putters).<\/p>\n<\/li>\n<li>\n<p data-path-to-node=\"2,2,0\"><b data-path-to-node=\"2,2,0\" data-index-in-node=\"0\">Iztur\u012bgas plecu siksnas:<\/b> 1000D konstrukcija ar kr\u016b\u0161u siksnu stabilit\u0101tei.<\/p>\n<\/li>\n<li>\n<p data-path-to-node=\"2,3,0\"><b data-path-to-node=\"2,3,0\" data-index-in-node=\"0\">Komforts visas dienas garum\u0101:<\/b> Augsta bl\u012bvuma EVA putu plecu polster\u0113jums.<\/p>\n<\/li>\n<li>\n<p data-path-to-node=\"2,4,0\"><b data-path-to-node=\"2,4,0\" data-index-in-node=\"0\">Ergonomisks dizains:<\/b> Dubultplatuma m\u012bkst\u0101 apkakles da\u013ca papildu \u0113rt\u012bbai.<\/p>\n<\/li>\n<li>\n<p data-path-to-node=\"2,5,0\"><b data-path-to-node=\"2,5,0\" data-index-in-node=\"0\">Premium materi\u0101lu salikums:<\/b> Iztur\u012bga divsl\u0101\u0146u 1000D un 420D neilona auduma konstrukcija.<\/p>\n<\/li>\n<li>\n<p data-path-to-node=\"2,6,0\"><b data-path-to-node=\"2,6,0\" data-index-in-node=\"0\">Dro\u0161a v\u0113rt\u012bgo lietu kabata:<\/b> Nodal\u012bjums ar r\u0101v\u0113jsl\u0113dz\u0113ju un speci\u0101lu siksni\u0146u atsl\u0113gu piestiprin\u0101\u0161anai.<\/p>\n<\/li>\n<li>\n<p data-path-to-node=\"2,7,0\"><b data-path-to-node=\"2,7,0\" data-index-in-node=\"0\">Personaliz\u0101cijas iesp\u0113jas:<\/b> Pla\u0161s Velcro\u00ae laukums embl\u0113m\u0101m (patches) un piespraud\u0113m.<\/p>\n<\/li>\n<li>\n<p data-path-to-node=\"2,8,0\"><b data-path-to-node=\"2,8,0\" data-index-in-node=\"0\">Daudzfunkcion\u0101las s\u0101nu kabatas:<\/b> Ar r\u0101v\u0113jsl\u0113dz\u0113ju aiztais\u0101mas kabatas, kas kalpo gan invent\u0101ram, gan k\u0101 elast\u012bgi pude\u013cu tur\u0113t\u0101ji.<\/p>\n<\/li>\n<li>\n<p data-path-to-node=\"2,9,0\"><b data-path-to-node=\"2,9,0\" data-index-in-node=\"0\">Augst\u0101k\u0101s klases furnit\u016bra:<\/b> 100% uzticami YKK\u00ae r\u0101v\u0113jsl\u0113dz\u0113ji un neilona DURAFLEX\u2122 Woojin\u2122 deta\u013cas.<\/p>\n<\/li>\n<li>\n<p data-path-to-node=\"2,10,0\"><b data-path-to-node=\"2,10,0\" data-index-in-node=\"0\">Original GRIPeq polster\u0113ta muguras kabata:<\/b> Papildu atbalsts un komforts jostasvietas rajon\u0101.<\/p>\n<\/li>\n<\/ul>\n<p data-path-to-node=\"3\"><b data-path-to-node=\"3\" data-index-in-node=\"0\">Izm\u0113ri un svars:<\/b><\/p>\n<ul data-path-to-node=\"4\">\n<li>\n<p data-path-to-node=\"4,0,0\"><b data-path-to-node=\"4,0,0\" data-index-in-node=\"0\">Izm\u0113ri:<\/b> Augstums 51 cm; Platums 33 cm; Dzi\u013cums 23 cm.<\/p>\n<\/li>\n<li>\n<p data-path-to-node=\"4,1,0\"><b data-path-to-node=\"4,1,0\" data-index-in-node=\"0\">Svars:<\/b> 1,68 kg.<\/p>\n<\/li>\n<\/ul>","protected":false},"excerpt":{"rendered":"<p>CS2 soma ir veidota t\u0101, lai b\u016btu viegla un viegli manevr\u0113jama visiem sp\u0113l\u0113t\u0101ju tipiem. Tai ir daudz vietas nepiecie\u0161amo lietu p\u0101rn\u0113s\u0101\u0161anai visa raunda laik\u0101, padarot to par \u0113rtu somu, ko vienm\u0113r var \u0101tri pa\u0146emt l\u012bdzi, kad esi gatavs doties sp\u0113l\u0113t.<\/p>\n<p><strong>Somas pieg\u0101des termi\u0146\u0161 1 ned\u0113\u013ca.\u00a0<\/strong><\/p>","protected":false},"featured_media":3871,"template":"","meta":{"om_disable_all_campaigns":false},"product_brand":[305],"product_cat":[49],"product_tag":[],"class_list":{"0":"post-3866","1":"product","2":"type-product","3":"status-publish","4":"has-post-thumbnail","6":"product_brand-gripeq","7":"product_cat-somas","8":"product_shipping_class-smagas","10":"first","11":"outofstock","12":"sale","13":"taxable","14":"shipping-taxable","15":"purchasable","16":"product-type-variable"},"aioseo_notices":[],"jetpack_sharing_enabled":true,"_links":{"self":[{"href":"https:\/\/birdie.lv\/en\/wp-json\/wp\/v2\/product\/3866","targetHints":{"allow":["GET"]}}],"collection":[{"href":"https:\/\/birdie.lv\/en\/wp-json\/wp\/v2\/product"}],"about":[{"href":"https:\/\/birdie.lv\/en\/wp-json\/wp\/v2\/types\/product"}],"version-history":[{"count":2,"href":"https:\/\/birdie.lv\/en\/wp-json\/wp\/v2\/product\/3866\/revisions"}],"predecessor-version":[{"id":4948,"href":"https:\/\/birdie.lv\/en\/wp-json\/wp\/v2\/product\/3866\/revisions\/4948"}],"wp:featuredmedia":[{"embeddable":true,"href":"https:\/\/birdie.lv\/en\/wp-json\/wp\/v2\/media\/3871"}],"wp:attachment":[{"href":"https:\/\/birdie.lv\/en\/wp-json\/wp\/v2\/media?parent=3866"}],"wp:term":[{"taxonomy":"product_brand","embeddable":true,"href":"https:\/\/birdie.lv\/en\/wp-json\/wp\/v2\/product_brand?post=3866"},{"taxonomy":"product_cat","embeddable":true,"href":"https:\/\/birdie.lv\/en\/wp-json\/wp\/v2\/product_cat?post=3866"},{"taxonomy":"product_tag","embeddable":true,"href":"https:\/\/birdie.lv\/en\/wp-json\/wp\/v2\/product_tag?post=3866"}],"curies":[{"name":"wp","href":"https:\/\/api.w.org\/{rel}","templated":true}]}}