{"id":4597,"date":"2026-03-06T19:48:26","date_gmt":"2026-03-06T19:48:26","guid":{"rendered":"https:\/\/birdie.lv\/?post_type=product&#038;p=4597"},"modified":"2026-03-09T07:40:07","modified_gmt":"2026-03-09T07:40:07","slug":"innova-discatcher-ez","status":"publish","type":"product","link":"https:\/\/birdie.lv\/en\/product\/innova-discatcher-ez\/","title":{"rendered":"Innova DisCatcher EZ"},"content":{"rendered":"<p data-start=\"424\" data-end=\"657\">Grozs apr\u012bkots ar <strong data-start=\"442\" data-end=\"473\">24 \u0137\u0113\u017eu uztver\u0161anas sist\u0113mu<\/strong> (12 iek\u0161\u0113j\u0101s un 12 \u0101r\u0113j\u0101s), kas pal\u012bdz dro\u0161i no\u0137ert diskus un nodro\u0161ina stabilu iemetienu treni\u0146u. T\u0101 <strong data-start=\"576\" data-end=\"600\">t\u0113rauda konstrukcija<\/strong> un pulverkr\u0101sot\u0101 virsma nodro\u0161ina iztur\u012bbu un ilgm\u016b\u017e\u012bbu.<\/p>\n<p data-start=\"659\" data-end=\"808\">DISCatcher\u00ae EZ sast\u0101v no <strong data-start=\"684\" data-end=\"699\">se\u0161\u0101m da\u013c\u0101m<\/strong>, kuras viegli savienot, t\u0101p\u0113c grozu var \u0101tri sagatavot sp\u0113lei un tikpat vienk\u0101r\u0161i transport\u0113t uz citu vietu.<\/p>\n<p data-start=\"898\" data-end=\"919\"><strong data-start=\"898\" data-end=\"919\">Produkta \u012bpa\u0161\u012bbas<\/strong><\/p>\n<ul data-start=\"921\" data-end=\"1307\">\n<li data-section-id=\"1woxgn7\" data-start=\"921\" data-end=\"996\">\n<p data-start=\"923\" data-end=\"996\">Saliekams <strong data-start=\"933\" data-end=\"951\">6 da\u013cu dizains<\/strong>, uzst\u0101d\u012b\u0161anai nav nepiecie\u0161ami instrumenti<\/p>\n<\/li>\n<li data-section-id=\"17b8rx2\" data-start=\"997\" data-end=\"1040\">\n<p data-start=\"999\" data-end=\"1040\"><strong data-start=\"999\" data-end=\"1020\">PDGA apstiprin\u0101ts<\/strong> disku golfa grozs<\/p>\n<\/li>\n<li data-section-id=\"1xyoful\" data-start=\"1041\" data-end=\"1109\">\n<p data-start=\"1043\" data-end=\"1109\"><strong data-start=\"1043\" data-end=\"1064\">24 cinkotas \u0137\u0113des<\/strong> (12 iek\u0161\u0113j\u0101s + 12 \u0101r\u0113j\u0101s) uztver\u0161anas zon\u0101<\/p>\n<\/li>\n<li data-section-id=\"lt57el\" data-start=\"1110\" data-end=\"1165\">\n<p data-start=\"1112\" data-end=\"1165\">Paman\u0101ma <strong data-start=\"1121\" data-end=\"1163\">6,35 cm aug\u0161\u0113j\u0101 josla ar Innova z\u012bmolu<\/strong><\/p>\n<\/li>\n<li data-section-id=\"bgxr9d\" data-start=\"1166\" data-end=\"1211\">\n<p data-start=\"1168\" data-end=\"1211\">Stabils <strong data-start=\"1176\" data-end=\"1209\">t\u0113rauda r\u0101mis un konstrukcija<\/strong><\/p>\n<\/li>\n<li data-section-id=\"17jsk8i\" data-start=\"1212\" data-end=\"1259\">\n<p data-start=\"1214\" data-end=\"1259\"><strong data-start=\"1214\" data-end=\"1242\">Pulverkr\u0101sots p\u0101rkl\u0101jums<\/strong> da\u017e\u0101d\u0101s kr\u0101s\u0101s (standart\u0101 dzeltena, p\u0113c pieprasijuma citas &#8211; rakst\u012bt, zvan\u012bt)<\/p>\n<\/li>\n<li data-section-id=\"19g78uq\" data-start=\"1260\" data-end=\"1307\">\n<p data-start=\"1262\" data-end=\"1307\">\u0100tri saliekams un \u0113rti p\u0101rvietojams treni\u0146iem<\/p>\n<\/li>\n<\/ul>","protected":false},"excerpt":{"rendered":"<p><strong data-start=\"199\" data-end=\"224\">Innova DISCatcher\u00ae EZ<\/strong> ir praktisks un iztur\u012bgs disku golfa grozs, kas paredz\u0113ts treni\u0146iem un sp\u0113lei da\u017e\u0101d\u0101s viet\u0101s. Pateicoties vienk\u0101r\u0161ajai konstrukcijai, grozu iesp\u0113jams salikt \u013coti \u0101tri \u2013 bez jebk\u0101diem instrumentiem.<\/p>","protected":false},"featured_media":4599,"template":"","meta":{"om_disable_all_campaigns":false},"product_brand":[53],"product_cat":[370,284],"product_tag":[],"class_list":{"0":"post-4597","1":"product","2":"type-product","3":"status-publish","4":"has-post-thumbnail","6":"product_brand-innova","7":"product_cat-grozi","8":"product_cat-new","10":"first","11":"instock","12":"taxable","13":"shipping-taxable","14":"purchasable","15":"product-type-simple"},"aioseo_notices":[],"jetpack_sharing_enabled":true,"_links":{"self":[{"href":"https:\/\/birdie.lv\/en\/wp-json\/wp\/v2\/product\/4597","targetHints":{"allow":["GET"]}}],"collection":[{"href":"https:\/\/birdie.lv\/en\/wp-json\/wp\/v2\/product"}],"about":[{"href":"https:\/\/birdie.lv\/en\/wp-json\/wp\/v2\/types\/product"}],"version-history":[{"count":3,"href":"https:\/\/birdie.lv\/en\/wp-json\/wp\/v2\/product\/4597\/revisions"}],"predecessor-version":[{"id":4900,"href":"https:\/\/birdie.lv\/en\/wp-json\/wp\/v2\/product\/4597\/revisions\/4900"}],"wp:featuredmedia":[{"embeddable":true,"href":"https:\/\/birdie.lv\/en\/wp-json\/wp\/v2\/media\/4599"}],"wp:attachment":[{"href":"https:\/\/birdie.lv\/en\/wp-json\/wp\/v2\/media?parent=4597"}],"wp:term":[{"taxonomy":"product_brand","embeddable":true,"href":"https:\/\/birdie.lv\/en\/wp-json\/wp\/v2\/product_brand?post=4597"},{"taxonomy":"product_cat","embeddable":true,"href":"https:\/\/birdie.lv\/en\/wp-json\/wp\/v2\/product_cat?post=4597"},{"taxonomy":"product_tag","embeddable":true,"href":"https:\/\/birdie.lv\/en\/wp-json\/wp\/v2\/product_tag?post=4597"}],"curies":[{"name":"wp","href":"https:\/\/api.w.org\/{rel}","templated":true}]}}