{"id":4637,"date":"2026-03-06T20:21:17","date_gmt":"2026-03-06T20:21:17","guid":{"rendered":"https:\/\/birdie.lv\/?post_type=product&#038;p=4637"},"modified":"2026-03-27T19:20:08","modified_gmt":"2026-03-27T19:20:08","slug":"innova-halo-star-fox","status":"publish","type":"product","link":"https:\/\/birdie.lv\/en\/product\/innova-halo-star-fox\/","title":{"rendered":"Innova Halo Star Fox"},"content":{"rendered":"<div class=\"container\">\n<div id=\"model-response-message-contentr_7b88b94e74675128\" class=\"markdown markdown-main-panel stronger enable-updated-hr-color\" dir=\"ltr\" aria-live=\"polite\" aria-busy=\"false\">\n<h5 data-path-to-node=\"3\"><b data-path-to-node=\"7\" data-index-in-node=\"0\">K\u0101p\u0113c Innova Halo Star Fox ir oblig\u0101ts papildin\u0101jums?<\/b><\/h5>\n<ul data-path-to-node=\"8\">\n<li>\n<p data-path-to-node=\"8,0,0\"><b data-path-to-node=\"8,0,0\" data-index-in-node=\"0\">Nep\u0101rsp\u0113jams Glide 6:<\/b> Fox nes t\u0101l\u0101k, nek\u0101 tu gaid\u012btu no 5. \u0101truma diska. Tas saglab\u0101 midrange precizit\u0101ti, bet pied\u0101v\u0101 distanci, kas robe\u017eojas ar draiveru iesp\u0113j\u0101m.<\/p>\n<\/li>\n<li>\n<p data-path-to-node=\"8,1,0\"><b data-path-to-node=\"8,1,0\" data-index-in-node=\"0\">\u0112rtums un ergonomika:<\/b> Fox ir pl\u0101ns un \u0113rts rok\u0101, kas ir ide\u0101li piem\u0113rots sp\u0113l\u0113t\u0101jiem ar maz\u0101k\u0101m rok\u0101m vai tiem, kuri dod priek\u0161roku sekl\u0101kam diska profilam.<\/p>\n<\/li>\n<li>\n<p data-path-to-node=\"8,2,0\"><b data-path-to-node=\"8,2,0\" data-index-in-node=\"0\">Hyzer-flip speci\u0101lists:<\/b> Ar parametriem <b data-path-to-node=\"8,2,0\" data-index-in-node=\"39\">[5\/6\/-2\/1]<\/b>, Fox ir rad\u012bts gariem, taisniem <i data-path-to-node=\"8,2,0\" data-index-in-node=\"82\">hyzer-flip<\/i> metieniem un gludiem <i data-path-to-node=\"8,2,0\" data-index-in-node=\"114\">turnover<\/i> lidojumiem. Tas novietojas blakus Mako3 k\u0101 nedaudz &#8220;flippier&#8221; un dinamisk\u0101ks radinieks.<\/p>\n<\/li>\n<li>\n<p data-path-to-node=\"8,3,0\"><b data-path-to-node=\"8,3,0\" data-index-in-node=\"0\">Halo Star premium plastmasa:<\/b> Halo Star s\u0113rija ne tikai izskat\u0101s iespaid\u012bgi ar savu kontrast\u0113jo\u0161o malu, bet ar\u012b nodro\u0161ina izcilu sa\u0137eri un ilgm\u016b\u017e\u012bbu, saglab\u0101jot diska lidojuma \u012bpa\u0161\u012bbas pat p\u0113c intens\u012bvas lieto\u0161anas.<\/p>\n<\/li>\n<\/ul>\n<hr data-path-to-node=\"9\" \/>\n<h5 data-path-to-node=\"10\"><b data-path-to-node=\"10\" data-index-in-node=\"0\">Ofici\u0101lais Innova Discs raksturojums<\/b><\/h5>\n<blockquote data-path-to-node=\"11\">\n<p data-path-to-node=\"11,0\">\u201cIepaz\u012bsties ar Fox \u2013 midrange disku, kas dom\u0101, ka tas ir fairway draiveris. Tas izce\u013cas k\u0101 taisnu l\u012bniju meistars, kas nosl\u0113dzas ar maigu, uz priek\u0161u v\u0113rstu <i data-path-to-node=\"11,0\" data-index-in-node=\"158\">fade<\/i>. Fox ir visvair\u0101k <i data-path-to-node=\"11,0\" data-index-in-node=\"181\">glideo\u0161ais<\/i> midrange disks tav\u0101 som\u0101, \u013caujot uztic\u0113ties katram metienam no pirm\u0101s reizes.\u201d<\/p>\n<\/blockquote>\n<\/div>\n<\/div>\n","protected":false},"excerpt":{"rendered":"<p data-path-to-node=\"5\"><b class=\"\" data-path-to-node=\"5\" data-index-in-node=\"0\">Innova Fox<\/b><span class=\"\"> ir revolucion\u0101rs <\/span><b class=\"\" data-path-to-node=\"5\" data-index-in-node=\"28\">midrange disks<\/b><span class=\"\"> ar lidojuma parametriem <\/span><b class=\"\" data-path-to-node=\"5\" data-index-in-node=\"67\">[5\/6\/-2\/1]<\/b><span class=\"\">,<\/span><span class=\"\"> kas burtiski &#8220;lido k\u0101 fairway draiveris&#8221;.<\/span><span class=\"\"> Pateicoties iespaid\u012bgajam <\/span><b class=\"\" data-path-to-node=\"5\" data-index-in-node=\"147\">6 glide<\/b><span class=\"\">,<\/span><span class=\"\"> \u0161is disks pied\u0101v\u0101 nep\u0101rsp\u0113jamu distanci un kontroli,<\/span><span class=\"\"> padarot to par vienu no visvair\u0101k plan\u0113jo\u0161ajiem vid\u0113j\u0101 att\u0101luma diskiem tirg\u016b.<\/span><\/p>\n","protected":false},"featured_media":4648,"template":"","meta":{"om_disable_all_campaigns":false},"product_brand":[53],"product_cat":[48,284,65,396],"product_tag":[],"class_list":{"0":"post-4637","1":"product","2":"type-product","3":"status-publish","4":"has-post-thumbnail","6":"product_brand-innova","7":"product_cat-diski","8":"product_cat-new","9":"product_cat-midrange","10":"product_cat-restock","12":"first","13":"instock","14":"taxable","15":"shipping-taxable","16":"purchasable","17":"product-type-variable"},"aioseo_notices":[],"jetpack_sharing_enabled":true,"_links":{"self":[{"href":"https:\/\/birdie.lv\/en\/wp-json\/wp\/v2\/product\/4637","targetHints":{"allow":["GET"]}}],"collection":[{"href":"https:\/\/birdie.lv\/en\/wp-json\/wp\/v2\/product"}],"about":[{"href":"https:\/\/birdie.lv\/en\/wp-json\/wp\/v2\/types\/product"}],"version-history":[{"count":4,"href":"https:\/\/birdie.lv\/en\/wp-json\/wp\/v2\/product\/4637\/revisions"}],"predecessor-version":[{"id":5056,"href":"https:\/\/birdie.lv\/en\/wp-json\/wp\/v2\/product\/4637\/revisions\/5056"}],"wp:featuredmedia":[{"embeddable":true,"href":"https:\/\/birdie.lv\/en\/wp-json\/wp\/v2\/media\/4648"}],"wp:attachment":[{"href":"https:\/\/birdie.lv\/en\/wp-json\/wp\/v2\/media?parent=4637"}],"wp:term":[{"taxonomy":"product_brand","embeddable":true,"href":"https:\/\/birdie.lv\/en\/wp-json\/wp\/v2\/product_brand?post=4637"},{"taxonomy":"product_cat","embeddable":true,"href":"https:\/\/birdie.lv\/en\/wp-json\/wp\/v2\/product_cat?post=4637"},{"taxonomy":"product_tag","embeddable":true,"href":"https:\/\/birdie.lv\/en\/wp-json\/wp\/v2\/product_tag?post=4637"}],"curies":[{"name":"wp","href":"https:\/\/api.w.org\/{rel}","templated":true}]}}