{"id":4737,"date":"2026-03-07T07:22:20","date_gmt":"2026-03-07T07:22:20","guid":{"rendered":"https:\/\/birdie.lv\/?post_type=product&#038;p=4737"},"modified":"2026-04-06T18:22:43","modified_gmt":"2026-04-06T18:22:43","slug":"discraft-proto-fossil","status":"publish","type":"product","link":"https:\/\/birdie.lv\/en\/product\/discraft-proto-fossil\/","title":{"rendered":"Discraft Proto Fossil"},"content":{"rendered":"<h5 data-path-to-node=\"7\"><b data-path-to-node=\"7\" data-index-in-node=\"0\">K\u0101p\u0113c Ricky Wysocki Fossil ir n\u0101kamais l\u012bmenis tavai approach sp\u0113lei?<\/b><\/h5>\n<ul data-path-to-node=\"8\">\n<li>\n<p data-path-to-node=\"8,0,0\"><b data-path-to-node=\"8,0,0\" data-index-in-node=\"0\">\u010cempiona izv\u0113le:<\/b> Visi zina, ko Rikijs sp\u0113j ar t\u0101diem diskiem k\u0101 Harp vai Pig. Fossil ir \u0161\u012bs pieredzes kulmin\u0101cija \u2013 disks, kas rad\u012bts, lai k\u013c\u016btu par neat\u0146emamu vieta sast\u0101vda\u013cu un jaunu standartu <i data-path-to-node=\"8,0,0\" data-index-in-node=\"196\">overstable<\/i> pieg\u0101jieniem.<\/p>\n<\/li>\n<li>\n<p data-path-to-node=\"8,1,0\"><b data-path-to-node=\"8,1,0\" data-index-in-node=\"0\">Unik\u0101la ringer-top konstrukcija:<\/b> Fossil izce\u013cas ar specifisku &#8220;ringer&#8221; tipa aug\u0161\u0113jo profilu, kas uzlabo sa\u0137eri un metiena saj\u016btu. Papildus tam, disks ir apr\u012bkots ar <i data-path-to-node=\"8,1,0\" data-index-in-node=\"165\">micro-bead<\/i>, kas nodro\u0161ina konsekventu izmetienu un ilgsto\u0161u stabilit\u0101ti.<\/p>\n<\/li>\n<li>\n<p data-path-to-node=\"8,2,0\"><b data-path-to-node=\"8,2,0\" data-index-in-node=\"0\">Pretest\u012bba griezes sp\u0113kam (Torque Resistance):<\/b> Pateicoties parametriem <b data-path-to-node=\"8,2,0\" data-index-in-node=\"71\">[3\/1\/0\/3]<\/b>, Fossil nepadodas pat sp\u0113c\u012bg\u0101kajiem metieniem vai br\u0101zmainam v\u0113jam. Tas ir vienl\u012bdz uzticams gan <i data-path-to-node=\"8,2,0\" data-index-in-node=\"178\">forehand<\/i>, gan <i data-path-to-node=\"8,2,0\" data-index-in-node=\"192\">backhand<\/i> tehnik\u0101.<\/p>\n<\/li>\n<li>\n<p data-path-to-node=\"8,3,0\"><b data-path-to-node=\"8,3,0\" data-index-in-node=\"0\">Prec\u012bza novieto\u0161ana (Placement):<\/b> Diska l\u0113nais un m\u0113r\u0137tiec\u012bgais lidojuma temps ne\u013cauj tam p\u0101rlidot m\u0113r\u0137i. Tas ir ide\u0101li piem\u0113rots kontrol\u0113tiem metieniem, kuros precizit\u0101te ir svar\u012bg\u0101ka par distanci.<\/p>\n<\/li>\n<\/ul>\n<hr data-path-to-node=\"9\" \/>\n<h5 data-path-to-node=\"10\"><b data-path-to-node=\"10\" data-index-in-node=\"0\">Ofici\u0101lais Discraft raksturojums par Fossil prototipu<\/b><\/h5>\n<blockquote data-path-to-node=\"11\">\n<p data-path-to-node=\"11,0\">\u201cFossil ir Ricky Wysocki prototipa putt un approach disks. Tas ir izstr\u0101d\u0101ts k\u0101 uzticama, l\u0113ni lidojo\u0161a un overstable izv\u0113le ar uzticamu pretest\u012bbu torque ietekmei. \u0160is disks aizpilda vajadz\u012bbu p\u0113c stabila placement metiena, kad precizit\u0101te uz za\u013c\u0101s zonas ir vissvar\u012bg\u0101k\u0101.\u201d<\/p>\n<\/blockquote>\n","protected":false},"excerpt":{"rendered":"<p data-path-to-node=\"5\"><b class=\"\" data-path-to-node=\"5\" data-index-in-node=\"0\">Discraft Fossil<\/b><span class=\"\"> ir jaun\u0101kais prototips un 2x pasaules \u010dempiona <\/span><b class=\"\" data-path-to-node=\"5\" data-index-in-node=\"63\">Ricky Wysocki<\/b><span class=\"\"> paraksta s\u0113rijas disks.<\/span><span class=\"\"> Ar lidojuma parametriem <\/span><b class=\"\" data-path-to-node=\"5\" data-index-in-node=\"125\">[3\/1\/0\/3]<\/b><span class=\"\">,<\/span><span class=\"\"> Fossil ir rad\u012bts k\u0101 l\u0113ns,<\/span><span class=\"\"> \u012bpa\u0161i stabils (<\/span><i class=\"\" data-path-to-node=\"5\" data-index-in-node=\"177\">overstable<\/i><span class=\"\">) r\u012bks,<\/span><span class=\"\"> kas nodro\u0161ina maksim\u0101lu kontroli un precizit\u0101ti katr\u0101 pieg\u0101jiena metien\u0101.<\/span><\/p>\n","protected":false},"featured_media":4743,"template":"","meta":{"om_disable_all_campaigns":false},"product_brand":[59],"product_cat":[48,51,396,64],"product_tag":[],"class_list":{"0":"post-4737","1":"product","2":"type-product","3":"status-publish","4":"has-post-thumbnail","6":"product_brand-discraft","7":"product_cat-diski","8":"product_cat-izpardosana","9":"product_cat-restock","10":"product_cat-putter-approach","12":"first","13":"instock","14":"sale","15":"taxable","16":"shipping-taxable","17":"purchasable","18":"product-type-variable"},"aioseo_notices":[],"jetpack_sharing_enabled":true,"_links":{"self":[{"href":"https:\/\/birdie.lv\/en\/wp-json\/wp\/v2\/product\/4737","targetHints":{"allow":["GET"]}}],"collection":[{"href":"https:\/\/birdie.lv\/en\/wp-json\/wp\/v2\/product"}],"about":[{"href":"https:\/\/birdie.lv\/en\/wp-json\/wp\/v2\/types\/product"}],"version-history":[{"count":3,"href":"https:\/\/birdie.lv\/en\/wp-json\/wp\/v2\/product\/4737\/revisions"}],"predecessor-version":[{"id":5053,"href":"https:\/\/birdie.lv\/en\/wp-json\/wp\/v2\/product\/4737\/revisions\/5053"}],"wp:featuredmedia":[{"embeddable":true,"href":"https:\/\/birdie.lv\/en\/wp-json\/wp\/v2\/media\/4743"}],"wp:attachment":[{"href":"https:\/\/birdie.lv\/en\/wp-json\/wp\/v2\/media?parent=4737"}],"wp:term":[{"taxonomy":"product_brand","embeddable":true,"href":"https:\/\/birdie.lv\/en\/wp-json\/wp\/v2\/product_brand?post=4737"},{"taxonomy":"product_cat","embeddable":true,"href":"https:\/\/birdie.lv\/en\/wp-json\/wp\/v2\/product_cat?post=4737"},{"taxonomy":"product_tag","embeddable":true,"href":"https:\/\/birdie.lv\/en\/wp-json\/wp\/v2\/product_tag?post=4737"}],"curies":[{"name":"wp","href":"https:\/\/api.w.org\/{rel}","templated":true}]}}