{"id":4748,"date":"2026-03-07T07:38:42","date_gmt":"2026-03-07T07:38:42","guid":{"rendered":"https:\/\/birdie.lv\/?post_type=product&#038;p=4748"},"modified":"2026-03-27T19:15:32","modified_gmt":"2026-03-27T19:15:32","slug":"mvp-neutron-soft-glitch","status":"publish","type":"product","link":"https:\/\/birdie.lv\/en\/product\/mvp-neutron-soft-glitch\/","title":{"rendered":"MVP Neutron Soft Glitch"},"content":{"rendered":"<h5 data-path-to-node=\"7\"><b data-path-to-node=\"7\" data-index-in-node=\"0\">K\u0101p\u0113c MVP Glitch ir nepiecie\u0161ams ikviena sp\u0113l\u0113t\u0101ja som\u0101?<\/b><\/h5>\n<ul data-path-to-node=\"8\">\n<li>\n<p data-path-to-node=\"8,0,0\"><b data-path-to-node=\"8,0,0\" data-index-in-node=\"0\">&#8220;Point-and-Shoot&#8221; defin\u012bcija:<\/b> Glitch ir rad\u012bts maksim\u0101lai precizit\u0101tei. Tas ir viens no plan\u0113jo\u0161\u0101kajiem un taisn\u0101kajiem diskiem pasaul\u0113 \u2013 pietiek ar vieglu plaukstas loc\u012btavas kust\u012bbu, lai disks veiktu garu un stabilu lidojumu.<\/p>\n<\/li>\n<li>\n<p data-path-to-node=\"8,1,0\"><b data-path-to-node=\"8,1,0\" data-index-in-node=\"0\">Hibr\u012bda funkcionalit\u0101te:<\/b> Glitch diametrs atbilst disku golfa putera standartiem un tas ir <b data-path-to-node=\"8,1,0\" data-index-in-node=\"90\">PDGA apstiprin\u0101ts<\/b>, padarot to leg\u0101lu turn\u012bros. Taj\u0101 pa\u0161\u0101 laik\u0101 tas ir izcils disks, ko m\u0113t\u0101t pludmal\u0113 vai park\u0101 ar draugiem.<\/p>\n<\/li>\n<li>\n<p data-path-to-node=\"8,2,0\"><b data-path-to-node=\"8,2,0\" data-index-in-node=\"0\">Neutron Soft plastmasas priek\u0161roc\u012bbas:<\/b> M\u012bkstais un elast\u012bgais materi\u0101ls padara disku viegli notveramu, bet sp\u0113l\u0113 tas kalpo k\u0101 izcils <i data-path-to-node=\"8,2,0\" data-index-in-node=\"133\">approach<\/i> jeb pieg\u0101jiena disks. Neutron Soft plastmasa burtiski &#8220;piel\u012bp&#8221; zemei piezem\u0113\u0161an\u0101s br\u012bd\u012b, nov\u0113r\u0161ot lieku ripo\u0161anu.<\/p>\n<\/li>\n<li>\n<p data-path-to-node=\"8,3,0\"><b data-path-to-node=\"8,3,0\" data-index-in-node=\"0\">Ide\u0101ls scramble un touch metieniem:<\/b> Kad atrodies sare\u017e\u0123\u012bt\u0101 situ\u0101cij\u0101 me\u017e\u0101, Glitch l\u0113nais \u0101trums un milz\u012bgais plan\u0113jums \u013cauj veikt tehniskus metienus ar minim\u0101lu piep\u016bli, dro\u0161i sasniedzot grozu.<\/p>\n<\/li>\n<\/ul>\n<hr data-path-to-node=\"9\" \/>\n<h5 data-path-to-node=\"10\"><b data-path-to-node=\"10\" data-index-in-node=\"0\">MVP par Glitch modeli<\/b><\/h5>\n<blockquote data-path-to-node=\"11\">\n<p data-path-to-node=\"11,0\">\u201cGlitch ir n\u0101kamais lielais eksperiments no m\u016bsu laboratorijas. Tas ir rad\u012bts, lai apvienotu lab\u0101ko no ab\u0101m pasaul\u0113m. Ar parametriem <b data-path-to-node=\"11,0\" data-index-in-node=\"133\">[1\/7\/0\/0]<\/b>, tas ir pirmais MVP disks ar 7. plan\u0113juma koeficientu. Neatkar\u012bgi no t\u0101, vai t\u0101 ir sp\u0113le pludmal\u0113 vai prec\u012bzs pieg\u0101jiena metiens uz za\u013c\u0101s zonas, Glitch izpild\u012bs uzdevumu nevainojami.\u201d<\/p>\n<\/blockquote>\n","protected":false},"excerpt":{"rendered":"<p data-path-to-node=\"5\"><b data-path-to-node=\"5\" data-index-in-node=\"0\">MVP Glitch<\/b> ir unik\u0101ls hibr\u012bda disks, kas nojauc robe\u017eas starp profesion\u0101lo disku golfu un klasisko &#8220;catch&#8221; disku. Ar neticamiem lidojuma parametriem <b data-path-to-node=\"5\" data-index-in-node=\"149\">[1\/7\/0\/0]<\/b>, tas ir pirmais disks MVP v\u0113stur\u0113 ar <b data-path-to-node=\"5\" data-index-in-node=\"196\">7 glide<\/b>, pied\u0101v\u0101jot taisn\u0101ko un viegl\u0101ko lidojumu tirg\u016b.<\/p>\n","protected":false},"featured_media":4967,"template":"","meta":{"om_disable_all_campaigns":false},"product_brand":[57],"product_cat":[48,396,64],"product_tag":[],"class_list":{"0":"post-4748","1":"product","2":"type-product","3":"status-publish","4":"has-post-thumbnail","6":"product_brand-mvp","7":"product_cat-diski","8":"product_cat-restock","9":"product_cat-putter-approach","11":"first","12":"instock","13":"taxable","14":"shipping-taxable","15":"purchasable","16":"product-type-variable"},"aioseo_notices":[],"jetpack_sharing_enabled":true,"_links":{"self":[{"href":"https:\/\/birdie.lv\/en\/wp-json\/wp\/v2\/product\/4748","targetHints":{"allow":["GET"]}}],"collection":[{"href":"https:\/\/birdie.lv\/en\/wp-json\/wp\/v2\/product"}],"about":[{"href":"https:\/\/birdie.lv\/en\/wp-json\/wp\/v2\/types\/product"}],"version-history":[{"count":4,"href":"https:\/\/birdie.lv\/en\/wp-json\/wp\/v2\/product\/4748\/revisions"}],"predecessor-version":[{"id":5050,"href":"https:\/\/birdie.lv\/en\/wp-json\/wp\/v2\/product\/4748\/revisions\/5050"}],"wp:featuredmedia":[{"embeddable":true,"href":"https:\/\/birdie.lv\/en\/wp-json\/wp\/v2\/media\/4967"}],"wp:attachment":[{"href":"https:\/\/birdie.lv\/en\/wp-json\/wp\/v2\/media?parent=4748"}],"wp:term":[{"taxonomy":"product_brand","embeddable":true,"href":"https:\/\/birdie.lv\/en\/wp-json\/wp\/v2\/product_brand?post=4748"},{"taxonomy":"product_cat","embeddable":true,"href":"https:\/\/birdie.lv\/en\/wp-json\/wp\/v2\/product_cat?post=4748"},{"taxonomy":"product_tag","embeddable":true,"href":"https:\/\/birdie.lv\/en\/wp-json\/wp\/v2\/product_tag?post=4748"}],"curies":[{"name":"wp","href":"https:\/\/api.w.org\/{rel}","templated":true}]}}