{"id":4754,"date":"2026-03-07T08:05:46","date_gmt":"2026-03-07T08:05:46","guid":{"rendered":"https:\/\/birdie.lv\/?post_type=product&#038;p=4754"},"modified":"2026-03-27T19:13:20","modified_gmt":"2026-03-27T19:13:20","slug":"axiom-neutron-bokeh-simon-lizotte-heart","status":"publish","type":"product","link":"https:\/\/birdie.lv\/en\/product\/axiom-neutron-bokeh-simon-lizotte-heart\/","title":{"rendered":"Axiom Neutron Bokeh &#8211; Simon Lizotte Heart"},"content":{"rendered":"<h5 data-path-to-node=\"7\"><b data-path-to-node=\"7\" data-index-in-node=\"0\">K\u0101p\u0113c izv\u0113l\u0113ties Simon Lizotte Bokeh savai somai?<\/b><\/h5>\n<ul data-path-to-node=\"8\">\n<li>\n<p data-path-to-node=\"8,0,0\"><b data-path-to-node=\"8,0,0\" data-index-in-node=\"0\">Stabilit\u0101te un Torque pretest\u012bba:<\/b> Bokeh ir iztur\u012bg\u0101ks pret griezes sp\u0113ku (<i data-path-to-node=\"8,0,0\" data-index-in-node=\"74\">torque<\/i>) nek\u0101 popul\u0101rais Axiom Crave, padarot to par uzticam\u0101ku izv\u0113li jaud\u012bg\u0101kiem metieniem. Tas ir k\u0101 l\u0113n\u0101ka un kontrol\u0113jam\u0101ka MVP Trail versija.<\/p>\n<\/li>\n<li>\n<p data-path-to-node=\"8,1,0\"><b data-path-to-node=\"8,1,0\" data-index-in-node=\"0\">Maksim\u0101ls plan\u0113jums (Glide 6):<\/b> Pateicoties neierasti augstajam plan\u0113juma koeficientam, Bokeh sp\u0113j sasniegt iespaid\u012bgu distanci ar minim\u0101lu piep\u016bli. Tas ir ide\u0101ls r\u012bks gan gariem metieniem atkl\u0101t\u0101 lauk\u0101, gan prec\u012bz\u0101m l\u012bnij\u0101m starp kokiem.<\/p>\n<\/li>\n<li>\n<p data-path-to-node=\"8,2,0\"><b data-path-to-node=\"8,2,0\" data-index-in-node=\"0\">Ekskluz\u012bvs Team Series dizains:<\/b> M\u0101kslinieks Mike Inscho ir rad\u012bjis unik\u0101lu dizainu, iedvesmojoties no Simona aizrau\u0161an\u0101s ar kafijas m\u0101kslu un fotogr\u0101fiju. \u0160is disks ir &#8220;must-have&#8221; gan kolekcion\u0101riem, gan akt\u012bviem sp\u0113l\u0113t\u0101jiem.<\/p>\n<\/li>\n<li>\n<p data-path-to-node=\"8,3,0\"><b data-path-to-node=\"8,3,0\" data-index-in-node=\"0\">Premium Neutron plastika:<\/b> \u0160is materi\u0101ls nodro\u0161ina izcilu sa\u0137eri jebkuros apst\u0101k\u013cos un neticamu iztur\u012bbu, saglab\u0101jot diska lidojuma trajektoriju <b data-path-to-node=\"8,3,0\" data-index-in-node=\"144\">[7\/6\/0\/1]<\/b> pat p\u0113c ilgsto\u0161as lieto\u0161anas.<\/p>\n<\/li>\n<\/ul>\n<hr data-path-to-node=\"9\" \/>\n<h5 data-path-to-node=\"10\"><b data-path-to-node=\"10\" data-index-in-node=\"0\">Ofici\u0101lais MVP raksturojums par Simon Line Bokeh<\/b><\/h5>\n<blockquote data-path-to-node=\"11\">\n<p data-path-to-node=\"11,0\">\u201cNeutron Bokeh ir stabils 7. \u0101truma fairway draiveris ar daudzpus\u012bbu paveikt visu. Mekl\u0113jums p\u0113c perfekta latte un perfekta fairway draivera ir pabeigts! Ar papildu plan\u0113jumu tas ir perfekta izv\u0113le, lai prec\u012bzi kontrol\u0113tu metienus un sasniegtu punktu kontroli, ko sagaida no Simon atbalst\u012bta diska.\u201d<\/p>\n<\/blockquote>\n","protected":false},"excerpt":{"rendered":"<p><b data-path-to-node=\"5\" data-index-in-node=\"0\">Axiom Neutron Bokeh<\/b> ir Simona Lizotes (<i data-path-to-node=\"5\" data-index-in-node=\"39\">Simon Lizotte<\/i>) <b data-path-to-node=\"5\" data-index-in-node=\"54\">Team Series<\/b> fairway draiveris ar iespaid\u012bgiem lidojuma parametriem <b data-path-to-node=\"5\" data-index-in-node=\"121\">[7\/6\/0\/1]<\/b>. \u0160is disks apvieno &#8220;bokeh latte&#8221; iedvesmoto m\u0101kslu ar profesion\u0101la l\u012bme\u0146a sniegumu, pied\u0101v\u0101jot izcilu plan\u0113jumu (<i data-path-to-node=\"5\" data-index-in-node=\"244\">glide<\/i>) un stabilit\u0101ti, kas nepiecie\u0161ama prec\u012bzam <i data-path-to-node=\"5\" data-index-in-node=\"293\">fairway<\/i> l\u012bnijas izseko\u0161anai.<\/p>\n","protected":false},"featured_media":4763,"template":"","meta":{"om_disable_all_campaigns":false},"product_brand":[226,57],"product_cat":[48,66,284,396],"product_tag":[],"class_list":{"0":"post-4754","1":"product","2":"type-product","3":"status-publish","4":"has-post-thumbnail","6":"product_brand-axiom","7":"product_brand-mvp","8":"product_cat-diski","9":"product_cat-fairway-drivers","10":"product_cat-new","11":"product_cat-restock","13":"first","14":"instock","15":"taxable","16":"shipping-taxable","17":"purchasable","18":"product-type-variable"},"aioseo_notices":[],"jetpack_sharing_enabled":true,"_links":{"self":[{"href":"https:\/\/birdie.lv\/en\/wp-json\/wp\/v2\/product\/4754","targetHints":{"allow":["GET"]}}],"collection":[{"href":"https:\/\/birdie.lv\/en\/wp-json\/wp\/v2\/product"}],"about":[{"href":"https:\/\/birdie.lv\/en\/wp-json\/wp\/v2\/types\/product"}],"version-history":[{"count":4,"href":"https:\/\/birdie.lv\/en\/wp-json\/wp\/v2\/product\/4754\/revisions"}],"predecessor-version":[{"id":5049,"href":"https:\/\/birdie.lv\/en\/wp-json\/wp\/v2\/product\/4754\/revisions\/5049"}],"wp:featuredmedia":[{"embeddable":true,"href":"https:\/\/birdie.lv\/en\/wp-json\/wp\/v2\/media\/4763"}],"wp:attachment":[{"href":"https:\/\/birdie.lv\/en\/wp-json\/wp\/v2\/media?parent=4754"}],"wp:term":[{"taxonomy":"product_brand","embeddable":true,"href":"https:\/\/birdie.lv\/en\/wp-json\/wp\/v2\/product_brand?post=4754"},{"taxonomy":"product_cat","embeddable":true,"href":"https:\/\/birdie.lv\/en\/wp-json\/wp\/v2\/product_cat?post=4754"},{"taxonomy":"product_tag","embeddable":true,"href":"https:\/\/birdie.lv\/en\/wp-json\/wp\/v2\/product_tag?post=4754"}],"curies":[{"name":"wp","href":"https:\/\/api.w.org\/{rel}","templated":true}]}}