{"id":4766,"date":"2026-03-07T08:24:49","date_gmt":"2026-03-07T08:24:49","guid":{"rendered":"https:\/\/birdie.lv\/?post_type=product&#038;p=4766"},"modified":"2026-03-27T19:07:14","modified_gmt":"2026-03-27T19:07:14","slug":"discraft-esp-joy-prototype-paige-pierce","status":"publish","type":"product","link":"https:\/\/birdie.lv\/en\/product\/discraft-esp-joy-prototype-paige-pierce\/","title":{"rendered":"Discraft ESP Joy Prototype Paige Pierce"},"content":{"rendered":"<h5 data-path-to-node=\"7\"><b data-path-to-node=\"7\" data-index-in-node=\"0\">K\u0101p\u0113c Discraft Joy ir \u012bpa\u0161s papildin\u0101jums tavai somai?<\/b><\/h5>\n<ul data-path-to-node=\"8\">\n<li>\n<p data-path-to-node=\"8,0,0\"><b data-path-to-node=\"8,0,0\" data-index-in-node=\"0\">Emocion\u0101ls st\u0101sts un dizains:<\/b> Disks nosaukts par godu Peid\u017eas vecm\u0101mi\u0146ai D\u017eoisai (<i data-path-to-node=\"8,0,0\" data-index-in-node=\"82\">Joyce<\/i>). Tas ir personisks velt\u012bjums, kas rad\u012bts, lai sniegtu p\u0101rliec\u012bbu katr\u0101 metien\u0101, tie\u0161i t\u0101pat k\u0101 Peid\u017ea to izj\u016bt laukum\u0101.<\/p>\n<\/li>\n<li>\n<p data-path-to-node=\"8,1,0\"><b data-path-to-node=\"8,1,0\" data-index-in-node=\"0\">Ide\u0101ls &#8220;In-Between&#8221; slots:<\/b> Joy ir \u0101tr\u0101ks par Fierce, bet nedaudz l\u0113n\u0101ks par Buzzz. Tas nodro\u0161ina t\u012bru un p\u0101rliecino\u0161u izmetienu, kad nev\u0113laties pielietot maksim\u0101lu sp\u0113ku, bet nepiecie\u0161ama prec\u012bza kontrole vid\u0113j\u0101 distanc\u0113.<\/p>\n<\/li>\n<li>\n<p data-path-to-node=\"8,2,0\"><b data-path-to-node=\"8,2,0\" data-index-in-node=\"0\">Iedvesmots no Sol, uzlabots ar stabilit\u0101ti:<\/b> Joy p\u0101r\u0146em <b data-path-to-node=\"8,2,0\" data-index-in-node=\"55\">Discraft Sol<\/b> rakstur\u012bgo vieglo plan\u0113\u0161anu (<i data-path-to-node=\"8,2,0\" data-index-in-node=\"97\">glide<\/i>), bet papildina to ar liel\u0101ku griezes sp\u0113ka pretest\u012bbu (<i data-path-to-node=\"8,2,0\" data-index-in-node=\"159\">torque resistance<\/i>). Tas dro\u0161i turas pret\u012b v\u0113jam un nepievi\u013c pat jaud\u012bg\u0101kos metienos.<\/p>\n<\/li>\n<li>\n<p data-path-to-node=\"8,3,0\"><b data-path-to-node=\"8,3,0\" data-index-in-node=\"0\">&#8220;Point-and-Shoot&#8221; kontrole:<\/b> \u0160is disks ir rad\u012bts, lai prec\u012bzi notur\u0113tu le\u0146\u0137i, kur\u0101 to novietojat. Metiet to taisni &#8220;l\u0101zera&#8221; l\u012bnijai, izmantojiet <i data-path-to-node=\"8,3,0\" data-index-in-node=\"144\">hyzer<\/i> prec\u012bzai novieto\u0161anai vai uzst\u0101diet uz <i data-path-to-node=\"8,3,0\" data-index-in-node=\"189\">anhyzer<\/i> \u2013 Joy uzticami iztaisnosies ar uz priek\u0161u v\u0113rstu nosl\u0113gumu.<\/p>\n<\/li>\n<\/ul>\n<hr data-path-to-node=\"9\" \/>\n<h5 data-path-to-node=\"10\"><b data-path-to-node=\"10\" data-index-in-node=\"0\">Paige Pierce Prototype Joy raksturojums<\/b><\/h5>\n<blockquote data-path-to-node=\"11\">\n<p data-path-to-node=\"11,0\">\u201cJoy aizpilda tuk\u0161umu, ko Peid\u017ea juta sav\u0101 diskus kl\u0101st\u0101. Tas ir disks, kas sniedz t\u012bru kontroli bez nepiecie\u0161am\u012bbas p\u0113c maksim\u0101las jaudas. Tas ir uzticams instruments, kas apvieno plan\u0113\u0161anu ar stabilit\u0101ti, \u013caujot sp\u0113l\u0113t\u0101jam koncentr\u0113ties uz precizit\u0101ti, nevis sp\u0113ku.\u201d<\/p>\n<\/blockquote>","protected":false},"excerpt":{"rendered":"<p><b class=\"\" data-path-to-node=\"5\" data-index-in-node=\"0\">Discraft Joy<\/b><span class=\"\"> ir jaun\u0101kais prototips ekskluz\u012bvaj\u0101 <\/span><b class=\"\" data-path-to-node=\"5\" data-index-in-node=\"49\">Paige Pierce<\/b><span class=\"\"> s\u0113rij\u0101,<\/span><span class=\"\"> kas rad\u012bts,<\/span><span class=\"\"> lai aizpild\u012btu kritisku robu sp\u0113l\u0113t\u0101ju som\u0101s.<\/span><span class=\"\"> Ar lidojuma parametriem <\/span><b class=\"\" data-path-to-node=\"5\" data-index-in-node=\"152\">[5\/5\/-1\/1.5]<\/b><span class=\"\">,<\/span><span class=\"\"> Joy pied\u0101v\u0101 perfektu balansu starp neitr\u0101lu lidojumu un uzticamu stabilit\u0101ti,<\/span><span class=\"\"> ie\u0146emot vietu starp Fierce puteri un le\u0123end\u0101ro Buzzz midrange.<\/span><\/p>\n","protected":false},"featured_media":4773,"template":"","meta":{"om_disable_all_campaigns":false},"product_brand":[59],"product_cat":[48,65,362,396],"product_tag":[],"class_list":{"0":"post-4766","1":"product","2":"type-product","3":"status-publish","4":"has-post-thumbnail","6":"product_brand-discraft","7":"product_cat-diski","8":"product_cat-midrange","9":"product_cat-paul-mcbeth","10":"product_cat-restock","12":"first","13":"instock","14":"taxable","15":"shipping-taxable","16":"purchasable","17":"product-type-variable"},"aioseo_notices":[],"jetpack_sharing_enabled":true,"_links":{"self":[{"href":"https:\/\/birdie.lv\/en\/wp-json\/wp\/v2\/product\/4766","targetHints":{"allow":["GET"]}}],"collection":[{"href":"https:\/\/birdie.lv\/en\/wp-json\/wp\/v2\/product"}],"about":[{"href":"https:\/\/birdie.lv\/en\/wp-json\/wp\/v2\/types\/product"}],"version-history":[{"count":4,"href":"https:\/\/birdie.lv\/en\/wp-json\/wp\/v2\/product\/4766\/revisions"}],"predecessor-version":[{"id":5041,"href":"https:\/\/birdie.lv\/en\/wp-json\/wp\/v2\/product\/4766\/revisions\/5041"}],"wp:featuredmedia":[{"embeddable":true,"href":"https:\/\/birdie.lv\/en\/wp-json\/wp\/v2\/media\/4773"}],"wp:attachment":[{"href":"https:\/\/birdie.lv\/en\/wp-json\/wp\/v2\/media?parent=4766"}],"wp:term":[{"taxonomy":"product_brand","embeddable":true,"href":"https:\/\/birdie.lv\/en\/wp-json\/wp\/v2\/product_brand?post=4766"},{"taxonomy":"product_cat","embeddable":true,"href":"https:\/\/birdie.lv\/en\/wp-json\/wp\/v2\/product_cat?post=4766"},{"taxonomy":"product_tag","embeddable":true,"href":"https:\/\/birdie.lv\/en\/wp-json\/wp\/v2\/product_tag?post=4766"}],"curies":[{"name":"wp","href":"https:\/\/api.w.org\/{rel}","templated":true}]}}