{"id":4776,"date":"2026-03-07T09:23:34","date_gmt":"2026-03-07T09:23:34","guid":{"rendered":"https:\/\/birdie.lv\/?post_type=product&#038;p=4776"},"modified":"2026-03-27T19:03:48","modified_gmt":"2026-03-27T19:03:48","slug":"retooled-neutron-time-lapse-misprint-ghost-stamp","status":"publish","type":"product","link":"https:\/\/birdie.lv\/en\/product\/retooled-neutron-time-lapse-misprint-ghost-stamp\/","title":{"rendered":"Retooled Neutron Time-Lapse Misprint &#8211; Ghost Stamp"},"content":{"rendered":"<p><b class=\"\" data-path-to-node=\"5\" data-index-in-node=\"0\">MVP Simon Line Time-Lapse<\/b><span class=\"\"> (P\u0101rstr\u0101d\u0101t\u0101 jeb <\/span><i class=\"\" data-path-to-node=\"5\" data-index-in-node=\"43\">Retooled<\/i><span class=\"\"> versija) ir jaud\u012bgs <\/span><b class=\"\" data-path-to-node=\"5\" data-index-in-node=\"72\">distances draiveris<\/b><span class=\"\"> ar lidojuma parametriem <\/span><b class=\"\" data-path-to-node=\"5\" data-index-in-node=\"116\">[12\/5\/-1\/3]<\/b><span class=\"\">.<\/span><span class=\"\"> \u0160is unik\u0101lais <\/span><b class=\"\" data-path-to-node=\"5\" data-index-in-node=\"143\">Misprint<\/b><span class=\"\"> izdevums radies nejau\u0161as z\u012bmogo\u0161anas rezult\u0101t\u0101,<\/span><span class=\"\"> apvienojot Simon Line un Neutron Balance dizainus.<\/span><\/p>\n","protected":false},"excerpt":{"rendered":"<h5 data-path-to-node=\"7\"><b data-path-to-node=\"7\" data-index-in-node=\"0\">K\u0101p\u0113c izv\u0113l\u0113ties Retooled Neutron Time-Lapse Misprint?<\/b><\/h5>\n<ul data-path-to-node=\"8\">\n<li>\n<p data-path-to-node=\"8,0,0\"><b data-path-to-node=\"8,0,0\" data-index-in-node=\"0\">P\u0101rstr\u0101d\u0101ts uzlabotai distancei:<\/b> S\u0101kotn\u0113jais Simon Line pirmais disks tika pilnveidots, radot \u0161o <i data-path-to-node=\"8,0,0\" data-index-in-node=\"97\">Retooled<\/i> versiju. T\u0101 ir nedaudz taisn\u0101ka un maz\u0101k agres\u012bva lidojuma s\u0101kum\u0101, nodro\u0161inot v\u0113l liel\u0101ku distances potenci\u0101lu nek\u0101 ori\u0123in\u0101lais modelis.<\/p>\n<\/li>\n<li>\n<p data-path-to-node=\"8,1,0\"><b data-path-to-node=\"8,1,0\" data-index-in-node=\"0\">Unik\u0101ls kolekcion\u0101ra eksempl\u0101rs:<\/b> \u0160ie diski ir mar\u0137\u0113ti ar Simon Line misprint stampu, kas nejau\u0161i sa\u0146\u0113ma da\u013cu no Neutron Balance z\u012bmoga. &#8220;M\u016bsu k\u013c\u016bda \u2013 tavs ieguvums&#8221; \u2013 ieg\u016bsti unik\u0101lu disku, kas izcelsies jebkur\u0101 som\u0101.<\/p>\n<\/li>\n<li>\n<p data-path-to-node=\"8,2,0\"><b data-path-to-node=\"8,2,0\" data-index-in-node=\"0\">Maksim\u0101la kontrole un jauda:<\/b> Ar parametriem <b data-path-to-node=\"8,2,0\" data-index-in-node=\"44\">[12\/5\/-1\/3]<\/b>, Time-Lapse ir rad\u012bts sp\u0113c\u012bgiem met\u0113jiem. Tas pied\u0101v\u0101 nelielu <i data-path-to-node=\"8,2,0\" data-index-in-node=\"118\">turn<\/i> liel\u0101 \u0101trum\u0101 un uzticamu, sp\u0113c\u012bgu <i data-path-to-node=\"8,2,0\" data-index-in-node=\"157\">fade<\/i> lidojuma nosl\u0113gum\u0101.<\/p>\n<\/li>\n<li>\n<p data-path-to-node=\"8,3,0\"><b data-path-to-node=\"8,3,0\" data-index-in-node=\"0\">Premium Neutron plastika:<\/b> Disks izgatavots no augst\u0101k\u0101s kvalit\u0101tes Neutron materi\u0101la, kas nodro\u0161ina nevainojamu sa\u0137eri un ilgm\u016b\u017e\u012bbu, saglab\u0101jot lidojuma \u012bpa\u0161\u012bbas pat p\u0113c daudziem triecieniem.<\/p>\n<\/li>\n<\/ul>\n<hr data-path-to-node=\"9\" \/>\n<h5 data-path-to-node=\"10\"><b data-path-to-node=\"10\" data-index-in-node=\"0\">Ofici\u0101lais MVP Simon Line raksturojums<\/b><\/h5>\n<blockquote data-path-to-node=\"11\">\n<p data-path-to-node=\"11,0\">\u201c\u0160\u012b \u013coti unik\u0101l\u0101 misprint izdevuma pieejam\u012bba ir ierobe\u017eota. Izmanto \u0161o fantastisko iesp\u0113ju un izbaudi p\u0101rstr\u0101d\u0101t\u0101 Neutron Time-Lapse lielisko lidojumu par izcilu cenu! \u0160\u012b molda nedaudz taisn\u0101k\u0101 versija nodro\u0161ina v\u0113l liel\u0101ku distanci un kontroli, ko Simons v\u0113l\u0113j\u0101s redz\u0113t sav\u0101 pirmaj\u0101 distances draiver\u012b.\u201d<\/p>\n<\/blockquote>\n","protected":false},"featured_media":4780,"template":"","meta":{"om_disable_all_campaigns":false},"product_brand":[226],"product_cat":[48,67,284,396],"product_tag":[],"class_list":{"0":"post-4776","1":"product","2":"type-product","3":"status-publish","4":"has-post-thumbnail","6":"product_brand-axiom","7":"product_cat-diski","8":"product_cat-distance-drivers","9":"product_cat-new","10":"product_cat-restock","12":"first","13":"instock","14":"taxable","15":"shipping-taxable","16":"purchasable","17":"product-type-variable"},"aioseo_notices":[],"jetpack_sharing_enabled":true,"_links":{"self":[{"href":"https:\/\/birdie.lv\/en\/wp-json\/wp\/v2\/product\/4776","targetHints":{"allow":["GET"]}}],"collection":[{"href":"https:\/\/birdie.lv\/en\/wp-json\/wp\/v2\/product"}],"about":[{"href":"https:\/\/birdie.lv\/en\/wp-json\/wp\/v2\/types\/product"}],"version-history":[{"count":3,"href":"https:\/\/birdie.lv\/en\/wp-json\/wp\/v2\/product\/4776\/revisions"}],"predecessor-version":[{"id":5037,"href":"https:\/\/birdie.lv\/en\/wp-json\/wp\/v2\/product\/4776\/revisions\/5037"}],"wp:featuredmedia":[{"embeddable":true,"href":"https:\/\/birdie.lv\/en\/wp-json\/wp\/v2\/media\/4780"}],"wp:attachment":[{"href":"https:\/\/birdie.lv\/en\/wp-json\/wp\/v2\/media?parent=4776"}],"wp:term":[{"taxonomy":"product_brand","embeddable":true,"href":"https:\/\/birdie.lv\/en\/wp-json\/wp\/v2\/product_brand?post=4776"},{"taxonomy":"product_cat","embeddable":true,"href":"https:\/\/birdie.lv\/en\/wp-json\/wp\/v2\/product_cat?post=4776"},{"taxonomy":"product_tag","embeddable":true,"href":"https:\/\/birdie.lv\/en\/wp-json\/wp\/v2\/product_tag?post=4776"}],"curies":[{"name":"wp","href":"https:\/\/api.w.org\/{rel}","templated":true}]}}