{"id":4785,"date":"2026-03-07T09:37:41","date_gmt":"2026-03-07T09:37:41","guid":{"rendered":"https:\/\/birdie.lv\/?post_type=product&#038;p=4785"},"modified":"2026-03-31T06:37:23","modified_gmt":"2026-03-31T06:37:23","slug":"simon-line-neutron-balance","status":"publish","type":"product","link":"https:\/\/birdie.lv\/en\/product\/simon-line-neutron-balance\/","title":{"rendered":"Axiom Simon Line Neutron Balance"},"content":{"rendered":"<h5 data-path-to-node=\"7\"><b data-path-to-node=\"7\" data-index-in-node=\"0\">K\u0101p\u0113c Axiom Balance ir nepiecie\u0161ams tav\u0101 som\u0101?<\/b><\/h5>\n<ul data-path-to-node=\"8\">\n<li>\n<p data-path-to-node=\"8,0,0\"><b data-path-to-node=\"8,0,0\" data-index-in-node=\"0\">Simona Lizotes izv\u0113le:<\/b> P\u0113c r\u016bp\u012bgas test\u0113\u0161anas starp tr\u012bs da\u017e\u0101d\u0101m prototipu versij\u0101m (debit\u0113ja 2024. gada Gyropalooza), Simons izv\u0113l\u0113j\u0101s tie\u0161i 2. versiju k\u0101 savu ide\u0101lo vid\u0113j\u0101 att\u0101luma disku.<\/p>\n<\/li>\n<li>\n<p data-path-to-node=\"8,1,0\"><b data-path-to-node=\"8,1,0\" data-index-in-node=\"0\">Perfekts stabilit\u0101tes balanss:<\/b> Balance ir rad\u012bts br\u012b\u017eiem, kad Axiom Hex ir par maz, bet Pyro par daudz. Ar parametriem <b data-path-to-node=\"8,1,0\" data-index-in-node=\"119\">[5\/4.5\/0\/2.5]<\/b>, tas lieliski tiek gal\u0101 ar lielu griezes sp\u0113ku (<i data-path-to-node=\"8,1,0\" data-index-in-node=\"181\">torque<\/i>) un dro\u0161i atgrie\u017eas ar paredzamu <i data-path-to-node=\"8,1,0\" data-index-in-node=\"221\">fade<\/i>.<\/p>\n<\/li>\n<li>\n<p data-path-to-node=\"8,2,0\"><b data-path-to-node=\"8,2,0\" data-index-in-node=\"0\">Special Edition dizains:<\/b> Mike Inscho rad\u012bt\u0101 ilustr\u0101cija Special Edition versijai apsp\u0113l\u0113 fotogr\u0101fijas un kompoz\u012bcijas balansa t\u0113mu, padarot \u0161o disku par kolekcion\u0101ru un sp\u0113l\u0113t\u0101ju iecien\u012btu m\u0101kslas darbu.<\/p>\n<\/li>\n<li>\n<p data-path-to-node=\"8,3,0\"><b data-path-to-node=\"8,3,0\" data-index-in-node=\"0\">Konsekvence jebkuros apst\u0101k\u013cos:<\/b> Pateicoties <b data-path-to-node=\"8,3,0\" data-index-in-node=\"44\">GYRO\u00ae Overmold<\/b> tehnolo\u0123ijai un Neutron plastmasai, Balance saglab\u0101 savu lidojuma trajektoriju pat sp\u0113c\u012bg\u0101 pretv\u0113j\u0101, nodro\u0161inot &#8220;harmoniju&#8221; tav\u0101 sp\u0113l\u0113.<\/p>\n<\/li>\n<\/ul>\n<hr data-path-to-node=\"9\" \/>\n<h5 data-path-to-node=\"10\"><b data-path-to-node=\"10\" data-index-in-node=\"0\">Ofici\u0101lais Axiom Discs raksturojums<\/b><\/h5>\n<blockquote data-path-to-node=\"11\">\n<p data-path-to-node=\"11,0\">\u201c\u0160is jaunais midrange pievienojas Simon Line k\u0101 uzticams papildin\u0101jums Axiom Hex. Tas ir ide\u0101ls, kad nepiecie\u0161ama papildus pretest\u012bba v\u0113jam vai jaud\u012bgi metieni. T\u0101pat k\u0101 fotogr\u0101fij\u0101, kur neviens elements nep\u0101rsvar\u0101, ar\u012b Balance disks pied\u0101v\u0101 harmoniju starp jaudu un precizit\u0101ti.\u201d<\/p>\n<\/blockquote>\n","protected":false},"excerpt":{"rendered":"<p><b data-path-to-node=\"5\" data-index-in-node=\"0\">Axiom Simon Line Balance<\/b> ir jaun\u0101kais papildin\u0101jums Simona Lizotes (Simon Lizotte) paraksta s\u0113rij\u0101. Ar lidojuma parametriem <b data-path-to-node=\"5\" data-index-in-node=\"124\">[5\/4.5\/0\/2.5]<\/b>, \u0161is <i data-path-to-node=\"5\" data-index-in-node=\"143\">overstable<\/i> <b data-path-to-node=\"5\" data-index-in-node=\"154\">midrange disks<\/b> stabilit\u0101tes zi\u0146\u0101 perfekti novietojas starp MVP Reactor un MVP Pyro, pied\u0101v\u0101jot izcilu kontroli un pretest\u012bbu v\u0113jam.<\/p>\n","protected":false},"featured_media":4792,"template":"","meta":{"om_disable_all_campaigns":false},"product_brand":[226],"product_cat":[48,284,65,396],"product_tag":[],"class_list":{"0":"post-4785","1":"product","2":"type-product","3":"status-publish","4":"has-post-thumbnail","6":"product_brand-axiom","7":"product_cat-diski","8":"product_cat-new","9":"product_cat-midrange","10":"product_cat-restock","12":"first","13":"instock","14":"taxable","15":"shipping-taxable","16":"purchasable","17":"product-type-variable"},"aioseo_notices":[],"jetpack_sharing_enabled":true,"_links":{"self":[{"href":"https:\/\/birdie.lv\/en\/wp-json\/wp\/v2\/product\/4785","targetHints":{"allow":["GET"]}}],"collection":[{"href":"https:\/\/birdie.lv\/en\/wp-json\/wp\/v2\/product"}],"about":[{"href":"https:\/\/birdie.lv\/en\/wp-json\/wp\/v2\/types\/product"}],"version-history":[{"count":5,"href":"https:\/\/birdie.lv\/en\/wp-json\/wp\/v2\/product\/4785\/revisions"}],"predecessor-version":[{"id":5035,"href":"https:\/\/birdie.lv\/en\/wp-json\/wp\/v2\/product\/4785\/revisions\/5035"}],"wp:featuredmedia":[{"embeddable":true,"href":"https:\/\/birdie.lv\/en\/wp-json\/wp\/v2\/media\/4792"}],"wp:attachment":[{"href":"https:\/\/birdie.lv\/en\/wp-json\/wp\/v2\/media?parent=4785"}],"wp:term":[{"taxonomy":"product_brand","embeddable":true,"href":"https:\/\/birdie.lv\/en\/wp-json\/wp\/v2\/product_brand?post=4785"},{"taxonomy":"product_cat","embeddable":true,"href":"https:\/\/birdie.lv\/en\/wp-json\/wp\/v2\/product_cat?post=4785"},{"taxonomy":"product_tag","embeddable":true,"href":"https:\/\/birdie.lv\/en\/wp-json\/wp\/v2\/product_tag?post=4785"}],"curies":[{"name":"wp","href":"https:\/\/api.w.org\/{rel}","templated":true}]}}