{"id":4796,"date":"2026-03-07T09:52:24","date_gmt":"2026-03-07T09:52:24","guid":{"rendered":"https:\/\/birdie.lv\/?post_type=product&#038;p=4796"},"modified":"2026-03-27T18:58:52","modified_gmt":"2026-03-27T18:58:52","slug":"neutron-soft-hex-project-lab-coat","status":"publish","type":"product","link":"https:\/\/birdie.lv\/en\/product\/neutron-soft-hex-project-lab-coat\/","title":{"rendered":"Axiom Neutron Soft Hex &#8211; Project Lab Coat"},"content":{"rendered":"<h5 data-path-to-node=\"7\"><b data-path-to-node=\"7\" data-index-in-node=\"0\">K\u0101p\u0113c MVP Hex ir oblig\u0101ts midrange disks tav\u0101 som\u0101?<\/b><\/h5>\n<ul data-path-to-node=\"8\">\n<li>\n<p data-path-to-node=\"8,0,0\"><b data-path-to-node=\"8,0,0\" data-index-in-node=\"0\">&#8220;Point-and-Shoot&#8221; precizit\u0101te:<\/b> Hex pied\u0101v\u0101 gludu, neitr\u0101lu kontroli \u2013 tas perfekti notur l\u012bniju, uz kuras to novieto. Pateicoties parametriem <b data-path-to-node=\"8,0,0\" data-index-in-node=\"142\">[5\/5\/-1\/1]<\/b>, disks viegli plan\u0113 (<i data-path-to-node=\"8,0,0\" data-index-in-node=\"174\">glide<\/i>) un nosl\u0113dzas ar maigu stabilit\u0101ti, nodro\u0161inot maksim\u0101lu uzticam\u012bbu.<\/p>\n<\/li>\n<li>\n<p data-path-to-node=\"8,1,0\"><b data-path-to-node=\"8,1,0\" data-index-in-node=\"0\">Univers\u0101ls visiem jaudas l\u012bme\u0146iem:<\/b> Pie liel\u0101kas metiena jaudas Hex veido nedaudz <i data-path-to-node=\"8,1,0\" data-index-in-node=\"81\">understable<\/i> l\u012bnijas, bet 1 <i data-path-to-node=\"8,1,0\" data-index-in-node=\"108\">fade<\/i> nov\u0113r\u0161 piln\u012bgu p\u0101rgrie\u0161anos (<i data-path-to-node=\"8,1,0\" data-index-in-node=\"142\">flip<\/i>). Pie zem\u0101kas jaudas tas pied\u0101v\u0101 tie\u0161i tik daudz <i data-path-to-node=\"8,1,0\" data-index-in-node=\"196\">turn<\/i>, lai l\u012bniju veido\u0161ana me\u017ea tras\u0113s b\u016btu autom\u0101tiska.<\/p>\n<\/li>\n<li>\n<p data-path-to-node=\"8,2,0\"><b data-path-to-node=\"8,2,0\" data-index-in-node=\"0\">Neutron Soft plastmasas priek\u0161roc\u012bbas:<\/b> \u0160\u012b Project Lab Coat versija izmanto Neutron Soft plastmasu, kas nodro\u0161ina ide\u0101lu l\u012bdzsvaru starp premium iztur\u012bbu un izcilu, nedaudz m\u012bkst\u0101ku sa\u0137eri, kas ir \u012bpa\u0161i noder\u012bga prec\u012bziem pieg\u0101jiena metieniem.<\/p>\n<\/li>\n<li>\n<p data-path-to-node=\"8,3,0\"><b data-path-to-node=\"8,3,0\" data-index-in-node=\"0\">Ekskluz\u012bvs Project Lab Coat dizains:<\/b> \u0160\u012b s\u0113rija pie\u0161\u0137ir diskam asu, eksperiment\u0101lu vizu\u0101lo t\u0113lu, padarot to par paman\u0101m\u0101ko disku tav\u0101 kolekcij\u0101 un som\u0101.<\/p>\n<\/li>\n<\/ul>\n<hr data-path-to-node=\"9\" \/>\n<h5 data-path-to-node=\"10\"><b data-path-to-node=\"10\" data-index-in-node=\"0\">Ofici\u0101lais MVP raksturojums<\/b><\/h5>\n<blockquote data-path-to-node=\"11\">\n<p data-path-to-node=\"11,0\">\u201cIespaid\u012bgi taisns, ar lidojuma parametriem <b data-path-to-node=\"11,0\" data-index-in-node=\"44\">[5\/5\/-1\/1]<\/b>, Hex atrad\u012bs vietu ikviena sp\u0113l\u0113t\u0101ja som\u0101. Ja mekl\u0113 kontroli koku starp\u0101 vai vienk\u0101r\u0161i daudzpus\u012bgu l\u012bniju veidot\u0101ju, Hex ir \u012bstais midrange disks tev. Tas rea\u0123\u0113 tie\u0161i t\u0101, k\u0101 tu sagaidi, katr\u0101 metiena reiz\u0113.\u201d<\/p>\n<\/blockquote>\n","protected":false},"excerpt":{"rendered":"<p data-path-to-node=\"5\"><b data-path-to-node=\"5\" data-index-in-node=\"0\">MVP Neutron Soft Hex<\/b> ir le\u0123end\u0101rs, uzticami taisns <b data-path-to-node=\"5\" data-index-in-node=\"51\">midrange disks<\/b> ar lidojuma parametriem <b data-path-to-node=\"5\" data-index-in-node=\"90\">[5\/5\/-1\/1]<\/b>. \u0160\u012b ekskluz\u012bv\u0101 <b data-path-to-node=\"5\" data-index-in-node=\"116\">Project Lab Coat<\/b> versija apvieno Hex ikonisko precizit\u0101ti ar ierobe\u017eota izlaiduma &#8220;laboratorijas&#8221; est\u0113tiku un \u012bpa\u0161i pat\u012bkamo <b data-path-to-node=\"5\" data-index-in-node=\"241\">Neutron Soft<\/b> plastmasas sa\u0137eri.<\/p>\n","protected":false},"featured_media":4803,"template":"","meta":{"om_disable_all_campaigns":false},"product_brand":[226],"product_cat":[48,284,65,396],"product_tag":[],"class_list":{"0":"post-4796","1":"product","2":"type-product","3":"status-publish","4":"has-post-thumbnail","6":"product_brand-axiom","7":"product_cat-diski","8":"product_cat-new","9":"product_cat-midrange","10":"product_cat-restock","12":"first","13":"instock","14":"taxable","15":"shipping-taxable","16":"purchasable","17":"product-type-variable"},"aioseo_notices":[],"jetpack_sharing_enabled":true,"_links":{"self":[{"href":"https:\/\/birdie.lv\/en\/wp-json\/wp\/v2\/product\/4796","targetHints":{"allow":["GET"]}}],"collection":[{"href":"https:\/\/birdie.lv\/en\/wp-json\/wp\/v2\/product"}],"about":[{"href":"https:\/\/birdie.lv\/en\/wp-json\/wp\/v2\/types\/product"}],"version-history":[{"count":2,"href":"https:\/\/birdie.lv\/en\/wp-json\/wp\/v2\/product\/4796\/revisions"}],"predecessor-version":[{"id":5030,"href":"https:\/\/birdie.lv\/en\/wp-json\/wp\/v2\/product\/4796\/revisions\/5030"}],"wp:featuredmedia":[{"embeddable":true,"href":"https:\/\/birdie.lv\/en\/wp-json\/wp\/v2\/media\/4803"}],"wp:attachment":[{"href":"https:\/\/birdie.lv\/en\/wp-json\/wp\/v2\/media?parent=4796"}],"wp:term":[{"taxonomy":"product_brand","embeddable":true,"href":"https:\/\/birdie.lv\/en\/wp-json\/wp\/v2\/product_brand?post=4796"},{"taxonomy":"product_cat","embeddable":true,"href":"https:\/\/birdie.lv\/en\/wp-json\/wp\/v2\/product_cat?post=4796"},{"taxonomy":"product_tag","embeddable":true,"href":"https:\/\/birdie.lv\/en\/wp-json\/wp\/v2\/product_tag?post=4796"}],"curies":[{"name":"wp","href":"https:\/\/api.w.org\/{rel}","templated":true}]}}