{"id":4809,"date":"2026-03-07T10:18:42","date_gmt":"2026-03-07T10:18:42","guid":{"rendered":"https:\/\/birdie.lv\/?post_type=product&#038;p=4809"},"modified":"2026-03-27T18:55:36","modified_gmt":"2026-03-27T18:55:36","slug":"esp-swirl-venom-anthony-barela-usdgc-2025-pop-top","status":"publish","type":"product","link":"https:\/\/birdie.lv\/en\/product\/esp-swirl-venom-anthony-barela-usdgc-2025-pop-top\/","title":{"rendered":"Discraft ESP Swirl Venom &#8211; Anthony Barela USDGC 2025"},"content":{"rendered":"<h5 data-path-to-node=\"7\"><b data-path-to-node=\"7\" data-index-in-node=\"0\">K\u0101p\u0113c izv\u0113l\u0113ties Anthony Barela Tour Series Venom?<\/b><\/h5>\n<ul data-path-to-node=\"8\">\n<li>\n<p data-path-to-node=\"8,0,0\"><b data-path-to-node=\"8,0,0\" data-index-in-node=\"0\">Ekstrem\u0101la stabilit\u0101te:<\/b> Venom ir izstr\u0101d\u0101ts sp\u0113l\u0113t\u0101jiem, kuriem nepiecie\u0161ams distances draiveris, ko var piln\u012bb\u0101 &#8220;power\u0113t&#8221; gan <i data-path-to-node=\"8,0,0\" data-index-in-node=\"127\">forehand<\/i>, gan <i data-path-to-node=\"8,0,0\" data-index-in-node=\"141\">backhand<\/i> metienos. Tas nepievils pat sp\u0113c\u012bg\u0101kaj\u0101 pretv\u0113j\u0101.<\/p>\n<\/li>\n<li>\n<p data-path-to-node=\"8,1,0\"><b data-path-to-node=\"8,1,0\" data-index-in-node=\"0\">Sal\u012bdzin\u0101jums ar Force:<\/b> Saj\u016bt\u0101 l\u012bdz\u012bgs le\u0123end\u0101rajam Discraft Force, ta\u010du Venom ir izteikt\u0101k <i data-path-to-node=\"8,1,0\" data-index-in-node=\"92\">overstable<\/i>. Tas aizpilda kritisku vietu som\u0101 tiem, kuri mekl\u0113 v\u0113l uzticam\u0101ku un konsekvent\u0101ku lidojuma trajektoriju.<\/p>\n<\/li>\n<li>\n<p data-path-to-node=\"8,2,0\"><b data-path-to-node=\"8,2,0\" data-index-in-node=\"0\">Tour Series Swirl ESP plastika:<\/b> \u0160\u012b \u012bpa\u0161\u0101 s\u0113rija pied\u0101v\u0101 ne tikai unik\u0101lus, m\u0101kslinieciskus kr\u0101su virpu\u013cus, bet ar\u012b izcilu premium sa\u0137eri un iztur\u012bbu, ko iecien\u012bju\u0161i profesion\u0101\u013ci vis\u0101 pasaul\u0113.<\/p>\n<\/li>\n<li>\n<p data-path-to-node=\"8,3,0\"><b data-path-to-node=\"8,3,0\" data-index-in-node=\"0\">Profesion\u0101\u013cu izv\u0113le:<\/b> Anthony Barela jau ir pier\u0101d\u012bjis Venom efektivit\u0101ti t\u0101lmetienos. \u0160is piln\u012bb\u0101 p\u0101rstr\u0101d\u0101tais modelis ir k\u013cuvis par favor\u012btu sp\u0113l\u0113t\u0101jiem, kuriem nepiecie\u0161ams uzticams &#8220;bite&#8221; lidojuma nosl\u0113gum\u0101 un minim\u0101la s\u0101nu novirze.<\/p>\n<\/li>\n<\/ul>\n<hr data-path-to-node=\"9\" \/>\n<h5 data-path-to-node=\"10\"><b data-path-to-node=\"10\" data-index-in-node=\"0\">Ofici\u0101lais Discraft raksturojums<\/b><\/h5>\n<blockquote data-path-to-node=\"11\">\n<p data-path-to-node=\"11,0\">\u201cIekod jauno Venom. \u0160is disks ir \u0161eit, lai paliktu. M\u016bsu komanda saglab\u0101ja lab\u0101ko no iepriek\u0161\u0113j\u0101 Venom, radot p\u0101rdom\u0101tu un konsekventu <i data-path-to-node=\"11,0\" data-index-in-node=\"135\">overstable<\/i> distances draiveri. Tas aizpilda tuk\u0161umu daudz\u0101s som\u0101s un k\u013c\u016bs par favor\u012btu tiem, kuri mekl\u0113 maksim\u0101lu uzticam\u012bbu.\u201d<\/p>\n<\/blockquote>","protected":false},"excerpt":{"rendered":"<p><b data-path-to-node=\"5\" data-index-in-node=\"0\">Discraft ESP Venom<\/b> Anthony Barela s\u0113rij\u0101 ir rad\u012bts jaud\u012bg\u0101kajiem metieniem un ekstrem\u0101lai stabilit\u0101tei. Ar lidojuma parametriem <b data-path-to-node=\"5\" data-index-in-node=\"128\">[13\/4\/0\/4]<\/b>, \u0161is disks pied\u0101v\u0101 v\u0113l liel\u0101ku <i data-path-to-node=\"5\" data-index-in-node=\"170\">overstable<\/i> raksturu nek\u0101 popul\u0101rais Discraft Force, nodro\u0161inot maksim\u0101lu kontroli jebkuros laikapst\u0101k\u013cos.<\/p>\n","protected":false},"featured_media":4815,"template":"","meta":{"om_disable_all_campaigns":false},"product_brand":[59],"product_cat":[361,48,67,204,284,396],"product_tag":[],"class_list":{"0":"post-4809","1":"product","2":"type-product","3":"status-publish","4":"has-post-thumbnail","6":"product_brand-discraft","7":"product_cat-anthony-barela","8":"product_cat-diski","9":"product_cat-distance-drivers","10":"product_cat-fuzed","11":"product_cat-new","12":"product_cat-restock","14":"first","15":"instock","16":"taxable","17":"shipping-taxable","18":"purchasable","19":"product-type-variable"},"aioseo_notices":[],"jetpack_sharing_enabled":true,"_links":{"self":[{"href":"https:\/\/birdie.lv\/en\/wp-json\/wp\/v2\/product\/4809","targetHints":{"allow":["GET"]}}],"collection":[{"href":"https:\/\/birdie.lv\/en\/wp-json\/wp\/v2\/product"}],"about":[{"href":"https:\/\/birdie.lv\/en\/wp-json\/wp\/v2\/types\/product"}],"version-history":[{"count":3,"href":"https:\/\/birdie.lv\/en\/wp-json\/wp\/v2\/product\/4809\/revisions"}],"predecessor-version":[{"id":5028,"href":"https:\/\/birdie.lv\/en\/wp-json\/wp\/v2\/product\/4809\/revisions\/5028"}],"wp:featuredmedia":[{"embeddable":true,"href":"https:\/\/birdie.lv\/en\/wp-json\/wp\/v2\/media\/4815"}],"wp:attachment":[{"href":"https:\/\/birdie.lv\/en\/wp-json\/wp\/v2\/media?parent=4809"}],"wp:term":[{"taxonomy":"product_brand","embeddable":true,"href":"https:\/\/birdie.lv\/en\/wp-json\/wp\/v2\/product_brand?post=4809"},{"taxonomy":"product_cat","embeddable":true,"href":"https:\/\/birdie.lv\/en\/wp-json\/wp\/v2\/product_cat?post=4809"},{"taxonomy":"product_tag","embeddable":true,"href":"https:\/\/birdie.lv\/en\/wp-json\/wp\/v2\/product_tag?post=4809"}],"curies":[{"name":"wp","href":"https:\/\/api.w.org\/{rel}","templated":true}]}}