{"id":4819,"date":"2026-03-08T06:27:42","date_gmt":"2026-03-08T06:27:42","guid":{"rendered":"https:\/\/birdie.lv\/?post_type=product&#038;p=4819"},"modified":"2026-03-27T18:53:09","modified_gmt":"2026-03-27T18:53:09","slug":"cosmic-neutron-servo-project-lab-coat","status":"publish","type":"product","link":"https:\/\/birdie.lv\/en\/product\/cosmic-neutron-servo-project-lab-coat\/","title":{"rendered":"MVP Cosmic Neutron Servo &#8211; Project Lab Coat"},"content":{"rendered":"<h5 data-path-to-node=\"7\"><b data-path-to-node=\"7\" data-index-in-node=\"0\">K\u0101p\u0113c izv\u0113l\u0113ties Cosmic Neutron Servo Project Lab Coat?<\/b><\/h5>\n<ul data-path-to-node=\"8\">\n<li>\n<p data-path-to-node=\"8,0,0\"><b data-path-to-node=\"8,0,0\" data-index-in-node=\"0\">Stabilit\u0101te un jauda:<\/b> Ja tev pat\u012bk Crave lidojuma saj\u016bta, bet mekl\u0113 disku, kas lab\u0101k iztur griezes sp\u0113ku (<i data-path-to-node=\"8,0,0\" data-index-in-node=\"106\">torque<\/i>), Servo ir ide\u0101ls n\u0101kamais solis. Tas pied\u0101v\u0101 papildu &#8220;bite&#8221; lidojuma nosl\u0113gum\u0101, nodro\u0161inot p\u0101rliecino\u0161u rezult\u0101tu pat intens\u012bvas jaudas metienos.<\/p>\n<\/li>\n<li>\n<p data-path-to-node=\"8,1,0\"><b data-path-to-node=\"8,1,0\" data-index-in-node=\"0\">Prec\u012bza l\u012bnijas kontrole:<\/b> Ar parametriem <b data-path-to-node=\"8,1,0\" data-index-in-node=\"41\">[6.5\/5\/-1\/2]<\/b>, Servo ir rad\u012bts tehniskiem <i data-path-to-node=\"8,1,0\" data-index-in-node=\"82\">fairway<\/i> metieniem. Tas izcili notur trajektoriju, tver liel\u0101ku jaudu un nodro\u0161ina vienm\u0113r\u012bgu, uz priek\u0161u v\u0113rstu plan\u0113jumu (<i data-path-to-node=\"8,1,0\" data-index-in-node=\"205\">glide<\/i>).<\/p>\n<\/li>\n<li>\n<p data-path-to-node=\"8,2,0\"><b data-path-to-node=\"8,2,0\" data-index-in-node=\"0\">Ekskluz\u012bvs &#8220;Lab Coat&#8221; dizains:<\/b> \u0160\u012b versija izce\u013cas ar unik\u0101lu est\u0113tiku \u2013 baltu malu un iespaid\u012bgiem Cosmic Neutron kr\u0101su virpu\u013ciem, radot t\u012bru un eksperiment\u0101lu &#8220;laboratorijas&#8221; izskatu, nezaud\u0113jot premium sa\u0137eri un iztur\u012bbu.<\/p>\n<\/li>\n<li>\n<p data-path-to-node=\"8,3,0\"><b data-path-to-node=\"8,3,0\" data-index-in-node=\"0\">GYRO\u00ae Push tehnolo\u0123ija:<\/b> Papla\u0161in\u0101t\u0101 malas tehnolo\u0123ija nodro\u0161ina taisn\u0101ku lidojumu un paredzamu <i data-path-to-node=\"8,3,0\" data-index-in-node=\"95\">fade<\/i>, padarot Servo par izcilu &#8220;placement&#8221; draiveri, kad prec\u012bza piezem\u0113\u0161an\u0101s ir vissvar\u012bg\u0101k\u0101.<\/p>\n<\/li>\n<\/ul>\n<hr data-path-to-node=\"9\" \/>\n<h5 data-path-to-node=\"10\"><b data-path-to-node=\"10\" data-index-in-node=\"0\">Ofici\u0101lais MVP raksturojums<\/b><\/h5>\n<blockquote data-path-to-node=\"11\">\n<p data-path-to-node=\"11,0\">\u201cServo pieder jaunajai <i data-path-to-node=\"11,0\" data-index-in-node=\"23\">fairway<\/i> draiveru klasei ar maz\u0101ku jaudas pras\u012bbu. Gan sp\u0113l\u0113t\u0101ji ar lielu, gan mazu metiena jaudu sasniegs prec\u012bzu punktu kontroli un maksim\u0101lu l\u012bnijas p\u0101rvald\u012bbu. Tas nodro\u0161ina iespaid\u012bgu plan\u0113jumu ar vienk\u0101r\u0161u, uz priek\u0161u v\u0113rstu nosl\u0113gumu.<\/p>\n<\/blockquote>\n","protected":false},"excerpt":{"rendered":"<p data-path-to-node=\"5\"><b data-path-to-node=\"5\" data-index-in-node=\"0\">MVP Cosmic Neutron Servo<\/b> ir augstas precizit\u0101tes <b data-path-to-node=\"5\" data-index-in-node=\"49\">fairway draiveris<\/b> ar lidojuma parametriem <b data-path-to-node=\"5\" data-index-in-node=\"91\">[6.5\/5\/-1\/2]<\/b>. \u0160\u012b ekskluz\u012bv\u0101 <b data-path-to-node=\"5\" data-index-in-node=\"119\">Project Lab Coat<\/b> versija ar svaigo balto malu un unik\u0101lajiem &#8220;swirl&#8221; rakstiem pied\u0101v\u0101 nedaudz vair\u0101k stabilit\u0101tes un uzticam\u012bbas nek\u0101 le\u0123end\u0101rais MVP Crave.<\/p>\n","protected":false},"featured_media":4829,"template":"","meta":{"om_disable_all_campaigns":false},"product_brand":[57],"product_cat":[48,66,284,396],"product_tag":[],"class_list":{"0":"post-4819","1":"product","2":"type-product","3":"status-publish","4":"has-post-thumbnail","6":"product_brand-mvp","7":"product_cat-diski","8":"product_cat-fairway-drivers","9":"product_cat-new","10":"product_cat-restock","12":"first","13":"instock","14":"taxable","15":"shipping-taxable","16":"purchasable","17":"product-type-variable"},"aioseo_notices":[],"jetpack_sharing_enabled":true,"_links":{"self":[{"href":"https:\/\/birdie.lv\/en\/wp-json\/wp\/v2\/product\/4819","targetHints":{"allow":["GET"]}}],"collection":[{"href":"https:\/\/birdie.lv\/en\/wp-json\/wp\/v2\/product"}],"about":[{"href":"https:\/\/birdie.lv\/en\/wp-json\/wp\/v2\/types\/product"}],"version-history":[{"count":2,"href":"https:\/\/birdie.lv\/en\/wp-json\/wp\/v2\/product\/4819\/revisions"}],"predecessor-version":[{"id":5025,"href":"https:\/\/birdie.lv\/en\/wp-json\/wp\/v2\/product\/4819\/revisions\/5025"}],"wp:featuredmedia":[{"embeddable":true,"href":"https:\/\/birdie.lv\/en\/wp-json\/wp\/v2\/media\/4829"}],"wp:attachment":[{"href":"https:\/\/birdie.lv\/en\/wp-json\/wp\/v2\/media?parent=4819"}],"wp:term":[{"taxonomy":"product_brand","embeddable":true,"href":"https:\/\/birdie.lv\/en\/wp-json\/wp\/v2\/product_brand?post=4819"},{"taxonomy":"product_cat","embeddable":true,"href":"https:\/\/birdie.lv\/en\/wp-json\/wp\/v2\/product_cat?post=4819"},{"taxonomy":"product_tag","embeddable":true,"href":"https:\/\/birdie.lv\/en\/wp-json\/wp\/v2\/product_tag?post=4819"}],"curies":[{"name":"wp","href":"https:\/\/api.w.org\/{rel}","templated":true}]}}