{"id":4832,"date":"2026-03-08T06:41:27","date_gmt":"2026-03-08T06:41:27","guid":{"rendered":"https:\/\/birdie.lv\/?post_type=product&#038;p=4832"},"modified":"2026-03-27T18:42:36","modified_gmt":"2026-03-27T18:42:36","slug":"mvp-neutron-trail-project-lab-coat","status":"publish","type":"product","link":"https:\/\/birdie.lv\/en\/product\/mvp-neutron-trail-project-lab-coat\/","title":{"rendered":"MVP Neutron Trail &#8211; Project Lab Coat"},"content":{"rendered":"<h5 data-path-to-node=\"7\"><b data-path-to-node=\"7\" data-index-in-node=\"0\">K\u0101p\u0113c izv\u0113l\u0113ties MVP Trail savam arsen\u0101lam?<\/b><\/h5>\n<ul data-path-to-node=\"8\">\n<li>\n<p data-path-to-node=\"8,0,0\"><b data-path-to-node=\"8,0,0\" data-index-in-node=\"0\">James Conrad paraksta l\u012bnija:<\/b> K\u0101 jau var\u0113tu sagaid\u012bt no pasaules \u010dempiona diska, Trail izce\u013cas ar savu sp\u0113ju notur\u0113t prec\u012bzas l\u012bnijas. Tas ir ide\u0101li piem\u0113rots gariem <i data-path-to-node=\"8,0,0\" data-index-in-node=\"166\">hyzer-flip<\/i> metieniem un kontrol\u0113tiem <i data-path-to-node=\"8,0,0\" data-index-in-node=\"203\">turnoveriem<\/i>.<\/p>\n<\/li>\n<li>\n<p data-path-to-node=\"8,1,0\"><b data-path-to-node=\"8,1,0\" data-index-in-node=\"0\">Univers\u0101ls 10. \u0101trums:<\/b> Ar parametriem <b data-path-to-node=\"8,1,0\" data-index-in-node=\"38\">[10\/5\/-1\/1]<\/b>, Trail aizpilda b\u016btisku robu starp <i data-path-to-node=\"8,1,0\" data-index-in-node=\"85\">fairway<\/i> un \u0101trajiem distances draiveriem. Tas ir pietiekami \u0101trs lielai distancei, bet joproj\u0101m viegli kontrol\u0113jams prec\u012bziem metieniem me\u017ea tras\u0113s.<\/p>\n<\/li>\n<li>\n<p data-path-to-node=\"8,2,0\"><b data-path-to-node=\"8,2,0\" data-index-in-node=\"0\">Piem\u0113rots visiem sp\u0113l\u0113t\u0101jiem:<\/b> Sp\u0113l\u0113t\u0101ji ar jebk\u0101du metiena jaudu atrad\u012bs Trail k\u0101 \u013coti pateic\u012bgu disku. Tas ir stabils, bet taj\u0101 pa\u0161\u0101 laik\u0101 nedaudz nepietiekami stabils (<i data-path-to-node=\"8,2,0\" data-index-in-node=\"170\">understable<\/i>), lai pal\u012bdz\u0113tu ies\u0101c\u0113jiem sasniegt liel\u0101ku distanci.<\/p>\n<\/li>\n<li>\n<p data-path-to-node=\"8,3,0\"><b data-path-to-node=\"8,3,0\" data-index-in-node=\"0\">GYRO\u00ae Overmold tehnolo\u0123ija:<\/b> Pateicoties unik\u0101lajai MVP konstrukcijai, Trail ilg\u0101k saglab\u0101 savu rot\u0101ciju, kas nodro\u0161ina taisn\u0101ku lidojumu un paredzamu, maigu nobeigumu (<i data-path-to-node=\"8,3,0\" data-index-in-node=\"168\">fade<\/i>).<\/p>\n<\/li>\n<\/ul>\n","protected":false},"excerpt":{"rendered":"<p data-path-to-node=\"5\"><b class=\"\" data-path-to-node=\"5\" data-index-in-node=\"0\">MVP Trail<\/b><span class=\"\"> ir v\u0113sturisks modelis \u2013 pirmais ofici\u0101lais 10.<\/span><span class=\"\"> \u0101truma disks MVP kl\u0101st\u0101.<\/span><span class=\"\"> \u0160is <\/span><b class=\"\" data-path-to-node=\"5\" data-index-in-node=\"86\">James Conrad<\/b><span class=\"\"> s\u0113rijas distances draiveris ar lidojuma parametriem <\/span><b class=\"\" data-path-to-node=\"5\" data-index-in-node=\"151\">[10\/5\/-1\/1]<\/b><span class=\"\"> ir izstr\u0101d\u0101ts,<\/span><span class=\"\"> lai pied\u0101v\u0101tu perfektu balansu starp distanci un kontroli,<\/span><span class=\"\"> padarot to par vienu no atsauc\u012bg\u0101kajiem diskiem tirg\u016b.<\/span><\/p>\n","protected":false},"featured_media":4842,"template":"","meta":{"om_disable_all_campaigns":false},"product_brand":[57],"product_cat":[48,67,284,396],"product_tag":[],"class_list":{"0":"post-4832","1":"product","2":"type-product","3":"status-publish","4":"has-post-thumbnail","6":"product_brand-mvp","7":"product_cat-diski","8":"product_cat-distance-drivers","9":"product_cat-new","10":"product_cat-restock","12":"first","13":"instock","14":"taxable","15":"shipping-taxable","16":"purchasable","17":"product-type-variable"},"aioseo_notices":[],"jetpack_sharing_enabled":true,"_links":{"self":[{"href":"https:\/\/birdie.lv\/en\/wp-json\/wp\/v2\/product\/4832","targetHints":{"allow":["GET"]}}],"collection":[{"href":"https:\/\/birdie.lv\/en\/wp-json\/wp\/v2\/product"}],"about":[{"href":"https:\/\/birdie.lv\/en\/wp-json\/wp\/v2\/types\/product"}],"version-history":[{"count":2,"href":"https:\/\/birdie.lv\/en\/wp-json\/wp\/v2\/product\/4832\/revisions"}],"predecessor-version":[{"id":5020,"href":"https:\/\/birdie.lv\/en\/wp-json\/wp\/v2\/product\/4832\/revisions\/5020"}],"wp:featuredmedia":[{"embeddable":true,"href":"https:\/\/birdie.lv\/en\/wp-json\/wp\/v2\/media\/4842"}],"wp:attachment":[{"href":"https:\/\/birdie.lv\/en\/wp-json\/wp\/v2\/media?parent=4832"}],"wp:term":[{"taxonomy":"product_brand","embeddable":true,"href":"https:\/\/birdie.lv\/en\/wp-json\/wp\/v2\/product_brand?post=4832"},{"taxonomy":"product_cat","embeddable":true,"href":"https:\/\/birdie.lv\/en\/wp-json\/wp\/v2\/product_cat?post=4832"},{"taxonomy":"product_tag","embeddable":true,"href":"https:\/\/birdie.lv\/en\/wp-json\/wp\/v2\/product_tag?post=4832"}],"curies":[{"name":"wp","href":"https:\/\/api.w.org\/{rel}","templated":true}]}}