{"id":4846,"date":"2026-03-08T06:55:12","date_gmt":"2026-03-08T06:55:12","guid":{"rendered":"https:\/\/birdie.lv\/?post_type=product&#038;p=4846"},"modified":"2026-03-27T18:41:03","modified_gmt":"2026-03-27T18:41:03","slug":"mvp-neutron-tesla-project-lab-coat","status":"publish","type":"product","link":"https:\/\/birdie.lv\/en\/product\/mvp-neutron-tesla-project-lab-coat\/","title":{"rendered":"MVP Neutron Tesla &#8211; Project Lab Coat"},"content":{"rendered":"<h5 data-path-to-node=\"7\"><b data-path-to-node=\"7\" data-index-in-node=\"0\">K\u0101p\u0113c MVP Neutron Tesla ir tava n\u0101kam\u0101 izv\u0113le?<\/b><\/h5>\n<ul data-path-to-node=\"8\">\n<li>\n<p data-path-to-node=\"8,0,0\"><b data-path-to-node=\"8,0,0\" data-index-in-node=\"0\">Kontrol\u0113ta jauda un stabilit\u0101te:<\/b> Tesla ir rad\u012bta, lai iztur\u0113tu lielu griezes sp\u0113ku (<i data-path-to-node=\"8,0,0\" data-index-in-node=\"84\">torque<\/i>), padarot to par ide\u0101lu izv\u0113li sp\u0113c\u012bgiem <i data-path-to-node=\"8,0,0\" data-index-in-node=\"132\">backhand<\/i> un <i data-path-to-node=\"8,0,0\" data-index-in-node=\"144\">forehand<\/i> metieniem. Ar parametriem <b data-path-to-node=\"8,0,0\" data-index-in-node=\"179\">[9\/5\/-1\/2]<\/b>, disks pied\u0101v\u0101 taisnu lidojumu ar uzticamu <i data-path-to-node=\"8,0,0\" data-index-in-node=\"233\">fade<\/i> nosl\u0113gum\u0101.<\/p>\n<\/li>\n<li>\n<p data-path-to-node=\"8,1,0\"><b data-path-to-node=\"8,1,0\" data-index-in-node=\"0\">Uz priek\u0161u v\u0113rsts Glide:<\/b> At\u0161\u0137ir\u012bb\u0101 no citiem stabiliem draiveriem, Tesla pied\u0101v\u0101 &#8220;forward-penetrating&#8221; plan\u0113jumu, kas pal\u012bdz ieg\u016bt papildu metiena att\u0101lumu pirms uzticam\u0101s piezem\u0113\u0161an\u0101s.<\/p>\n<\/li>\n<li>\n<p data-path-to-node=\"8,2,0\"><b data-path-to-node=\"8,2,0\" data-index-in-node=\"0\">Premium Neutron plastmasa:<\/b> Augst\u0101k\u0101s kvalit\u0101tes Neutron materi\u0101ls nodro\u0161ina ne tikai izcilu sa\u0137eri (<i data-path-to-node=\"8,2,0\" data-index-in-node=\"100\">grip<\/i>) jebkuros laikapst\u0101k\u013cos, bet ar\u012b neticamu iztur\u012bbu, saglab\u0101jot diska lidojuma \u012bpa\u0161\u012bbas gadiem ilgi.<\/p>\n<\/li>\n<li>\n<p data-path-to-node=\"8,3,0\"><b data-path-to-node=\"8,3,0\" data-index-in-node=\"0\">P\u0101rliec\u012bba v\u0113j\u0101:<\/b> Pateicoties <b data-path-to-node=\"8,3,0\" data-index-in-node=\"29\">GYRO\u00ae Overmold<\/b> tehnolo\u0123ijai, Tesla saglab\u0101 savu l\u012bniju pat br\u0101zmain\u0101 pretv\u0113j\u0101, samazinot s\u0101nu novirzi un garant\u0113jot dro\u0161u rezult\u0101tu.<\/p>\n<\/li>\n<\/ul>\n<hr data-path-to-node=\"9\" \/>\n<h5 data-path-to-node=\"10\"><b data-path-to-node=\"10\" data-index-in-node=\"0\">Ofici\u0101lais MVP raksturojums<\/b><\/h5>\n<blockquote data-path-to-node=\"11\">\n<p data-path-to-node=\"11,0\">\u201cTesla atsauc\u012bgais dizains balans\u0113 vieglu <i data-path-to-node=\"11,0\" data-index-in-node=\"42\">turn<\/i> ar uzticamu <i data-path-to-node=\"11,0\" data-index-in-node=\"59\">fade<\/i>. To var uzskat\u012bt par m\u016bsu popul\u0101r\u0101 <b data-path-to-node=\"11,0\" data-index-in-node=\"99\">Volt<\/b> fairway draivera \u2018lielo br\u0101li\u2019. Tesla papla\u0161ina lidojuma l\u012bnijas pie lielas jaudas, vienlaikus saglab\u0101jot pietiekamu \u2018bite\u2019, lai dro\u0161i atgrieztos trases centr\u0101. Izv\u0113lies Tesla prec\u012bziem t\u0101lmetieniem!\u201d<\/p>\n<\/blockquote>\n","protected":false},"excerpt":{"rendered":"<p data-path-to-node=\"5\"><b data-path-to-node=\"5\" data-index-in-node=\"0\">MVP Neutron Tesla<\/b> ir uzticams, stabils l\u012bdz <i data-path-to-node=\"5\" data-index-in-node=\"44\">overstable<\/i> <b data-path-to-node=\"5\" data-index-in-node=\"55\">distances draiveris<\/b> ar lidojuma parametriem <b data-path-to-node=\"5\" data-index-in-node=\"99\">[9\/5\/-1\/2]<\/b>. Izstr\u0101d\u0101ts sp\u0113l\u0113t\u0101jiem, kuriem nepiecie\u0161ama kontrol\u0113ta jauda un precizit\u0101te, Tesla nodro\u0161ina izcilu iztur\u012bbu pret v\u0113ju un stabilu nobeigumu katr\u0101 metien\u0101.<\/p>\n","protected":false},"featured_media":4852,"template":"","meta":{"om_disable_all_campaigns":false},"product_brand":[57],"product_cat":[48,67,284,396],"product_tag":[],"class_list":{"0":"post-4846","1":"product","2":"type-product","3":"status-publish","4":"has-post-thumbnail","6":"product_brand-mvp","7":"product_cat-diski","8":"product_cat-distance-drivers","9":"product_cat-new","10":"product_cat-restock","12":"first","13":"instock","14":"taxable","15":"shipping-taxable","16":"purchasable","17":"product-type-variable"},"aioseo_notices":[],"jetpack_sharing_enabled":true,"_links":{"self":[{"href":"https:\/\/birdie.lv\/en\/wp-json\/wp\/v2\/product\/4846","targetHints":{"allow":["GET"]}}],"collection":[{"href":"https:\/\/birdie.lv\/en\/wp-json\/wp\/v2\/product"}],"about":[{"href":"https:\/\/birdie.lv\/en\/wp-json\/wp\/v2\/types\/product"}],"version-history":[{"count":3,"href":"https:\/\/birdie.lv\/en\/wp-json\/wp\/v2\/product\/4846\/revisions"}],"predecessor-version":[{"id":5019,"href":"https:\/\/birdie.lv\/en\/wp-json\/wp\/v2\/product\/4846\/revisions\/5019"}],"wp:featuredmedia":[{"embeddable":true,"href":"https:\/\/birdie.lv\/en\/wp-json\/wp\/v2\/media\/4852"}],"wp:attachment":[{"href":"https:\/\/birdie.lv\/en\/wp-json\/wp\/v2\/media?parent=4846"}],"wp:term":[{"taxonomy":"product_brand","embeddable":true,"href":"https:\/\/birdie.lv\/en\/wp-json\/wp\/v2\/product_brand?post=4846"},{"taxonomy":"product_cat","embeddable":true,"href":"https:\/\/birdie.lv\/en\/wp-json\/wp\/v2\/product_cat?post=4846"},{"taxonomy":"product_tag","embeddable":true,"href":"https:\/\/birdie.lv\/en\/wp-json\/wp\/v2\/product_tag?post=4846"}],"curies":[{"name":"wp","href":"https:\/\/api.w.org\/{rel}","templated":true}]}}