{"id":4857,"date":"2026-03-08T10:37:10","date_gmt":"2026-03-08T10:37:10","guid":{"rendered":"https:\/\/birdie.lv\/?post_type=product&#038;p=4857"},"modified":"2026-03-27T18:31:45","modified_gmt":"2026-03-27T18:31:45","slug":"discraft-paul-mcbeth-esp-heat","status":"publish","type":"product","link":"https:\/\/birdie.lv\/en\/product\/discraft-paul-mcbeth-esp-heat\/","title":{"rendered":"Discraft Paul McBeth ESP Heat"},"content":{"rendered":"<div class=\"d-text\">\n<h5 data-path-to-node=\"6\"><b data-path-to-node=\"6\" data-index-in-node=\"0\">K\u0101p\u0113c Paul McBeth 6x ESP Heat ir oblig\u0101ta izv\u0113le?<\/b><\/h5>\n<ul data-path-to-node=\"7\">\n<li>\n<p data-path-to-node=\"7,0,0\"><b data-path-to-node=\"7,0,0\" data-index-in-node=\"0\">Izcils plan\u0113jums un distance:<\/b> Pateicoties parametriem <b data-path-to-node=\"7,0,0\" data-index-in-node=\"54\">[9\/6\/-3\/1]<\/b>, Heat pied\u0101v\u0101 vienu no lab\u0101kajiem <i data-path-to-node=\"7,0,0\" data-index-in-node=\"99\">glide<\/i> koeficientiem sav\u0101 klas\u0113, \u013caujot sasniegt iespaid\u012bgu att\u0101lumu pat pie l\u0113n\u0101ka metiena \u0101truma.<\/p>\n<\/li>\n<li>\n<p data-path-to-node=\"7,1,0\"><b data-path-to-node=\"7,1,0\" data-index-in-node=\"0\">Perfekts ies\u0101c\u0113jiem un att\u012bsto\u0161iem sp\u0113l\u0113t\u0101jiem:<\/b> Diska nedaudz kupolveida (<i data-path-to-node=\"7,1,0\" data-index-in-node=\"74\">domey<\/i>) profils un \u0161aur\u0101k\u0101 mala nodro\u0161ina \u0113rtu satv\u0113rienu, padarot to par ide\u0101lu pirmo draiveri jaunajiem sp\u0113l\u0113t\u0101jiem.<\/p>\n<\/li>\n<li>\n<p data-path-to-node=\"7,2,0\"><b data-path-to-node=\"7,2,0\" data-index-in-node=\"0\">Tehnisko metienu meistars:<\/b> \u0160is disks ir perfekti piem\u0113rots prec\u012bziem <i data-path-to-node=\"7,2,0\" data-index-in-node=\"69\">hyzer flip<\/i> metieniem, gariem <i data-path-to-node=\"7,2,0\" data-index-in-node=\"98\">anhyzer<\/i> lidojumiem un kontrol\u0113tiem <i data-path-to-node=\"7,2,0\" data-index-in-node=\"133\">rolleriem<\/i>.<\/p>\n<\/li>\n<li>\n<p data-path-to-node=\"7,3,0\"><b data-path-to-node=\"7,3,0\" data-index-in-node=\"0\">Premium ESP plastmasa:<\/b> Paul McBeth 6x s\u0113rijas ESP plastmasa apvieno izcilu iztur\u012bbu ar est\u0113tiski baud\u0101mu dizainu un nevainojamu sa\u0137eri (<i data-path-to-node=\"7,3,0\" data-index-in-node=\"136\">grip<\/i>) jebkuros laikapst\u0101k\u013cos.<\/p>\n<\/li>\n<\/ul>\n<hr data-path-to-node=\"8\" \/>\n<h5 data-path-to-node=\"9\"><b data-path-to-node=\"9\" data-index-in-node=\"0\">Ofici\u0101lais Discraft raksturojums<\/b><\/h5>\n<blockquote data-path-to-node=\"10\">\n<p data-path-to-node=\"10,0\">\u201cHeat\u2122 \u0101tri k\u013cuva popul\u0101rs, pateicoties t\u0101 kontrolei un distancei pie l\u0113n\u0101ka metiena \u0101truma. Tam ir \u0161aur\u0101ka mala \u0113rt\u0101kam satv\u0113rienam, un tas ir b\u016btisks solis uz priek\u0161u, pal\u012bdzot jaunajiem sp\u0113l\u0113t\u0101jiem sasniegt jaunus distances rekordus.\u201d<\/p>\n<\/blockquote>\n<\/div>\n","protected":false},"excerpt":{"rendered":"<div class=\"d-text\">\n<p data-path-to-node=\"4\"><b data-path-to-node=\"4\" data-index-in-node=\"0\">Discraft Paul McBeth 6x ESP Heat<\/b> ir izcils nepietiekami stabils (<i data-path-to-node=\"4\" data-index-in-node=\"65\">understable<\/i>) <b data-path-to-node=\"4\" data-index-in-node=\"78\">fairway draiveris<\/b> ar lidojuma parametriem <b data-path-to-node=\"4\" data-index-in-node=\"120\">[9\/6\/-3\/1]<\/b>. \u0160is disks ir pasaul\u0113 atz\u012bts k\u0101 viens no lab\u0101kajiem instrumentiem maksim\u0101lam plan\u0113jumam (<i data-path-to-node=\"4\" data-index-in-node=\"220\">glide<\/i>) un distancei, \u012bpa\u0161i sp\u0113l\u0113t\u0101jiem, kuri v\u0113las att\u012bst\u012bt savu metiena jaudu.<\/p>\n<\/div>\n","protected":false},"featured_media":4862,"template":"","meta":{"om_disable_all_campaigns":false},"product_brand":[59,53],"product_cat":[48,67,284,396],"product_tag":[],"class_list":{"0":"post-4857","1":"product","2":"type-product","3":"status-publish","4":"has-post-thumbnail","6":"product_brand-discraft","7":"product_brand-innova","8":"product_cat-diski","9":"product_cat-distance-drivers","10":"product_cat-new","11":"product_cat-restock","13":"first","14":"instock","15":"taxable","16":"shipping-taxable","17":"purchasable","18":"product-type-variable"},"aioseo_notices":[],"jetpack_sharing_enabled":true,"_links":{"self":[{"href":"https:\/\/birdie.lv\/en\/wp-json\/wp\/v2\/product\/4857","targetHints":{"allow":["GET"]}}],"collection":[{"href":"https:\/\/birdie.lv\/en\/wp-json\/wp\/v2\/product"}],"about":[{"href":"https:\/\/birdie.lv\/en\/wp-json\/wp\/v2\/types\/product"}],"version-history":[{"count":2,"href":"https:\/\/birdie.lv\/en\/wp-json\/wp\/v2\/product\/4857\/revisions"}],"predecessor-version":[{"id":5016,"href":"https:\/\/birdie.lv\/en\/wp-json\/wp\/v2\/product\/4857\/revisions\/5016"}],"wp:featuredmedia":[{"embeddable":true,"href":"https:\/\/birdie.lv\/en\/wp-json\/wp\/v2\/media\/4862"}],"wp:attachment":[{"href":"https:\/\/birdie.lv\/en\/wp-json\/wp\/v2\/media?parent=4857"}],"wp:term":[{"taxonomy":"product_brand","embeddable":true,"href":"https:\/\/birdie.lv\/en\/wp-json\/wp\/v2\/product_brand?post=4857"},{"taxonomy":"product_cat","embeddable":true,"href":"https:\/\/birdie.lv\/en\/wp-json\/wp\/v2\/product_cat?post=4857"},{"taxonomy":"product_tag","embeddable":true,"href":"https:\/\/birdie.lv\/en\/wp-json\/wp\/v2\/product_tag?post=4857"}],"curies":[{"name":"wp","href":"https:\/\/api.w.org\/{rel}","templated":true}]}}