{"id":4865,"date":"2026-03-08T10:45:28","date_gmt":"2026-03-08T10:45:28","guid":{"rendered":"https:\/\/birdie.lv\/?post_type=product&#038;p=4865"},"modified":"2026-03-27T18:29:26","modified_gmt":"2026-03-27T18:29:26","slug":"discraft-paige-pierce-esp-passion","status":"publish","type":"product","link":"https:\/\/birdie.lv\/en\/product\/discraft-paige-pierce-esp-passion\/","title":{"rendered":"Discraft Paige Pierce ESP Passion"},"content":{"rendered":"<div class=\"d-text\">\n<h5 data-path-to-node=\"7\"><b data-path-to-node=\"7\" data-index-in-node=\"0\">K\u0101p\u0113c izv\u0113l\u0113ties Discraft Passion savai somai?<\/b><\/h5>\n<ul data-path-to-node=\"8\">\n<li>\n<p data-path-to-node=\"8,0,0\"><b data-path-to-node=\"8,0,0\" data-index-in-node=\"0\">Taisns un paredzams lidojums:<\/b> Pie liel\u0101kiem metiena \u0101trumiem Passion nedaudz &#8220;pagrie\u017eas&#8221; (<i data-path-to-node=\"8,0,0\" data-index-in-node=\"90\">flip<\/i>), ilgsto\u0161i noturot prec\u012bzu l\u012bniju. Lidojuma nosl\u0113gum\u0101 disks atgrie\u017eas centr\u0101 ar \u013coti maigu un kontrol\u0113tu <i data-path-to-node=\"8,0,0\" data-index-in-node=\"200\">fade<\/i>, pateicoties parametriem <b data-path-to-node=\"8,0,0\" data-index-in-node=\"230\">[8\/5\/-1\/1]<\/b>.<\/p>\n<\/li>\n<li>\n<p data-path-to-node=\"8,1,0\"><b data-path-to-node=\"8,1,0\" data-index-in-node=\"0\">Univers\u0101ls r\u012bks profesion\u0101\u013ciem:<\/b> Pati Paige Pierce \u0161o modeli izmanto visda\u017e\u0101d\u0101kaj\u0101s situ\u0101cij\u0101s \u2013 no \u0161auriem koridoru metieniem me\u017e\u0101 l\u012bdz gariem, kontrol\u0113tiem <i data-path-to-node=\"8,1,0\" data-index-in-node=\"157\">anhyzer<\/i> lidojumiem.<\/p>\n<\/li>\n<li>\n<p data-path-to-node=\"8,2,0\"><b data-path-to-node=\"8,2,0\" data-index-in-node=\"0\">Perfekts ies\u0101c\u0113jiem:<\/b> Pateicoties neitr\u0101lajai stabilit\u0101tei un lieliskajai plan\u0113\u0161anai, \u0161is ir disks, ko sav\u0101 arsen\u0101l\u0101 iek\u013cauj gan jaunpien\u0101c\u0113ji, gan pasaules klases sp\u0113l\u0113t\u0101ji.<\/p>\n<\/li>\n<li>\n<p data-path-to-node=\"8,3,0\"><b data-path-to-node=\"8,3,0\" data-index-in-node=\"0\">Viegl\u0101ka svara opcijas:<\/b> Discraft izstr\u0101d\u0101ja Passion t\u0101, lai tas b\u016btu efekt\u012bvs ar\u012b viegl\u0101kos svaros. Tas nodro\u0161ina maksim\u0101lu kontroli sp\u0113l\u0113t\u0101jiem ar da\u017e\u0101du metiena jaudu, fizisko sagatavot\u012bbu un vecumu.<\/p>\n<\/li>\n<\/ul>\n<h5 class=\"\" data-path-to-node=\"10\"><b data-path-to-node=\"10\" data-index-in-node=\"0\">Ofici\u0101lais Discraft raksturojums<\/b><\/h5>\n<blockquote class=\"\" data-path-to-node=\"11\">\n<p data-path-to-node=\"11,0\">\u201c\u0160is 8. \u0101truma draiveris pied\u0101v\u0101 neitr\u0101lu lidojumu un lielisku plan\u0113\u0161anu, nodro\u0161inot kontroli met\u0113jiem ar jebk\u0101du sp\u0113ku. Paige Pierce izstr\u0101d\u0101ja Passion \u012bpa\u0161i, lai tas b\u016btu piem\u0113rots pla\u0161ai auditorijai, nezaud\u0113jot profesion\u0101la l\u012bme\u0146a sniegumu.\u201d<\/p>\n<\/blockquote>\n<\/div>\n","protected":false},"excerpt":{"rendered":"<div class=\"d-text\"><b class=\"\" data-path-to-node=\"5\" data-index-in-node=\"0\">Discraft Passion<\/b><span class=\"\"> ir otrais disks ekskluz\u012bvaj\u0101 Paige Pierce l\u012bnij\u0101,<\/span><span class=\"\"> kas izstr\u0101d\u0101ts k\u0101 \u012bpa\u0161i taisni lidojo\u0161s un kontrol\u0113jams <\/span><b class=\"\" data-path-to-node=\"5\" data-index-in-node=\"123\">fairway draiveris<\/b><span class=\"\">.<\/span><span class=\"\"> Ar lidojuma parametriem <\/span><b class=\"\" data-path-to-node=\"5\" data-index-in-node=\"166\">[8\/5\/-1\/1]<\/b><span class=\"\">,<\/span><span class=\"\"> \u0161is disks pied\u0101v\u0101 izcilu plan\u0113\u0161anu (<\/span><i class=\"\" data-path-to-node=\"5\" data-index-in-node=\"214\">glide<\/i><span class=\"\">) un neitr\u0101lu lidojuma trajektoriju,<\/span><span class=\"\"> padarot to par vienu no uzticam\u0101kajiem r\u012bkiem jebkur\u0101 distanc\u0113.<\/span><\/div>\n","protected":false},"featured_media":4861,"template":"","meta":{"om_disable_all_campaigns":false},"product_brand":[59],"product_cat":[48,66,284,396],"product_tag":[],"class_list":{"0":"post-4865","1":"product","2":"type-product","3":"status-publish","4":"has-post-thumbnail","6":"product_brand-discraft","7":"product_cat-diski","8":"product_cat-fairway-drivers","9":"product_cat-new","10":"product_cat-restock","12":"first","13":"instock","14":"taxable","15":"shipping-taxable","16":"purchasable","17":"product-type-variable"},"aioseo_notices":[],"jetpack_sharing_enabled":true,"_links":{"self":[{"href":"https:\/\/birdie.lv\/en\/wp-json\/wp\/v2\/product\/4865","targetHints":{"allow":["GET"]}}],"collection":[{"href":"https:\/\/birdie.lv\/en\/wp-json\/wp\/v2\/product"}],"about":[{"href":"https:\/\/birdie.lv\/en\/wp-json\/wp\/v2\/types\/product"}],"version-history":[{"count":3,"href":"https:\/\/birdie.lv\/en\/wp-json\/wp\/v2\/product\/4865\/revisions"}],"predecessor-version":[{"id":5015,"href":"https:\/\/birdie.lv\/en\/wp-json\/wp\/v2\/product\/4865\/revisions\/5015"}],"wp:featuredmedia":[{"embeddable":true,"href":"https:\/\/birdie.lv\/en\/wp-json\/wp\/v2\/media\/4861"}],"wp:attachment":[{"href":"https:\/\/birdie.lv\/en\/wp-json\/wp\/v2\/media?parent=4865"}],"wp:term":[{"taxonomy":"product_brand","embeddable":true,"href":"https:\/\/birdie.lv\/en\/wp-json\/wp\/v2\/product_brand?post=4865"},{"taxonomy":"product_cat","embeddable":true,"href":"https:\/\/birdie.lv\/en\/wp-json\/wp\/v2\/product_cat?post=4865"},{"taxonomy":"product_tag","embeddable":true,"href":"https:\/\/birdie.lv\/en\/wp-json\/wp\/v2\/product_tag?post=4865"}],"curies":[{"name":"wp","href":"https:\/\/api.w.org\/{rel}","templated":true}]}}