{"id":4869,"date":"2026-03-08T11:00:41","date_gmt":"2026-03-08T11:00:41","guid":{"rendered":"https:\/\/birdie.lv\/?post_type=product&#038;p=4869"},"modified":"2026-03-27T18:27:19","modified_gmt":"2026-03-27T18:27:19","slug":"axiom-neutron-insanity-project-lab-coat","status":"publish","type":"product","link":"https:\/\/birdie.lv\/en\/product\/axiom-neutron-insanity-project-lab-coat\/","title":{"rendered":"Axiom Neutron Insanity &#8211; Project Lab Coat"},"content":{"rendered":"<h5 data-path-to-node=\"8\"><b data-path-to-node=\"8\" data-index-in-node=\"0\">K\u0101p\u0113c Axiom Insanity ir v\u0113rts pam\u0113\u0123in\u0101t?<\/b><\/h5>\n<ul data-path-to-node=\"9\">\n<li>\n<p data-path-to-node=\"9,0,0\"><b data-path-to-node=\"9,0,0\" data-index-in-node=\"0\">Taisns lidojums:<\/b> Pateicoties lidojuma parametriem <b data-path-to-node=\"9,0,0\" data-index-in-node=\"50\">[9\/5\/-2\/1.5]<\/b>, Insanity nodro\u0161ina garus, taisnus lidojumus ar maigu nobeigumu (<i data-path-to-node=\"9,0,0\" data-index-in-node=\"128\">fade<\/i>). Tas ir izcils r\u012bks, lai sasniegtu distanci bez liekas piep\u016bles.<\/p>\n<\/li>\n<li>\n<p data-path-to-node=\"9,1,0\"><b data-path-to-node=\"9,1,0\" data-index-in-node=\"0\">Sal\u012bdzin\u0101jums ar MVP Inertia:<\/b> Tiem, kam <b data-path-to-node=\"9,1,0\" data-index-in-node=\"40\">MVP Inertia<\/b> \u0161\u0137iet nedaudz par stabilu, Insanity b\u016bs ide\u0101ls risin\u0101jums. Tas ir viegl\u0101k &#8220;pagrie\u017eams&#8221; (<i data-path-to-node=\"9,1,0\" data-index-in-node=\"140\">understable<\/i>), padarot to par lielisku r\u012bku prec\u012bziem metieniem \u0161aur\u0101s me\u017ea tras\u0113s.<\/p>\n<\/li>\n<li>\n<p data-path-to-node=\"9,2,0\"><b data-path-to-node=\"9,2,0\" data-index-in-node=\"0\">Vizu\u0101l\u0101 pievilc\u012bba un GYRO\u00ae:<\/b> Axiom diski izce\u013cas ar unik\u0101lu kr\u0101su dizainu, kur diska centrs un mala (<i data-path-to-node=\"9,2,0\" data-index-in-node=\"101\">rim<\/i>) ir at\u0161\u0137ir\u012bgos to\u0146os. Tas ne tikai izskat\u0101s labi, bet ar\u012b pal\u012bdz disku viegl\u0101k paman\u012bt z\u0101l\u0113 vai me\u017e\u0101.<\/p>\n<\/li>\n<li>\n<p data-path-to-node=\"9,3,0\"><b data-path-to-node=\"9,3,0\" data-index-in-node=\"0\">M\u0113r\u0137auditorija:<\/b> \u0160is 20 mm malas draiveris ir lieliski piem\u0113rots <b data-path-to-node=\"9,3,0\" data-index-in-node=\"64\">vid\u0113ja l\u012bme\u0146a sp\u0113l\u0113t\u0101jiem<\/b> k\u0101 galvenais distances disks vai <b data-path-to-node=\"9,3,0\" data-index-in-node=\"123\">pieredz\u0113ju\u0161iem met\u0113jiem<\/b> k\u0101 uzticams <i data-path-to-node=\"9,3,0\" data-index-in-node=\"159\">hyzerflip<\/i> un <i data-path-to-node=\"9,3,0\" data-index-in-node=\"172\">anhyzer<\/i> metienu instruments.<\/p>\n<\/li>\n<\/ul>\n","protected":false},"excerpt":{"rendered":"<p data-path-to-node=\"6\"><span class=\"\">Vai mekl\u0113jat savu n\u0101kamo &#8220;go-to&#8221; draiveri?<\/span> <b class=\"\" data-path-to-node=\"6\" data-index-in-node=\"43\">Axiom Insanity<\/b><span class=\"\"> ar lidojuma parametriem <\/span><b class=\"\" data-path-to-node=\"6\" data-index-in-node=\"82\">[9\/5\/-2\/1.5]<\/b><span class=\"\"> ir ide\u0101la izv\u0113le sp\u0113l\u0113t\u0101jiem,<\/span><span class=\"\"> kuri v\u0113las maksim\u0101lu kontroli p\u0101r distanci.<\/span><span class=\"\"> \u0160is disku golfa disks izmanto slaveno <\/span><b class=\"\" data-path-to-node=\"6\" data-index-in-node=\"207\">GYRO\u00ae Overmold<\/b><span class=\"\"> tehnolo\u0123iju,<\/span><span class=\"\"> kas nodro\u0161ina papildu rot\u0101ciju un stabil\u0101ku lidojumu pat v\u0113jain\u0101kos apst\u0101k\u013cos.<\/span><\/p>\n","protected":false},"featured_media":4877,"template":"","meta":{"om_disable_all_campaigns":false},"product_brand":[226],"product_cat":[48,66,284,396],"product_tag":[],"class_list":{"0":"post-4869","1":"product","2":"type-product","3":"status-publish","4":"has-post-thumbnail","6":"product_brand-axiom","7":"product_cat-diski","8":"product_cat-fairway-drivers","9":"product_cat-new","10":"product_cat-restock","12":"first","13":"instock","14":"taxable","15":"shipping-taxable","16":"purchasable","17":"product-type-variable"},"aioseo_notices":[],"jetpack_sharing_enabled":true,"_links":{"self":[{"href":"https:\/\/birdie.lv\/en\/wp-json\/wp\/v2\/product\/4869","targetHints":{"allow":["GET"]}}],"collection":[{"href":"https:\/\/birdie.lv\/en\/wp-json\/wp\/v2\/product"}],"about":[{"href":"https:\/\/birdie.lv\/en\/wp-json\/wp\/v2\/types\/product"}],"version-history":[{"count":3,"href":"https:\/\/birdie.lv\/en\/wp-json\/wp\/v2\/product\/4869\/revisions"}],"predecessor-version":[{"id":5013,"href":"https:\/\/birdie.lv\/en\/wp-json\/wp\/v2\/product\/4869\/revisions\/5013"}],"wp:featuredmedia":[{"embeddable":true,"href":"https:\/\/birdie.lv\/en\/wp-json\/wp\/v2\/media\/4877"}],"wp:attachment":[{"href":"https:\/\/birdie.lv\/en\/wp-json\/wp\/v2\/media?parent=4869"}],"wp:term":[{"taxonomy":"product_brand","embeddable":true,"href":"https:\/\/birdie.lv\/en\/wp-json\/wp\/v2\/product_brand?post=4869"},{"taxonomy":"product_cat","embeddable":true,"href":"https:\/\/birdie.lv\/en\/wp-json\/wp\/v2\/product_cat?post=4869"},{"taxonomy":"product_tag","embeddable":true,"href":"https:\/\/birdie.lv\/en\/wp-json\/wp\/v2\/product_tag?post=4869"}],"curies":[{"name":"wp","href":"https:\/\/api.w.org\/{rel}","templated":true}]}}