{"id":4879,"date":"2026-03-08T11:11:02","date_gmt":"2026-03-08T11:11:02","guid":{"rendered":"https:\/\/birdie.lv\/?post_type=product&#038;p=4879"},"modified":"2026-03-27T18:24:32","modified_gmt":"2026-03-27T18:24:32","slug":"proton-wave-project-lab-coat","status":"publish","type":"product","link":"https:\/\/birdie.lv\/en\/product\/proton-wave-project-lab-coat\/","title":{"rendered":"MVP Proton Wave &#8211; Project Lab Coat"},"content":{"rendered":"<div class=\"flex flex-col text-sm pb-25\">\n<section class=\"text-token-text-primary w-full focus:outline-none [--shadow-height:45px] has-data-writing-block:pointer-events-none has-data-writing-block:-mt-(--shadow-height) has-data-writing-block:pt-(--shadow-height) [&amp;:has([data-writing-block])&gt;*]:pointer-events-auto scroll-mt-[calc(var(--header-height)+min(200px,max(70px,20svh)))]\" dir=\"auto\" data-turn-id=\"request-WEB:b8ecc729-f8c7-48fc-a811-c822293161d4-1\" data-testid=\"conversation-turn-4\" data-scroll-anchor=\"true\" data-turn=\"assistant\">\n<div class=\"text-base my-auto mx-auto pb-10 [--thread-content-margin:var(--thread-content-margin-xs,calc(var(--spacing)*4))] @w-sm\/main:[--thread-content-margin:var(--thread-content-margin-sm,calc(var(--spacing)*6))] @w-lg\/main:[--thread-content-margin:var(--thread-content-margin-lg,calc(var(--spacing)*16))] px-(--thread-content-margin)\">\n<div class=\"[--thread-content-max-width:40rem] @w-lg\/main:[--thread-content-max-width:48rem] mx-auto max-w-(--thread-content-max-width) flex-1 group\/turn-messages focus-visible:outline-hidden relative flex w-full min-w-0 flex-col agent-turn\">\n<div class=\"flex max-w-full flex-col gap-4 grow\">\n<div class=\"min-h-8 text-message relative flex w-full flex-col items-end gap-2 text-start break-words whitespace-normal outline-none keyboard-focused:focus-ring [.text-message+&amp;]:mt-1\" dir=\"auto\" tabindex=\"0\" data-message-author-role=\"assistant\" data-message-id=\"1fe72bf4-7f92-461c-a695-d1809f0fac61\" data-message-model-slug=\"gpt-5-3\" data-turn-start-message=\"true\">\n<div class=\"flex w-full flex-col gap-1 empty:hidden\">\n<div class=\"markdown prose dark:prose-invert w-full wrap-break-word dark markdown-new-styling\">\n<p data-start=\"0\" data-end=\"384\" data-is-last-node=\"\" data-is-only-node=\"\">Ja mekl\u0113 uzticamu &#8220;workhorse&#8221; jeb galveno distances disku savai somai, <b data-path-to-node=\"9\" data-index-in-node=\"71\">MVP Wave<\/b> ir izv\u0113le numur viens. Pateicoties lidojuma parametriem <b data-path-to-node=\"9\" data-index-in-node=\"136\">11 | 5 | -2 | 2<\/b>, \u0161is disks pied\u0101v\u0101 izcilu balansu starp \u0101trumu un vad\u0101m\u012bbu, padarot to piem\u0113rotu gan vid\u0113ja l\u012bme\u0146a, gan pieredz\u0113ju\u0161iem disku golfa sp\u0113l\u0113t\u0101jiem.<\/p>\n<\/div>\n<p data-path-to-node=\"10\"><b data-path-to-node=\"10\" data-index-in-node=\"0\">\u00a0Wave<\/b> izce\u013cas ar:<\/p>\n<ul data-path-to-node=\"11\">\n<li>\n<p data-path-to-node=\"11,0,0\"><b data-path-to-node=\"11,0,0\" data-index-in-node=\"0\">Daudzpus\u012bbu:<\/b> Lieliski piem\u0113rots prec\u012bziem <i data-path-to-node=\"11,0,0\" data-index-in-node=\"42\">hyzerflip<\/i> metieniem un gariem anhyzer lidojumiem.<\/p>\n<\/li>\n<li>\n<p data-path-to-node=\"11,1,0\"><b data-path-to-node=\"11,1,0\" data-index-in-node=\"0\">Distanci:<\/b> Pateicoties augstajam lidojuma koeficientam (Glide 5), disks sp\u0113j &#8220;plan\u0113t&#8221; gais\u0101 ilg\u0101k, sasniedzot maksim\u0101lu att\u0101lumu.<\/p>\n<\/li>\n<li>\n<p data-path-to-node=\"11,2,0\"><b data-path-to-node=\"11,2,0\" data-index-in-node=\"0\">Iztur\u012bbu:<\/b> Cosmic Neutron plastmasa ne tikai izskat\u0101s iespaid\u012bgi ar saviem kr\u0101su virpu\u013ciem, bet ir ar\u012b \u012bpa\u0161i triecieniztur\u012bga un nodro\u0161ina lielisku sa\u0137eri (grip) jebkuros laikapst\u0101k\u013cos.<\/p>\n<\/li>\n<li>\n<p data-path-to-node=\"11,3,0\"><b data-path-to-node=\"11,3,0\" data-index-in-node=\"0\">Roller metieniem:<\/b> Kad disks ir nedaudz &#8220;iem\u012bl\u0113ts&#8221; (iesp\u0113l\u0113ts), tas k\u013c\u016bst par vienu no lab\u0101kajiem r\u012bkiem <i data-path-to-node=\"11,3,0\" data-index-in-node=\"104\">roller<\/i> metienu izpildei.<\/p>\n<\/li>\n<\/ul>\n<p data-path-to-node=\"12\">Pievieno savam arsen\u0101lam \u0161o GYRO\u00ae tehnolo\u0123ijas meistardarbu un saj\u016bti at\u0161\u0137ir\u012bbu katr\u0101 metien\u0101!<\/p>\n<\/div>\n<\/div>\n<\/div>\n<\/div>\n<\/div>\n<\/section>\n<\/div>\n","protected":false},"excerpt":{"rendered":"<p data-path-to-node=\"9\"><b data-path-to-node=\"4\" data-index-in-node=\"0\">MVP Wave<\/b> ir viens no popul\u0101r\u0101kajiem &#8220;distance driver&#8221; mode\u013ciem, kas izce\u013cas ar savu lidojuma trajektoriju un kontroli. Ar lidojuma parametriem <b data-path-to-node=\"4\" data-index-in-node=\"143\">11 | 5 | -2 | 2<\/b>, \u0161is disks pied\u0101v\u0101 stabilu distanci un nelielu &#8220;flipu&#8221;, padarot to par neaizvietojamu sabiedroto jebkur\u0101 disku golfa som\u0101.<\/p>","protected":false},"featured_media":4873,"template":"","meta":{"om_disable_all_campaigns":false},"product_brand":[226],"product_cat":[48,67,284,396],"product_tag":[],"class_list":{"0":"post-4879","1":"product","2":"type-product","3":"status-publish","4":"has-post-thumbnail","6":"product_brand-axiom","7":"product_cat-diski","8":"product_cat-distance-drivers","9":"product_cat-new","10":"product_cat-restock","12":"first","13":"instock","14":"taxable","15":"shipping-taxable","16":"purchasable","17":"product-type-variable"},"aioseo_notices":[],"jetpack_sharing_enabled":true,"_links":{"self":[{"href":"https:\/\/birdie.lv\/en\/wp-json\/wp\/v2\/product\/4879","targetHints":{"allow":["GET"]}}],"collection":[{"href":"https:\/\/birdie.lv\/en\/wp-json\/wp\/v2\/product"}],"about":[{"href":"https:\/\/birdie.lv\/en\/wp-json\/wp\/v2\/types\/product"}],"version-history":[{"count":6,"href":"https:\/\/birdie.lv\/en\/wp-json\/wp\/v2\/product\/4879\/revisions"}],"predecessor-version":[{"id":5010,"href":"https:\/\/birdie.lv\/en\/wp-json\/wp\/v2\/product\/4879\/revisions\/5010"}],"wp:featuredmedia":[{"embeddable":true,"href":"https:\/\/birdie.lv\/en\/wp-json\/wp\/v2\/media\/4873"}],"wp:attachment":[{"href":"https:\/\/birdie.lv\/en\/wp-json\/wp\/v2\/media?parent=4879"}],"wp:term":[{"taxonomy":"product_brand","embeddable":true,"href":"https:\/\/birdie.lv\/en\/wp-json\/wp\/v2\/product_brand?post=4879"},{"taxonomy":"product_cat","embeddable":true,"href":"https:\/\/birdie.lv\/en\/wp-json\/wp\/v2\/product_cat?post=4879"},{"taxonomy":"product_tag","embeddable":true,"href":"https:\/\/birdie.lv\/en\/wp-json\/wp\/v2\/product_tag?post=4879"}],"curies":[{"name":"wp","href":"https:\/\/api.w.org\/{rel}","templated":true}]}}