{"id":4949,"date":"2026-03-26T17:19:22","date_gmt":"2026-03-26T17:19:22","guid":{"rendered":"https:\/\/birdie.lv\/?post_type=product&#038;p=4949"},"modified":"2026-04-09T17:48:46","modified_gmt":"2026-04-09T17:48:46","slug":"discraft-sled","status":"publish","type":"product","link":"https:\/\/birdie.lv\/en\/product\/discraft-sled\/","title":{"rendered":"Discraft ESP Sled First Run"},"content":{"rendered":"<h5 data-path-to-node=\"1\">Iepaz\u012bstin\u0101m ar First Run Sled \u2013 2026. gada PDGA Pasaules \u010dempion\u0101ta ofici\u0101lo disku.<\/h5>\n<p data-path-to-node=\"2\">Iedvesmojoties no le\u0123end\u0101r\u0101s <i data-path-to-node=\"2\" data-index-in-node=\"29\">Kensington Toboggan<\/i> trases, <b data-path-to-node=\"2\" data-index-in-node=\"57\">Sled<\/b> modelis ir rad\u012bts k\u0101 palieko\u0161s simbols \u0161im presti\u017eajam notikumam. \u0160is disks ir izstr\u0101d\u0101ts maksim\u0101lai kontrolei, izcilam &#8220;metiena j\u016bt\u012bgumam&#8221; un p\u0101rliecino\u0161ai precizit\u0101tei tajos br\u012b\u017eos, kad k\u013c\u016bd\u0101m nav vietas.<\/p>\n<p data-path-to-node=\"3\"><b data-path-to-node=\"3\" data-index-in-node=\"0\">Sled<\/b> ienes jaunas saj\u016btas <i data-path-to-node=\"3\" data-index-in-node=\"26\">Discraft<\/i> produktu kl\u0101st\u0101:<\/p>\n<ul data-path-to-node=\"4\">\n<li>\n<p data-path-to-node=\"4,0,0\"><b data-path-to-node=\"4,0,0\" data-index-in-node=\"0\">Unik\u0101ls dizains:<\/b> Noapa\u013cot\u0101 \u012bk\u0161\u0137a grope (<i data-path-to-node=\"4,0,0\" data-index-in-node=\"40\">thumb track<\/i>) sniedz papildu komfortu un uzlabo kontroli satv\u0113riena br\u012bd\u012b.<\/p>\n<\/li>\n<li>\n<p data-path-to-node=\"4,1,0\"><b data-path-to-node=\"4,1,0\" data-index-in-node=\"0\">Paz\u012bstama ergonomika:<\/b> Diska noapa\u013cot\u0101 mala un priek\u0161puse (<i data-path-to-node=\"4,1,0\" data-index-in-node=\"58\">wing &amp; nose<\/i>) p\u0113c saj\u016bt\u0101m atg\u0101dina popul\u0101ros <i data-path-to-node=\"4,1,0\" data-index-in-node=\"102\">Luna<\/i> un <i data-path-to-node=\"4,1,0\" data-index-in-node=\"110\">Roach<\/i> mode\u013cus.<\/p>\n<\/li>\n<\/ul>","protected":false},"excerpt":{"rendered":"<p data-path-to-node=\"2\">Iedvesmojoties no le\u0123end\u0101r\u0101s <i data-path-to-node=\"2\" data-index-in-node=\"29\">Kensington Toboggan<\/i> trases, <b data-path-to-node=\"2\" data-index-in-node=\"57\">Sled<\/b> modelis ir rad\u012bts k\u0101 palieko\u0161s simbols \u0161im presti\u017eajam notikumam. \u0160is disks ir izstr\u0101d\u0101ts maksim\u0101lai kontrolei, izcilam &#8220;metiena j\u016bt\u012bgumam&#8221; un p\u0101rliecino\u0161ai precizit\u0101tei tajos br\u012b\u017eos, kad k\u013c\u016bd\u0101m nav vietas.<\/p>","protected":false},"featured_media":4955,"template":"","meta":{"om_disable_all_campaigns":false},"product_brand":[59],"product_cat":[48,396,64],"product_tag":[],"class_list":{"0":"post-4949","1":"product","2":"type-product","3":"status-publish","4":"has-post-thumbnail","6":"product_brand-discraft","7":"product_cat-diski","8":"product_cat-restock","9":"product_cat-putter-approach","11":"first","12":"instock","13":"taxable","14":"shipping-taxable","15":"purchasable","16":"product-type-variable"},"aioseo_notices":[],"jetpack_sharing_enabled":true,"_links":{"self":[{"href":"https:\/\/birdie.lv\/en\/wp-json\/wp\/v2\/product\/4949","targetHints":{"allow":["GET"]}}],"collection":[{"href":"https:\/\/birdie.lv\/en\/wp-json\/wp\/v2\/product"}],"about":[{"href":"https:\/\/birdie.lv\/en\/wp-json\/wp\/v2\/types\/product"}],"version-history":[{"count":1,"href":"https:\/\/birdie.lv\/en\/wp-json\/wp\/v2\/product\/4949\/revisions"}],"predecessor-version":[{"id":4957,"href":"https:\/\/birdie.lv\/en\/wp-json\/wp\/v2\/product\/4949\/revisions\/4957"}],"wp:featuredmedia":[{"embeddable":true,"href":"https:\/\/birdie.lv\/en\/wp-json\/wp\/v2\/media\/4955"}],"wp:attachment":[{"href":"https:\/\/birdie.lv\/en\/wp-json\/wp\/v2\/media?parent=4949"}],"wp:term":[{"taxonomy":"product_brand","embeddable":true,"href":"https:\/\/birdie.lv\/en\/wp-json\/wp\/v2\/product_brand?post=4949"},{"taxonomy":"product_cat","embeddable":true,"href":"https:\/\/birdie.lv\/en\/wp-json\/wp\/v2\/product_cat?post=4949"},{"taxonomy":"product_tag","embeddable":true,"href":"https:\/\/birdie.lv\/en\/wp-json\/wp\/v2\/product_tag?post=4949"}],"curies":[{"name":"wp","href":"https:\/\/api.w.org\/{rel}","templated":true}]}}