{"id":4959,"date":"2026-03-26T17:28:29","date_gmt":"2026-03-26T17:28:29","guid":{"rendered":"https:\/\/birdie.lv\/?post_type=product&#038;p=4959"},"modified":"2026-04-03T05:16:02","modified_gmt":"2026-04-03T05:16:02","slug":"discraft-esp-ares-paul-mcbeth-prototips","status":"publish","type":"product","link":"https:\/\/birdie.lv\/en\/product\/discraft-esp-ares-paul-mcbeth-prototips\/","title":{"rendered":"Discraft ESP ARES Paul McBeth Prototips"},"content":{"rendered":"<h5 data-path-to-node=\"1\">No &#8220;Zeus 2.0&#8221; par Ares: Jauna l\u012bme\u0146a distances draiveris<\/h5>\n<p data-path-to-node=\"2\">Tas, kas s\u0101k\u0101s k\u0101 pla\u0161i apspriestais <i data-path-to-node=\"2\" data-index-in-node=\"37\">Zeus 2.0<\/i> prototips, ir ofici\u0101li p\u0101rtapis par <b data-path-to-node=\"2\" data-index-in-node=\"82\">Ares<\/b>. \u0160is distances draiveris (<i data-path-to-node=\"2\" data-index-in-node=\"113\">distance driver<\/i>) ir rad\u012bts sp\u0113l\u0113t\u0101jiem, kuri no <i data-path-to-node=\"2\" data-index-in-node=\"161\">Zeus<\/i> mode\u013ca v\u0113l\u0113j\u0101s liel\u0101ku iztur\u012bbu pret jaudu (<i data-path-to-node=\"2\" data-index-in-node=\"210\">torque resistance<\/i>), nezaud\u0113jot diska saj\u016btu un trajektorijas veido\u0161anas iesp\u0113jas.<\/p>\n<p data-path-to-node=\"3\">Pirmie testa lidojumu metieni \u0101tri vien k\u013cuva par piepras\u012btu ieguvumu gan profesion\u0101\u013cu, gan ikdienas sp\u0113l\u0113t\u0101ju vid\u016b. <b data-path-to-node=\"3\" data-index-in-node=\"117\">Ares<\/b> tiek augsti v\u0113rt\u0113ts t\u0101 papildu stabilit\u0101tes, sp\u0113c\u012bg\u0101 lidojuma nobeiguma (<i data-path-to-node=\"3\" data-index-in-node=\"195\">fade<\/i>) un sp\u0113jas virz\u012bties uz priek\u0161u, nenovirzoties no uz\u0146emt\u0101s l\u012bnijas.<\/p>","protected":false},"excerpt":{"rendered":"<p>Tas, kas s\u0101k\u0101s k\u0101 pla\u0161i apspriestais <i data-path-to-node=\"2\" data-index-in-node=\"37\">Zeus 2.0<\/i> prototips, ir ofici\u0101li p\u0101rtapis par <b data-path-to-node=\"2\" data-index-in-node=\"82\">Ares<\/b>. \u0160is distances draiveris (<i data-path-to-node=\"2\" data-index-in-node=\"113\">distance driver<\/i>) ir rad\u012bts sp\u0113l\u0113t\u0101jiem, kuri no <i data-path-to-node=\"2\" data-index-in-node=\"161\">Zeus<\/i> mode\u013ca v\u0113l\u0113j\u0101s liel\u0101ku iztur\u012bbu pret jaudu (<i data-path-to-node=\"2\" data-index-in-node=\"210\">torque resistance<\/i>), nezaud\u0113jot diska saj\u016btu un trajektorijas veido\u0161anas iesp\u0113jas.<\/p>","protected":false},"featured_media":4963,"template":"","meta":{"om_disable_all_campaigns":false},"product_brand":[59],"product_cat":[361,48,67,204,284,396],"product_tag":[],"class_list":{"0":"post-4959","1":"product","2":"type-product","3":"status-publish","4":"has-post-thumbnail","6":"product_brand-discraft","7":"product_cat-anthony-barela","8":"product_cat-diski","9":"product_cat-distance-drivers","10":"product_cat-fuzed","11":"product_cat-new","12":"product_cat-restock","14":"first","15":"instock","16":"taxable","17":"shipping-taxable","18":"purchasable","19":"product-type-variable"},"aioseo_notices":[],"jetpack_sharing_enabled":true,"_links":{"self":[{"href":"https:\/\/birdie.lv\/en\/wp-json\/wp\/v2\/product\/4959","targetHints":{"allow":["GET"]}}],"collection":[{"href":"https:\/\/birdie.lv\/en\/wp-json\/wp\/v2\/product"}],"about":[{"href":"https:\/\/birdie.lv\/en\/wp-json\/wp\/v2\/types\/product"}],"version-history":[{"count":2,"href":"https:\/\/birdie.lv\/en\/wp-json\/wp\/v2\/product\/4959\/revisions"}],"predecessor-version":[{"id":5001,"href":"https:\/\/birdie.lv\/en\/wp-json\/wp\/v2\/product\/4959\/revisions\/5001"}],"wp:featuredmedia":[{"embeddable":true,"href":"https:\/\/birdie.lv\/en\/wp-json\/wp\/v2\/media\/4963"}],"wp:attachment":[{"href":"https:\/\/birdie.lv\/en\/wp-json\/wp\/v2\/media?parent=4959"}],"wp:term":[{"taxonomy":"product_brand","embeddable":true,"href":"https:\/\/birdie.lv\/en\/wp-json\/wp\/v2\/product_brand?post=4959"},{"taxonomy":"product_cat","embeddable":true,"href":"https:\/\/birdie.lv\/en\/wp-json\/wp\/v2\/product_cat?post=4959"},{"taxonomy":"product_tag","embeddable":true,"href":"https:\/\/birdie.lv\/en\/wp-json\/wp\/v2\/product_tag?post=4959"}],"curies":[{"name":"wp","href":"https:\/\/api.w.org\/{rel}","templated":true}]}}