{"id":4968,"date":"2026-03-26T17:58:58","date_gmt":"2026-03-26T17:58:58","guid":{"rendered":"https:\/\/birdie.lv\/?post_type=product&#038;p=4968"},"modified":"2026-04-08T11:35:27","modified_gmt":"2026-04-08T11:35:27","slug":"mvp-proton-trail-tales-of-terror","status":"publish","type":"product","link":"https:\/\/birdie.lv\/en\/product\/mvp-proton-trail-tales-of-terror\/","title":{"rendered":"MVP Proton Trail &#8211; Tales of Terror"},"content":{"rendered":"<h5 data-path-to-node=\"1\">Fanu favor\u012bts ir atpaka\u013c \u2013 Proton Trail!<\/h5>\n<p data-path-to-node=\"2\">Augsti piepras\u012btais sp\u0113l\u0113t\u0101ju m\u012blulis <b data-path-to-node=\"2\" data-index-in-node=\"38\">Proton Trail<\/b> ir atgriezies! <i data-path-to-node=\"2\" data-index-in-node=\"66\">Green C Studio<\/i> \u0161o disku ir izrot\u0101ju\u0161i ar vizu\u0101lu st\u0101stu par Takas sargu (<i data-path-to-node=\"2\" data-index-in-node=\"139\">Trail Keeper<\/i>), kur\u0161 spokojas Konrada kukur\u016bzas labirint\u0101 \u2013 klasisk\u0101 \u0161ausmu st\u0101sta mot\u012bvos.<\/p>\n<p data-path-to-node=\"3\"><b data-path-to-node=\"3\" data-index-in-node=\"0\">Trail<\/b> izce\u013cas ar izcilu sniegumu da\u017e\u0101dos metienos:<\/p>\n<ul data-path-to-node=\"4\">\n<li>\n<p data-path-to-node=\"4,0,0\"><b data-path-to-node=\"4,0,0\" data-index-in-node=\"0\">Hyzer-flip distances metieni:<\/b> Ide\u0101li piem\u0113rots lielai jaudai.<\/p>\n<\/li>\n<li>\n<p data-path-to-node=\"4,1,0\"><b data-path-to-node=\"4,1,0\" data-index-in-node=\"0\">Turnover metieni:<\/b> Kad nepiecie\u0161ams, lai disks kontrol\u0113ti &#8220;p\u0101rg\u0101\u017eas&#8221; uz otru pusi.<\/p>\n<\/li>\n<li>\n<p data-path-to-node=\"4,2,0\"><b data-path-to-node=\"4,2,0\" data-index-in-node=\"0\">Taisnie metieni:<\/b> Neticami stabila un taisna lidojuma l\u012bnija.<\/p>\n<\/li>\n<\/ul>\n<p data-path-to-node=\"5\">\u0160is ir k\u013cuvis par vienu no popul\u0101r\u0101kajiem draiveriem vis\u0101 <i data-path-to-node=\"5\" data-index-in-node=\"58\">MVP<\/i> kl\u0101st\u0101, un to sav\u0101 som\u0101 nov\u0113rt\u0113s jebkura l\u012bme\u0146a sp\u0113l\u0113t\u0101ji \u2013 no ies\u0101c\u0113jiem l\u012bdz pro. Tev nav j\u0101mald\u0101s \u0161ausmu piln\u0101 kukur\u016bzas lauk\u0101, lai tiktu pie sava \u2013 dodies pie sava iecien\u012bt\u0101k\u0101 <i data-path-to-node=\"5\" data-index-in-node=\"242\">MVP<\/i> izplat\u012bt\u0101ja un ieg\u016bsti to jau \u0161odien!<\/p>","protected":false},"excerpt":{"rendered":"<p>Augsti piepras\u012btais sp\u0113l\u0113t\u0101ju m\u012blulis <b data-path-to-node=\"2\" data-index-in-node=\"38\">Proton Trail<\/b> ir atgriezies! <i data-path-to-node=\"2\" data-index-in-node=\"66\">Green C Studio<\/i> \u0161o disku ir izrot\u0101ju\u0161i ar vizu\u0101lu st\u0101stu par Takas sargu (<i data-path-to-node=\"2\" data-index-in-node=\"139\">Trail Keeper<\/i>), kur\u0161 spokojas Konrada kukur\u016bzas labirint\u0101 \u2013 klasisk\u0101 \u0161ausmu st\u0101sta mot\u012bvos.<\/p>","protected":false},"featured_media":4974,"template":"","meta":{"om_disable_all_campaigns":false},"product_brand":[57],"product_cat":[48,67,284,396],"product_tag":[],"class_list":{"0":"post-4968","1":"product","2":"type-product","3":"status-publish","4":"has-post-thumbnail","6":"product_brand-mvp","7":"product_cat-diski","8":"product_cat-distance-drivers","9":"product_cat-new","10":"product_cat-restock","12":"first","13":"instock","14":"taxable","15":"shipping-taxable","16":"purchasable","17":"product-type-variable"},"aioseo_notices":[],"jetpack_sharing_enabled":true,"_links":{"self":[{"href":"https:\/\/birdie.lv\/en\/wp-json\/wp\/v2\/product\/4968","targetHints":{"allow":["GET"]}}],"collection":[{"href":"https:\/\/birdie.lv\/en\/wp-json\/wp\/v2\/product"}],"about":[{"href":"https:\/\/birdie.lv\/en\/wp-json\/wp\/v2\/types\/product"}],"version-history":[{"count":1,"href":"https:\/\/birdie.lv\/en\/wp-json\/wp\/v2\/product\/4968\/revisions"}],"predecessor-version":[{"id":4976,"href":"https:\/\/birdie.lv\/en\/wp-json\/wp\/v2\/product\/4968\/revisions\/4976"}],"wp:featuredmedia":[{"embeddable":true,"href":"https:\/\/birdie.lv\/en\/wp-json\/wp\/v2\/media\/4974"}],"wp:attachment":[{"href":"https:\/\/birdie.lv\/en\/wp-json\/wp\/v2\/media?parent=4968"}],"wp:term":[{"taxonomy":"product_brand","embeddable":true,"href":"https:\/\/birdie.lv\/en\/wp-json\/wp\/v2\/product_brand?post=4968"},{"taxonomy":"product_cat","embeddable":true,"href":"https:\/\/birdie.lv\/en\/wp-json\/wp\/v2\/product_cat?post=4968"},{"taxonomy":"product_tag","embeddable":true,"href":"https:\/\/birdie.lv\/en\/wp-json\/wp\/v2\/product_tag?post=4968"}],"curies":[{"name":"wp","href":"https:\/\/api.w.org\/{rel}","templated":true}]}}