{"id":4977,"date":"2026-03-26T18:04:59","date_gmt":"2026-03-26T18:04:59","guid":{"rendered":"https:\/\/birdie.lv\/?post_type=product&#038;p=4977"},"modified":"2026-03-26T18:12:10","modified_gmt":"2026-03-26T18:12:10","slug":"cosmic-neutron-tesla-project-lab-coat","status":"publish","type":"product","link":"https:\/\/birdie.lv\/en\/product\/cosmic-neutron-tesla-project-lab-coat\/","title":{"rendered":"MVP Cosmic Neutron Tesla &#8211; Project Lab Coat"},"content":{"rendered":"<h5 data-path-to-node=\"1\">Tesla \u2013 Stabili p\u0101rliecino\u0161s distances draiveris<\/h5>\n<p data-path-to-node=\"2\"><b data-path-to-node=\"2\" data-index-in-node=\"0\">Tesla<\/b> ir stabili-virstabils (<i data-path-to-node=\"2\" data-index-in-node=\"29\">stable-overstable<\/i>) distances draiveris, kas rad\u012bts maksim\u0101lai precizit\u0101tei t\u0101l\u0101s distanc\u0113s.<\/p>\n<p data-path-to-node=\"3\"><b data-path-to-node=\"3\" data-index-in-node=\"0\">Tesla<\/b> atsauc\u012bgais dizains nodro\u0161ina perfektu l\u012bdzsvaru:<\/p>\n<ul data-path-to-node=\"4\">\n<li>\n<p data-path-to-node=\"4,0,0\"><b data-path-to-node=\"4,0,0\" data-index-in-node=\"0\">Kontrol\u0113ts lidojums:<\/b> Smalks s\u0101kotn\u0113jais pagrieziens (<i data-path-to-node=\"4,0,0\" data-index-in-node=\"53\">turn<\/i>) apvienojum\u0101 ar uzticamu lidojuma nobeigumu (<i data-path-to-node=\"4,0,0\" data-index-in-node=\"103\">fade<\/i>).<\/p>\n<\/li>\n<li>\n<p data-path-to-node=\"4,1,0\"><b data-path-to-node=\"4,1,0\" data-index-in-node=\"0\">Papildu distance:<\/b> Izteikta celtsp\u0113ja (<i data-path-to-node=\"4,1,0\" data-index-in-node=\"38\">glide<\/i>) un uz priek\u0161u v\u0113rsts lidojuma nosl\u0113gums pal\u012bdz sasniegt liel\u0101kus att\u0101lumus.<\/p>\n<\/li>\n<li>\n<p data-path-to-node=\"4,2,0\"><b data-path-to-node=\"4,2,0\" data-index-in-node=\"0\">Stabilit\u0101te v\u0113j\u0101:<\/b> Lieliski piem\u0113rots sp\u0113c\u012bgiem metieniem vai pretv\u0113jam \u2013 diskam ir pietiekami &#8220;asuma&#8221; (<i data-path-to-node=\"4,2,0\" data-index-in-node=\"103\">bite<\/i>), lai uzticami atgrieztos trajektorij\u0101 un samazin\u0101tu s\u0101nu novirzi (<i data-path-to-node=\"4,2,0\" data-index-in-node=\"175\">lateral drift<\/i>).<\/p>\n<\/li>\n<\/ul>","protected":false},"excerpt":{"rendered":"<p data-path-to-node=\"2\"><b data-path-to-node=\"2\" data-index-in-node=\"0\">Tesla<\/b> ir stabili-virstabils (<i data-path-to-node=\"2\" data-index-in-node=\"29\">stable-overstable<\/i>) distances draiveris, kas rad\u012bts maksim\u0101lai precizit\u0101tei t\u0101l\u0101s distanc\u0113s.<\/p>","protected":false},"featured_media":4981,"template":"","meta":{"om_disable_all_campaigns":false},"product_brand":[57],"product_cat":[48,67,284,396],"product_tag":[],"class_list":{"0":"post-4977","1":"product","2":"type-product","3":"status-publish","4":"has-post-thumbnail","6":"product_brand-mvp","7":"product_cat-diski","8":"product_cat-distance-drivers","9":"product_cat-new","10":"product_cat-restock","12":"first","13":"instock","14":"taxable","15":"shipping-taxable","16":"purchasable","17":"product-type-variable"},"aioseo_notices":[],"jetpack_sharing_enabled":true,"_links":{"self":[{"href":"https:\/\/birdie.lv\/en\/wp-json\/wp\/v2\/product\/4977","targetHints":{"allow":["GET"]}}],"collection":[{"href":"https:\/\/birdie.lv\/en\/wp-json\/wp\/v2\/product"}],"about":[{"href":"https:\/\/birdie.lv\/en\/wp-json\/wp\/v2\/types\/product"}],"version-history":[{"count":1,"href":"https:\/\/birdie.lv\/en\/wp-json\/wp\/v2\/product\/4977\/revisions"}],"predecessor-version":[{"id":4983,"href":"https:\/\/birdie.lv\/en\/wp-json\/wp\/v2\/product\/4977\/revisions\/4983"}],"wp:featuredmedia":[{"embeddable":true,"href":"https:\/\/birdie.lv\/en\/wp-json\/wp\/v2\/media\/4981"}],"wp:attachment":[{"href":"https:\/\/birdie.lv\/en\/wp-json\/wp\/v2\/media?parent=4977"}],"wp:term":[{"taxonomy":"product_brand","embeddable":true,"href":"https:\/\/birdie.lv\/en\/wp-json\/wp\/v2\/product_brand?post=4977"},{"taxonomy":"product_cat","embeddable":true,"href":"https:\/\/birdie.lv\/en\/wp-json\/wp\/v2\/product_cat?post=4977"},{"taxonomy":"product_tag","embeddable":true,"href":"https:\/\/birdie.lv\/en\/wp-json\/wp\/v2\/product_tag?post=4977"}],"curies":[{"name":"wp","href":"https:\/\/api.w.org\/{rel}","templated":true}]}}