{"id":4984,"date":"2026-03-26T18:13:56","date_gmt":"2026-03-26T18:13:56","guid":{"rendered":"https:\/\/birdie.lv\/?post_type=product&#038;p=4984"},"modified":"2026-03-26T18:23:55","modified_gmt":"2026-03-26T18:23:55","slug":"mvp-neutron-engine-eagle-mcmahon","status":"publish","type":"product","link":"https:\/\/birdie.lv\/en\/product\/mvp-neutron-engine-eagle-mcmahon\/","title":{"rendered":"MVP Neutron Engine &#8211; Eagle McMahon"},"content":{"rendered":"<p data-path-to-node=\"0\">\u0160is ir aizraujo\u0161s s\u0101kums jaunajai 2026. gada s\u0113rijai! T\u0101 k\u0101 <b data-path-to-node=\"0\" data-index-in-node=\"60\">Archetype Series<\/b> ir balst\u012bta uz lomu sp\u0113les (RPG) t\u0113mu, tulkojum\u0101 esmu saglab\u0101jis \u0161o &#8220;piedz\u012bvojumu mekl\u0113t\u0101ju vien\u012bbas&#8221; un t\u0113lu atmosf\u0113ru, kas uzrun\u0101s fanus.<\/p>\n<h5 data-path-to-node=\"1\">Green C Studio un \u012agls Makmahons (Eagle McMahon) pulc\u0113 piedz\u012bvojumu komandu jaunajai 2026. gada s\u0113rijai \u2013 Archetype Series!<\/h5>\n<p data-path-to-node=\"2\">Katrai diskam \u0161aj\u0101 s\u0113rij\u0101 ir pie\u0161\u0137irta sava unik\u0101la loma, un pirmais t\u0101s dal\u012bbnieks ir <b data-path-to-node=\"2\" data-index-in-node=\"87\">Neutron Engine<\/b>, paz\u012bstams ar\u012b k\u0101 <b data-path-to-node=\"2\" data-index-in-node=\"120\">&#8220;The Warrior&#8221; (Karot\u0101js)<\/b>.<\/p>","protected":false},"excerpt":{"rendered":"<p data-path-to-node=\"0\">\u0160is ir aizraujo\u0161s s\u0101kums jaunajai 2026. gada s\u0113rijai! T\u0101 k\u0101 <b data-path-to-node=\"0\" data-index-in-node=\"60\">Archetype Series<\/b> ir balst\u012bta uz lomu sp\u0113les (RPG) t\u0113mu, tulkojum\u0101 esmu saglab\u0101jis \u0161o &#8220;piedz\u012bvojumu mekl\u0113t\u0101ju vien\u012bbas&#8221; un t\u0113lu atmosf\u0113ru, kas uzrun\u0101s fanus.<\/p>","protected":false},"featured_media":4989,"template":"","meta":{"om_disable_all_campaigns":false},"product_brand":[226,57],"product_cat":[48,67,284,396],"product_tag":[],"class_list":{"0":"post-4984","1":"product","2":"type-product","3":"status-publish","4":"has-post-thumbnail","6":"product_brand-axiom","7":"product_brand-mvp","8":"product_cat-diski","9":"product_cat-distance-drivers","10":"product_cat-new","11":"product_cat-restock","13":"first","14":"instock","15":"taxable","16":"shipping-taxable","17":"purchasable","18":"product-type-variable"},"aioseo_notices":[],"jetpack_sharing_enabled":true,"_links":{"self":[{"href":"https:\/\/birdie.lv\/en\/wp-json\/wp\/v2\/product\/4984","targetHints":{"allow":["GET"]}}],"collection":[{"href":"https:\/\/birdie.lv\/en\/wp-json\/wp\/v2\/product"}],"about":[{"href":"https:\/\/birdie.lv\/en\/wp-json\/wp\/v2\/types\/product"}],"version-history":[{"count":2,"href":"https:\/\/birdie.lv\/en\/wp-json\/wp\/v2\/product\/4984\/revisions"}],"predecessor-version":[{"id":4992,"href":"https:\/\/birdie.lv\/en\/wp-json\/wp\/v2\/product\/4984\/revisions\/4992"}],"wp:featuredmedia":[{"embeddable":true,"href":"https:\/\/birdie.lv\/en\/wp-json\/wp\/v2\/media\/4989"}],"wp:attachment":[{"href":"https:\/\/birdie.lv\/en\/wp-json\/wp\/v2\/media?parent=4984"}],"wp:term":[{"taxonomy":"product_brand","embeddable":true,"href":"https:\/\/birdie.lv\/en\/wp-json\/wp\/v2\/product_brand?post=4984"},{"taxonomy":"product_cat","embeddable":true,"href":"https:\/\/birdie.lv\/en\/wp-json\/wp\/v2\/product_cat?post=4984"},{"taxonomy":"product_tag","embeddable":true,"href":"https:\/\/birdie.lv\/en\/wp-json\/wp\/v2\/product_tag?post=4984"}],"curies":[{"name":"wp","href":"https:\/\/api.w.org\/{rel}","templated":true}]}}