{"id":5194,"date":"2026-04-24T11:24:47","date_gmt":"2026-04-24T11:24:47","guid":{"rendered":"https:\/\/birdie.lv\/?post_type=product&#038;p=5194"},"modified":"2026-04-30T14:02:12","modified_gmt":"2026-04-30T14:02:12","slug":"discmania-dd3-q-line-premier","status":"publish","type":"product","link":"https:\/\/birdie.lv\/en\/product\/discmania-dd3-q-line-premier\/","title":{"rendered":"Discmania DD3 Q-LINE PREMIER"},"content":{"rendered":"<p data-path-to-node=\"2\"><strong>Discmania Q-line Premier DD3 \u2013 Maksim\u0101ls att\u0101lums bez kompromisiem<\/strong><\/p>\n<p data-path-to-node=\"3\"><b data-path-to-node=\"3\" data-index-in-node=\"0\">Discmania Premier DD3<\/b> ir jaunais standarts t\u0101lajiem metieniem. \u0160is ir flagma\u0146a modelis, kas rad\u012bts sp\u0113l\u0113t\u0101jiem, kuri pieprasa maksim\u0101lu distanci, nezaud\u0113jot kontroli p\u0101r lidojuma trajektoriju. Pateicoties inovat\u012bvajai <b data-path-to-node=\"3\" data-index-in-node=\"218\">Premier Technology<\/b>, DD3 tagad lido t\u0101l\u0101k k\u0101 jebkad agr\u0101k, saglab\u0101jot savu le\u0123end\u0101ro uzticam\u012bbu.<\/p>\n<p data-path-to-node=\"4\"><strong>K\u0101p\u0113c izv\u0113l\u0113ties Premier DD3?<\/strong><\/p>\n<ul data-path-to-node=\"5\">\n<li>\n<p data-path-to-node=\"5,0,0\"><b data-path-to-node=\"5,0,0\" data-index-in-node=\"0\">Inovat\u012bva svara sadale:<\/b> Ar revolucion\u0101ro <i data-path-to-node=\"5,0,0\" data-index-in-node=\"41\">Premier Technology<\/i> svara sadal\u012bjums disk\u0101 ir optimiz\u0113ts, lai nodro\u0161in\u0101tu liel\u0101ku grie\u0161an\u0101s \u0101trumu un ilg\u0101ku rot\u0101cijas saglab\u0101\u0161anu. Rezult\u0101ts? Iev\u0113rojami gar\u0101ks lidojums.<\/p>\n<\/li>\n<li>\n<p data-path-to-node=\"5,1,0\"><b data-path-to-node=\"5,1,0\" data-index-in-node=\"0\">Q-line premium plastmasa:<\/b> \u012apa\u0161i iztur\u012bgs un &#8220;sa\u0137er\u012bgs&#8221; materi\u0101ls, kas ne tikai lieliski gu\u013c rok\u0101, bet ar\u012b nodro\u0161ina nemain\u012bgas lidojuma \u012bpa\u0161\u012bbas pat p\u0113c neskait\u0101miem metieniem.<\/p>\n<\/li>\n<li>\n<p data-path-to-node=\"5,2,0\"><b data-path-to-node=\"5,2,0\" data-index-in-node=\"0\">Stabilit\u0101te un jauda:<\/b> DD3 ir stabils l\u012bdz virsstabils (<i data-path-to-node=\"5,2,0\" data-index-in-node=\"55\">stable to overstable<\/i>) distances draiveris. Tas lieliski pretojas grie\u0161an\u0101s tendencei (<i data-path-to-node=\"5,2,0\" data-index-in-node=\"141\">turn<\/i>) pie liela \u0101truma metieniem un nosl\u0113dz lidojumu ar prognoz\u0113jamu kritienu (<i data-path-to-node=\"5,2,0\" data-index-in-node=\"220\">fade<\/i>).<\/p>\n<\/li>\n<\/ul>\n<p data-path-to-node=\"6\"><strong>Ide\u0101la izv\u0113le profesion\u0101\u013ciem un progres\u012bviem sp\u0113l\u0113t\u0101jiem<\/strong><\/p>\n<p data-path-to-node=\"7\">DD3 gadiem ilgi ir bijis Discmania distances disku kl\u0101sta mugurkauls, ko izv\u0113las lab\u0101kie pasaules t\u016bres sp\u0113l\u0113t\u0101ji. Premier versija saglab\u0101 klasisk\u0101s DD3 \u012bpa\u0161\u012bbas, bet pievieno mas\u012bvu &#8220;glide&#8221; un uz priek\u0161u v\u0113rstu gr\u016bdienu.<\/p>\n<blockquote data-path-to-node=\"8\">\n<p data-path-to-node=\"8,0\">&#8220;Premier DD3 man sniedza p\u0101rliec\u012bbu t\u0101lajos metienos, k\u0101das man iepriek\u0161 nebija. Tas dod papildu distanci, nezaud\u0113jot DD3 rakstur\u012bgo kontroli. Es ticu, ka jebkura l\u012bme\u0146a sp\u0113l\u0113t\u0101js var g\u016bt labumu no \u0161\u012b diska.&#8221; \u2013 <b data-path-to-node=\"8,0\" data-index-in-node=\"211\">Niklas Anttila<\/b><\/p>\n<\/blockquote>\n<p data-path-to-node=\"8,0\"><b data-path-to-node=\"11\" data-index-in-node=\"0\">Discmania Premier \u2013 Tas vienk\u0101r\u0161i lido t\u0101l\u0101k!<\/b> Pievieno savai somai Premier DD3 un izbaudi jaunu jaudas un kontroles l\u012bmeni.<\/p>","protected":false},"excerpt":{"rendered":"<p data-path-to-node=\"2\"><b data-path-to-node=\"3\" data-index-in-node=\"0\">Discmania Premier DD3<\/b> ir jaunais standarts t\u0101lajiem metieniem. \u0160is ir flagma\u0146a modelis, kas rad\u012bts sp\u0113l\u0113t\u0101jiem, kuri pieprasa maksim\u0101lu distanci, nezaud\u0113jot kontroli p\u0101r lidojuma trajektoriju. Pateicoties inovat\u012bvajai <b data-path-to-node=\"3\" data-index-in-node=\"218\">Premier Technology<\/b>, DD3 tagad lido t\u0101l\u0101k k\u0101 jebkad agr\u0101k, saglab\u0101jot savu le\u0123end\u0101ro uzticam\u012bbu.<\/p>","protected":false},"featured_media":5200,"template":"","meta":{"om_disable_all_campaigns":false},"product_brand":[52],"product_cat":[48,67,284,396,414],"product_tag":[],"class_list":{"0":"post-5194","1":"product","2":"type-product","3":"status-publish","4":"has-post-thumbnail","6":"product_brand-discmania","7":"product_cat-diski","8":"product_cat-distance-drivers","9":"product_cat-new","10":"product_cat-restock","11":"product_cat-premier","13":"first","14":"instock","15":"taxable","16":"shipping-taxable","17":"purchasable","18":"product-type-variable"},"aioseo_notices":[],"jetpack_sharing_enabled":true,"_links":{"self":[{"href":"https:\/\/birdie.lv\/en\/wp-json\/wp\/v2\/product\/5194","targetHints":{"allow":["GET"]}}],"collection":[{"href":"https:\/\/birdie.lv\/en\/wp-json\/wp\/v2\/product"}],"about":[{"href":"https:\/\/birdie.lv\/en\/wp-json\/wp\/v2\/types\/product"}],"version-history":[{"count":2,"href":"https:\/\/birdie.lv\/en\/wp-json\/wp\/v2\/product\/5194\/revisions"}],"predecessor-version":[{"id":5204,"href":"https:\/\/birdie.lv\/en\/wp-json\/wp\/v2\/product\/5194\/revisions\/5204"}],"wp:featuredmedia":[{"embeddable":true,"href":"https:\/\/birdie.lv\/en\/wp-json\/wp\/v2\/media\/5200"}],"wp:attachment":[{"href":"https:\/\/birdie.lv\/en\/wp-json\/wp\/v2\/media?parent=5194"}],"wp:term":[{"taxonomy":"product_brand","embeddable":true,"href":"https:\/\/birdie.lv\/en\/wp-json\/wp\/v2\/product_brand?post=5194"},{"taxonomy":"product_cat","embeddable":true,"href":"https:\/\/birdie.lv\/en\/wp-json\/wp\/v2\/product_cat?post=5194"},{"taxonomy":"product_tag","embeddable":true,"href":"https:\/\/birdie.lv\/en\/wp-json\/wp\/v2\/product_tag?post=5194"}],"curies":[{"name":"wp","href":"https:\/\/api.w.org\/{rel}","templated":true}]}}