{"id":5205,"date":"2026-04-24T11:47:21","date_gmt":"2026-04-24T11:47:21","guid":{"rendered":"https:\/\/birdie.lv\/?post_type=product&#038;p=5205"},"modified":"2026-04-30T14:02:19","modified_gmt":"2026-04-30T14:02:19","slug":"discmania-dd1-q-line-premier","status":"publish","type":"product","link":"https:\/\/birdie.lv\/en\/product\/discmania-dd1-q-line-premier\/","title":{"rendered":"Discmania DD1 Q-LINE PREMIER"},"content":{"rendered":"<p data-path-to-node=\"2\"><strong>Discmania Q-line Premier DD1 \u2013 Tava atsl\u0113ga uz v\u0113l nebiju\u0161u distanci<\/strong><\/p>\n<p data-path-to-node=\"3\">Vai v\u0113lies sasniegt att\u0101lumus, kas iepriek\u0161 \u0161\u0137ita neaizsniedzami? <b data-path-to-node=\"3\" data-index-in-node=\"66\">Discmania Premier DD1<\/b> ir izstr\u0101d\u0101ts tie\u0161i Tev! Ja DD3 ir profesion\u0101\u013cu izv\u0113le, tad DD1 ir distances draiveris mas\u0101m \u2013 disks, kas pal\u012bdz\u0113s mest t\u0101l\u0101k ikvienam, neatkar\u012bgi no pieredzes l\u012bme\u0146a.<\/p>\n<p data-path-to-node=\"4\"><strong>Distance ikvienam sp\u0113l\u0113t\u0101jam<\/strong><\/p>\n<p data-path-to-node=\"5\">At\u0161\u0137ir\u012bb\u0101 no agres\u012bviem distances draiveriem, kas prasa milz\u012bgu jaudu, <b data-path-to-node=\"5\" data-index-in-node=\"71\">Q-line Premier DD1<\/b> pied\u0101v\u0101 &#8220;piedodo\u0161u&#8221; lidojumu. Tas ir disks, kas nodro\u0161ina maksim\u0101lu &#8220;glide&#8221; (plan\u0113\u0161anu) un, visticam\u0101k, k\u013c\u016bs par Tavu t\u0101l\u0101ko disku som\u0101 jau p\u0113c pirm\u0101 metiena.<\/p>\n<p data-path-to-node=\"6\"><strong>Premier Technology \u2013 Jauda, ko var sajust<\/strong><\/p>\n<p data-path-to-node=\"7\">DD1 jau sen ir iecien\u012bts t\u0101 taisn\u0101 un prognoz\u0113jam\u0101 lidojuma d\u0113\u013c, ta\u010du jaun\u0101 <b data-path-to-node=\"7\" data-index-in-node=\"76\">Premier Technology<\/b> pace\u013c to jaun\u0101 l\u012bmen\u012b.<\/p>\n<ul data-path-to-node=\"8\">\n<li>\n<p data-path-to-node=\"8,0,0\"><b data-path-to-node=\"8,0,0\" data-index-in-node=\"0\">Optimiz\u0113ts svara sadal\u012bjums:<\/b> Lab\u0101ka rot\u0101cijas saglab\u0101\u0161ana lidojuma laik\u0101.<\/p>\n<\/li>\n<li>\n<p data-path-to-node=\"8,1,0\"><b data-path-to-node=\"8,1,0\" data-index-in-node=\"0\">Ilg\u0101ks lidojums:<\/b> Disks ilg\u0101k saglab\u0101 savu \u0101trumu, p\u0101rv\u0113r\u0161ot katru Tavu metienu papildu metros.<\/p>\n<\/li>\n<li>\n<p data-path-to-node=\"8,2,0\"><b data-path-to-node=\"8,2,0\" data-index-in-node=\"0\">Q-line plastmasa:<\/b> Premium materi\u0101ls, kas apvieno izcilu sa\u0137eri ar ilgm\u016b\u017e\u012bbu.<\/p>\n<\/li>\n<\/ul>\n<p data-path-to-node=\"9\"><strong>Lidojuma \u012bpa\u0161\u012bbas: Kontrole un vieglums<\/strong><\/p>\n<p data-path-to-node=\"10\">\u0160is ir taisns l\u012bdz nedaudz nestabils (<i data-path-to-node=\"10\" data-index-in-node=\"38\">understable<\/i>) distances draiveris, kas apbalvo vienm\u0113r\u012bgus un kontrol\u0113tus metienus.<\/p>\n<ul data-path-to-node=\"11\">\n<li>\n<p data-path-to-node=\"11,0,0\"><b data-path-to-node=\"11,0,0\" data-index-in-node=\"0\">Lielisks Glide:<\/b> Disks burtiski &#8220;gu\u013c&#8221; gais\u0101, veicot pilnu lidojuma trajektoriju pat pie vid\u0113ja metiena \u0101truma.<\/p>\n<\/li>\n<li>\n<p data-path-to-node=\"11,1,0\"><b data-path-to-node=\"11,1,0\" data-index-in-node=\"0\">Maigs Fade:<\/b> Lidojuma beig\u0101s disks piezem\u0113jas maigi un prognoz\u0113jami.<\/p>\n<\/li>\n<li>\n<p data-path-to-node=\"11,2,0\"><b data-path-to-node=\"11,2,0\" data-index-in-node=\"0\">Ergonomika:<\/b> Komfortabl\u0101 apmale (<i data-path-to-node=\"11,2,0\" data-index-in-node=\"32\">rim<\/i>) padara to par lielisku izv\u0113li sp\u0113l\u0113t\u0101jiem, kuri p\u0101riet uz \u0101tr\u0101kiem diskiem.<\/p>\n<\/li>\n<\/ul>\n<p data-path-to-node=\"12,0\">&#8220;Premier DD1 ir disks, ko liel\u0101k\u0101 da\u013ca sp\u0113l\u0113t\u0101ju ir gaid\u012bju\u0161i. Tas lido tik gludi un t\u0101lu! Tev nav j\u0101b\u016bt milz\u012bgam sp\u0113kam, lai izspiestu no t\u0101 maksimumu. \u0160im diskam ir vieta ikviena som\u0101.&#8221; \u2013 <b data-path-to-node=\"12,0\" data-index-in-node=\"190\">Niklas Anttila<\/b><\/p>\n<p data-path-to-node=\"13\"><strong>Kam piem\u0113rots Premier DD1?<\/strong><\/p>\n<ul data-path-to-node=\"14\">\n<li>\n<p data-path-to-node=\"14,0,0\"><b data-path-to-node=\"14,0,0\" data-index-in-node=\"0\">Ies\u0101c\u0113jiem un amatieriem:<\/b> Kas v\u0113las p\u0101riet uz distances draiveriem.<\/p>\n<\/li>\n<li>\n<p data-path-to-node=\"14,1,0\"><b data-path-to-node=\"14,1,0\" data-index-in-node=\"0\">Ikdienas sp\u0113l\u0113t\u0101jiem:<\/b> Kuri mekl\u0113 uzticamu disku maksim\u0101lam att\u0101lumam bez p\u0101rlieku lielas piep\u016bles.<\/p>\n<\/li>\n<li>\n<p data-path-to-node=\"14,2,0\"><b data-path-to-node=\"14,2,0\" data-index-in-node=\"0\">Visiem:<\/b> Kas v\u0113las disku, kas &#8220;pats dara darbu&#8221; lidojuma laik\u0101.<\/p>\n<\/li>\n<\/ul>\n<p data-path-to-node=\"15\"><b data-path-to-node=\"15\" data-index-in-node=\"0\">Br\u012bdin\u0101jums:<\/b> Tikl\u012bdz Tu izm\u0113\u0123in\u0101si Premier s\u0113riju, atgriezties pie parastajiem diskiem b\u016bs gr\u016bti. Uzlabo savu sp\u0113li jau \u0161odien!<\/p>","protected":false},"excerpt":{"rendered":"<p data-path-to-node=\"2\"><strong>Discmania Q-line Premier DD1 \u2013 Tava atsl\u0113ga uz v\u0113l nebiju\u0161u distanci<\/strong><\/p>\n<p data-path-to-node=\"3\">Vai v\u0113lies sasniegt att\u0101lumus, kas iepriek\u0161 \u0161\u0137ita neaizsniedzami? <b data-path-to-node=\"3\" data-index-in-node=\"66\">Discmania Premier DD1<\/b> ir izstr\u0101d\u0101ts tie\u0161i Tev! Ja DD3 ir profesion\u0101\u013cu izv\u0113le, tad DD1 ir distances draiveris mas\u0101m \u2013 disks, kas pal\u012bdz\u0113s mest t\u0101l\u0101k ikvienam, neatkar\u012bgi no pieredzes l\u012bme\u0146a.<\/p>","protected":false},"featured_media":5211,"template":"","meta":{"om_disable_all_campaigns":false},"product_brand":[52],"product_cat":[48,67,284,396,414],"product_tag":[],"class_list":{"0":"post-5205","1":"product","2":"type-product","3":"status-publish","4":"has-post-thumbnail","6":"product_brand-discmania","7":"product_cat-diski","8":"product_cat-distance-drivers","9":"product_cat-new","10":"product_cat-restock","11":"product_cat-premier","13":"first","14":"outofstock","15":"taxable","16":"shipping-taxable","17":"purchasable","18":"product-type-variable"},"aioseo_notices":[],"jetpack_sharing_enabled":true,"_links":{"self":[{"href":"https:\/\/birdie.lv\/en\/wp-json\/wp\/v2\/product\/5205","targetHints":{"allow":["GET"]}}],"collection":[{"href":"https:\/\/birdie.lv\/en\/wp-json\/wp\/v2\/product"}],"about":[{"href":"https:\/\/birdie.lv\/en\/wp-json\/wp\/v2\/types\/product"}],"version-history":[{"count":1,"href":"https:\/\/birdie.lv\/en\/wp-json\/wp\/v2\/product\/5205\/revisions"}],"predecessor-version":[{"id":5213,"href":"https:\/\/birdie.lv\/en\/wp-json\/wp\/v2\/product\/5205\/revisions\/5213"}],"wp:featuredmedia":[{"embeddable":true,"href":"https:\/\/birdie.lv\/en\/wp-json\/wp\/v2\/media\/5211"}],"wp:attachment":[{"href":"https:\/\/birdie.lv\/en\/wp-json\/wp\/v2\/media?parent=5205"}],"wp:term":[{"taxonomy":"product_brand","embeddable":true,"href":"https:\/\/birdie.lv\/en\/wp-json\/wp\/v2\/product_brand?post=5205"},{"taxonomy":"product_cat","embeddable":true,"href":"https:\/\/birdie.lv\/en\/wp-json\/wp\/v2\/product_cat?post=5205"},{"taxonomy":"product_tag","embeddable":true,"href":"https:\/\/birdie.lv\/en\/wp-json\/wp\/v2\/product_tag?post=5205"}],"curies":[{"name":"wp","href":"https:\/\/api.w.org\/{rel}","templated":true}]}}