{"id":5214,"date":"2026-04-24T12:04:41","date_gmt":"2026-04-24T12:04:41","guid":{"rendered":"https:\/\/birdie.lv\/?post_type=product&#038;p=5214"},"modified":"2026-04-30T14:02:26","modified_gmt":"2026-04-30T14:02:26","slug":"discmania-fd-q-line-premier","status":"publish","type":"product","link":"https:\/\/birdie.lv\/en\/product\/discmania-fd-q-line-premier\/","title":{"rendered":"Discmania FD Q-LINE PREMIER"},"content":{"rendered":"<p data-path-to-node=\"2\">Q-line Premier FD \u2013 Profesion\u0101ls Fairway Driver Maksim\u0101lai Kontrolei<\/p>\n<p data-path-to-node=\"3\">Vai mekl\u0113jat disku, kas apvieno \u0137irur\u0123isku precizit\u0101ti ar iespaid\u012bgu distanci? <b data-path-to-node=\"3\" data-index-in-node=\"79\">Q-line Premier FD<\/b> ir augst\u0101k\u0101s klases (farway driver), kas rad\u012bts tiem, kuriem svar\u012bga stabilit\u0101te un prognoz\u0113jams lidojums jebkuros laikapst\u0101k\u013cos. \u0160is disks ir k\u013cuvis par standartu sp\u0113l\u0113t\u0101jiem, kuri v\u0113las p\u0101rliec\u012bbu katr\u0101 metien\u0101.<\/p>\n<p data-path-to-node=\"4\"><strong>Galven\u0101s priek\u0161roc\u012bbas:<\/strong><\/p>\n<ul data-path-to-node=\"5\">\n<li>\n<p data-path-to-node=\"5,0,0\"><b data-path-to-node=\"5,0,0\" data-index-in-node=\"0\">Lidojuma \u012bpa\u0161\u012bbas:<\/b> Premier FD ir <b data-path-to-node=\"5,0,0\" data-index-in-node=\"33\">overstable<\/b>\u00a0draiveris bez &#8220;turn&#8221; efekta. Tas noz\u012bm\u0113, ka disks nekrit\u012bs uz s\u0101niem pat sp\u0113c\u012bg\u0101 v\u0113j\u0101 vai pie liela metiena \u0101truma.<\/p>\n<\/li>\n<li>\n<p data-path-to-node=\"5,1,0\"><b data-path-to-node=\"5,1,0\" data-index-in-node=\"0\">Premier Technology:<\/b> \u0160\u012b inov\u0101cija optimiz\u0113 svara sadal\u012bjumu diska mal\u0101s, nodro\u0161inot maksim\u0101lu <b data-path-to-node=\"5,1,0\" data-index-in-node=\"93\">rot\u0101cijas saglab\u0101\u0161anu (spin retention)<\/b>. Rezult\u0101ts? Gar\u0101ks lidojums un stabil\u0101ks f\u0101rv\u0113ja le\u0146\u0137is.<\/p>\n<\/li>\n<li>\n<p data-path-to-node=\"5,2,0\"><b data-path-to-node=\"5,2,0\" data-index-in-node=\"0\">Q-line plastmasa:<\/b> \u0160\u012b premium materi\u0101la sa\u0137ere un iztur\u012bba garant\u0113, ka diska lidojuma trajektorija nemain\u012bsies pat p\u0113c neskait\u0101m\u0101m sadursm\u0113m ar kokiem.<\/p>\n<\/li>\n<\/ul>\n<hr data-path-to-node=\"6\" \/>\n<p data-path-to-node=\"7\">K\u0101p\u0113c Premier FD ir lab\u0101k\u0101 izv\u0113le disku golfa laukum\u0101?<\/p>\n<p data-path-to-node=\"8\">At\u0161\u0137ir\u012bb\u0101 no standarta FD mode\u013ciem, <b data-path-to-node=\"8\" data-index-in-node=\"36\">Premier FD<\/b> ir &#8220;darba zirgs&#8221;, kas sp\u0113j iztur\u0113t lielu jaudu. Tas ir ide\u0101li piem\u0113rots:<\/p>\n<ol start=\"1\" data-path-to-node=\"9\">\n<li>\n<p data-path-to-node=\"9,0,0\"><b data-path-to-node=\"9,0,0\" data-index-in-node=\"0\">\u0160auriem me\u017ea koridoriem:<\/b> Kur katrs metra procents uz s\u0101niem var saboj\u0101t rezult\u0101tu.<\/p>\n<\/li>\n<li>\n<p data-path-to-node=\"9,1,0\"><b data-path-to-node=\"9,1,0\" data-index-in-node=\"0\">Prec\u012bziem &#8220;Placement&#8221; metieniem:<\/b> Kad nepiecie\u0161ams piezem\u0113ties konkr\u0113t\u0101 viet\u0101 pirms groza.<\/p>\n<\/li>\n<li>\n<p data-path-to-node=\"9,2,0\"><b data-path-to-node=\"9,2,0\" data-index-in-node=\"0\">Skaistiem &#8220;Flex&#8221; metieniem:<\/b> Pateicoties izcilajam <b data-path-to-node=\"9,2,0\" data-index-in-node=\"50\">glide (plan\u0113jumam)<\/b>, disks l\u0113n\u0101m atgrie\u017eas no anhaizera le\u0146\u0137a, palielinot kop\u0113jo distanci.<\/p>\n<\/li>\n<\/ol>","protected":false},"excerpt":{"rendered":"<p data-path-to-node=\"2\"><b data-path-to-node=\"1\" data-index-in-node=\"0\">Q-line Premier FD<\/b> ir augstas veiktsp\u0113jas <b data-path-to-node=\"1\" data-index-in-node=\"41\">disku golfa farway draiveris<\/b>, kas izstr\u0101d\u0101ts maksim\u0101lai kontrolei un precizit\u0101tei. Pateicoties inovat\u012bvajai <b data-path-to-node=\"1\" data-index-in-node=\"150\">Premier Technology<\/b> svara sadalei, disks nodro\u0161ina izcilu rot\u0101cijas notur\u012bbu un gar\u0101ku lidojuma distanci.<\/p>","protected":false},"featured_media":5220,"template":"","meta":{"om_disable_all_campaigns":false},"product_brand":[52],"product_cat":[48,66,284,396,414],"product_tag":[],"class_list":{"0":"post-5214","1":"product","2":"type-product","3":"status-publish","4":"has-post-thumbnail","6":"product_brand-discmania","7":"product_cat-diski","8":"product_cat-fairway-drivers","9":"product_cat-new","10":"product_cat-restock","11":"product_cat-premier","13":"first","14":"instock","15":"taxable","16":"shipping-taxable","17":"purchasable","18":"product-type-variable"},"aioseo_notices":[],"jetpack_sharing_enabled":true,"_links":{"self":[{"href":"https:\/\/birdie.lv\/en\/wp-json\/wp\/v2\/product\/5214","targetHints":{"allow":["GET"]}}],"collection":[{"href":"https:\/\/birdie.lv\/en\/wp-json\/wp\/v2\/product"}],"about":[{"href":"https:\/\/birdie.lv\/en\/wp-json\/wp\/v2\/types\/product"}],"version-history":[{"count":2,"href":"https:\/\/birdie.lv\/en\/wp-json\/wp\/v2\/product\/5214\/revisions"}],"predecessor-version":[{"id":5236,"href":"https:\/\/birdie.lv\/en\/wp-json\/wp\/v2\/product\/5214\/revisions\/5236"}],"wp:featuredmedia":[{"embeddable":true,"href":"https:\/\/birdie.lv\/en\/wp-json\/wp\/v2\/media\/5220"}],"wp:attachment":[{"href":"https:\/\/birdie.lv\/en\/wp-json\/wp\/v2\/media?parent=5214"}],"wp:term":[{"taxonomy":"product_brand","embeddable":true,"href":"https:\/\/birdie.lv\/en\/wp-json\/wp\/v2\/product_brand?post=5214"},{"taxonomy":"product_cat","embeddable":true,"href":"https:\/\/birdie.lv\/en\/wp-json\/wp\/v2\/product_cat?post=5214"},{"taxonomy":"product_tag","embeddable":true,"href":"https:\/\/birdie.lv\/en\/wp-json\/wp\/v2\/product_tag?post=5214"}],"curies":[{"name":"wp","href":"https:\/\/api.w.org\/{rel}","templated":true}]}}