{"id":5255,"date":"2026-04-24T17:17:58","date_gmt":"2026-04-24T17:17:58","guid":{"rendered":"https:\/\/birdie.lv\/?post_type=product&#038;p=5255"},"modified":"2026-04-30T14:03:12","modified_gmt":"2026-04-30T14:03:12","slug":"discmania-neo-instinct","status":"publish","type":"product","link":"https:\/\/birdie.lv\/en\/product\/discmania-neo-instinct\/","title":{"rendered":"Discmania NEO Instinct"},"content":{"rendered":"<p data-path-to-node=\"2\"><strong>Discmania Instinct \u2013 Le\u0123end\u0101rais Fairway Draiveris Tavai Kontrolei<\/strong><\/p>\n<p data-path-to-node=\"3\"><b data-path-to-node=\"3\" data-index-in-node=\"0\">Discmania Instinct<\/b> ir disks, ar kuru s\u0101k\u0101s visa Evolution s\u0113rijas \u0113ra. Tas ir pirmais \u0161\u012bs l\u012bnijas modelis, kas \u0101tri k\u013cuva par sp\u0113l\u0113t\u0101ju favor\u012btu vis\u0101 pasaul\u0113. Lai gan kop\u0161 2025. gada \u0161\u012b forma (mold) ir pievienota Originals s\u0113rijai ar nosaukumu FD1, <b data-path-to-node=\"3\" data-index-in-node=\"249\">Instinct<\/b> v\u0101rds joproj\u0101m simboliz\u0113 uzticam\u012bbu un izcilu veiktsp\u0113ju.<\/p>\n<p data-path-to-node=\"4\">Instinct ir izstr\u0101d\u0101ts sp\u0113l\u0113t\u0101jiem, kuriem nepiecie\u0161ams liels lidojuma att\u0101lums, nezaud\u0113jot precizit\u0101ti. Tas pied\u0101v\u0101 ide\u0101lu kombin\u0101ciju starp kontroli un plan\u0113jumu, padarot to par neaizst\u0101jamu r\u012bku jebkur\u0101 som\u0101.<\/p>\n<p data-path-to-node=\"5\"><strong>K\u0101p\u0113c izv\u0113l\u0113ties Discmania Instinct?<\/strong><\/p>\n<ul data-path-to-node=\"6\">\n<li>\n<p data-path-to-node=\"6,0,0\"><b data-path-to-node=\"6,0,0\" data-index-in-node=\"0\">Paredzama stabilit\u0101te:<\/b> Pat stipr\u0101 v\u0113j\u0101 Instinct saglab\u0101 savu l\u012bniju, nodro\u0161inot stabilu un uzticamu lidojuma beigu f\u0101zi.<\/p>\n<\/li>\n<li>\n<p data-path-to-node=\"6,1,0\"><b data-path-to-node=\"6,1,0\" data-index-in-node=\"0\">Izcils &#8220;Glide&#8221;:<\/b> Ar plan\u0113juma koeficientu 5, \u0161is disks burtiski turas gais\u0101, \u013caujot sasniegt iespaid\u012bgus att\u0101lumus ar maz\u0101ku piep\u016bli.<\/p>\n<\/li>\n<li>\n<p data-path-to-node=\"6,2,0\"><b data-path-to-node=\"6,2,0\" data-index-in-node=\"0\">Univers\u0101ls lietojums:<\/b> Instinct ir vienl\u012bdz efekt\u012bvs gan tehniskos &#8220;touch&#8221; metienos me\u017ea tras\u0113s, gan sp\u0113c\u012bgos jaudas metienos atkl\u0101t\u0101 lauk\u0101.<\/p>\n<\/li>\n<li>\n<p data-path-to-node=\"6,3,0\"><b data-path-to-node=\"6,3,0\" data-index-in-node=\"0\">P\u0101reja uz Originals:<\/b> \u0160\u012b ir t\u0101 pati forma, kas tagad paz\u012bstama k\u0101 <b data-path-to-node=\"6,3,0\" data-index-in-node=\"65\">FD1<\/b>, nodro\u0161inot to pa\u0161u \u010dempionu l\u012bme\u0146a kvalit\u0101ti.<\/p>\n<\/li>\n<\/ul>","protected":false},"excerpt":{"rendered":"<p data-path-to-node=\"2\"><b class=\"\" data-path-to-node=\"2\" data-index-in-node=\"0\">Discmania Instinct<\/b><span class=\"\"> ir augstas veiktsp\u0113jas <\/span><b class=\"\" data-path-to-node=\"2\" data-index-in-node=\"42\">fairway driver<\/b><span class=\"\"> disku golfa disks,<\/span><span class=\"\"> kas pied\u0101v\u0101 perfektu stabilit\u0101tes,<\/span><span class=\"\"> kontroles un plan\u0113juma (glide) balansu.<\/span><span class=\"\"> \u0160is uzticamais <\/span><b class=\"\" data-path-to-node=\"2\" data-index-in-node=\"166\">disks<\/b><span class=\"\"> ar lidojuma parametriem <\/span><b class=\"\" data-path-to-node=\"2\" data-index-in-node=\"196\">7 5 0 2<\/b><span class=\"\"> ir ide\u0101li piem\u0113rots gan prec\u012bziem t\u0101lmetieniem,<\/span><span class=\"\"> gan tehniskiem metieniem me\u017ea tras\u0113s,<\/span><span class=\"\"> nodro\u0161inot maksim\u0101lu rezult\u0101tu katr\u0101 metien\u0101.<\/span><\/p>","protected":false},"featured_media":5261,"template":"","meta":{"om_disable_all_campaigns":false},"product_brand":[52],"product_cat":[48,66,284,396],"product_tag":[],"class_list":{"0":"post-5255","1":"product","2":"type-product","3":"status-publish","4":"has-post-thumbnail","6":"product_brand-discmania","7":"product_cat-diski","8":"product_cat-fairway-drivers","9":"product_cat-new","10":"product_cat-restock","12":"first","13":"instock","14":"taxable","15":"shipping-taxable","16":"purchasable","17":"product-type-variable"},"aioseo_notices":[],"jetpack_sharing_enabled":true,"_links":{"self":[{"href":"https:\/\/birdie.lv\/en\/wp-json\/wp\/v2\/product\/5255","targetHints":{"allow":["GET"]}}],"collection":[{"href":"https:\/\/birdie.lv\/en\/wp-json\/wp\/v2\/product"}],"about":[{"href":"https:\/\/birdie.lv\/en\/wp-json\/wp\/v2\/types\/product"}],"version-history":[{"count":1,"href":"https:\/\/birdie.lv\/en\/wp-json\/wp\/v2\/product\/5255\/revisions"}],"predecessor-version":[{"id":5263,"href":"https:\/\/birdie.lv\/en\/wp-json\/wp\/v2\/product\/5255\/revisions\/5263"}],"wp:featuredmedia":[{"embeddable":true,"href":"https:\/\/birdie.lv\/en\/wp-json\/wp\/v2\/media\/5261"}],"wp:attachment":[{"href":"https:\/\/birdie.lv\/en\/wp-json\/wp\/v2\/media?parent=5255"}],"wp:term":[{"taxonomy":"product_brand","embeddable":true,"href":"https:\/\/birdie.lv\/en\/wp-json\/wp\/v2\/product_brand?post=5255"},{"taxonomy":"product_cat","embeddable":true,"href":"https:\/\/birdie.lv\/en\/wp-json\/wp\/v2\/product_cat?post=5255"},{"taxonomy":"product_tag","embeddable":true,"href":"https:\/\/birdie.lv\/en\/wp-json\/wp\/v2\/product_tag?post=5255"}],"curies":[{"name":"wp","href":"https:\/\/api.w.org\/{rel}","templated":true}]}}