{"id":5264,"date":"2026-04-24T17:43:03","date_gmt":"2026-04-24T17:43:03","guid":{"rendered":"https:\/\/birdie.lv\/?post_type=product&#038;p=5264"},"modified":"2026-04-30T14:02:32","modified_gmt":"2026-04-30T14:02:32","slug":"discmania-neo-founder","status":"publish","type":"product","link":"https:\/\/birdie.lv\/en\/product\/discmania-neo-founder\/","title":{"rendered":"Discmania NEO Founder"},"content":{"rendered":"<p data-start=\"0\" data-end=\"66\">Ja mekl\u0113 disku, kuru ir patiesi prieks mest, tad t\u0101lu nav j\u0101mekl\u0113!<\/p>\n<p data-start=\"68\" data-end=\"250\"><strong data-start=\"68\" data-end=\"79\">Founder<\/strong> ir rad\u012bts vieglai izme\u0161anai un bezpiep\u016bles pagriezienam lidojum\u0101. \u0160im diskam nepiecie\u0161ams pavisam neliels sp\u0113ks, lai tas ieg\u016btu lielisku sl\u012bd\u0113jumu un vienm\u0113r\u012bgu lidojumu.<\/p>\n<p data-start=\"252\" data-end=\"583\">Tas ir ide\u0101ls tavs vid\u0113j\u0101s distances disks, kas nodro\u0161ina vieglu att\u0101lumu un precizit\u0101ti pat pie maz\u0101ka rokas \u0101truma. Pateicoties izteikti nestabilajam lidojumam, tas lieliski piem\u0113rots visu prasmju l\u012bme\u0146u sp\u0113l\u0113t\u0101jiem, kuri v\u0113las izpild\u012bt gludas turnover l\u012bnijas, garus hyzer-flip metienus vai rollera metienus ar minim\u0101lu piep\u016bli.<\/p>\n<p data-start=\"585\" data-end=\"1075\">Neatkar\u012bgi no t\u0101, vai tikai s\u0101c sp\u0113l\u0113t vai ar\u012b tev nepiecie\u0161ams smalks disks tehnisku trajektoriju veido\u0161anai, <strong data-start=\"696\" data-end=\"707\">Founder<\/strong> pied\u0101v\u0101 lielisku sl\u012bd\u0113jumu, kontroli un saj\u016btu. M\u016bsu augst\u0101k\u0101s kvalit\u0101tes <strong data-start=\"782\" data-end=\"789\">Neo<\/strong> plastmasa nodro\u0161ina lielisku l\u012bdzsvaru starp sa\u0137eri, kas \u012bpa\u0161i svar\u012bga prec\u012bziem piesk\u0101riena metieniem, un iztur\u012bbu. T\u0101 varb\u016bt nav pati neizn\u012bcin\u0101m\u0101k\u0101 plastmasa tirg\u016b, ta\u010du \u0161is l\u012bdzsvars ir tie\u0161i tas, kas vajadz\u012bgs, un turkl\u0101t t\u0101 saglab\u0101 pat\u012bkamu saj\u016btu rok\u0101 ar\u012b v\u0113s\u0101kos laikapst\u0101k\u013cos.<\/p>\n<p data-start=\"1191\" data-end=\"1329\">Lai gan tas var neb\u016bt pats uzticam\u0101kais disks stipr\u0101 v\u0113j\u0101, t\u0101 unik\u0101li nestabilais lidojums \u013cauj paveikt patie\u0161\u0101m iespaid\u012bgas lietas tras\u0113.<\/p>\n<p data-start=\"1331\" data-end=\"1354\"><strong data-start=\"1331\" data-end=\"1354\">Lieliski piem\u0113rots:<\/strong><\/p>\n<ul data-start=\"1355\" data-end=\"1489\" data-is-last-node=\"\" data-is-only-node=\"\">\n<li data-section-id=\"np8zql\" data-start=\"1355\" data-end=\"1367\">ies\u0101c\u0113jiem<\/li>\n<li data-section-id=\"sr91tv\" data-start=\"1368\" data-end=\"1391\">jaunajiem sp\u0113l\u0113t\u0101jiem<\/li>\n<li data-section-id=\"1digy05\" data-start=\"1392\" data-end=\"1403\">senioriem<\/li>\n<li data-section-id=\"1dasady\" data-start=\"1404\" data-end=\"1435\">smalkiem, prec\u012bziem metieniem<\/li>\n<li data-section-id=\"1xs1003\" data-start=\"1436\" data-end=\"1447\">rolleriem<\/li>\n<li data-section-id=\"1txqnat\" data-start=\"1448\" data-end=\"1470\">hyzer-flip metieniem<\/li>\n<li data-section-id=\"1x5d94t\" data-start=\"1471\" data-end=\"1489\" data-is-last-node=\"\">turnover l\u012bnij\u0101m<\/li>\n<\/ul>","protected":false},"excerpt":{"rendered":"<p data-path-to-node=\"2\">Founder ir \u012bpa\u0161i viegli metams midrange disks ar izteikti nestabilu lidojumu, kas nodro\u0161ina lielisku sl\u012bd\u0113jumu un kontroli pat pie zem\u0101ka rokas \u0101truma. Tas ir lieliski piem\u0113rots hyzer-flip, turnover un roller metieniem, padarot to par ide\u0101lu izv\u0113li ies\u0101c\u0113jiem un sp\u0113l\u0113t\u0101jiem, kuri mekl\u0113 precizit\u0101ti un daudzpus\u012bbu.<\/p>","protected":false},"featured_media":5262,"template":"","meta":{"om_disable_all_campaigns":false},"product_brand":[52],"product_cat":[48,284,65,396],"product_tag":[],"class_list":{"0":"post-5264","1":"product","2":"type-product","3":"status-publish","4":"has-post-thumbnail","6":"product_brand-discmania","7":"product_cat-diski","8":"product_cat-new","9":"product_cat-midrange","10":"product_cat-restock","12":"first","13":"instock","14":"taxable","15":"shipping-taxable","16":"purchasable","17":"product-type-variable"},"aioseo_notices":[],"jetpack_sharing_enabled":true,"_links":{"self":[{"href":"https:\/\/birdie.lv\/en\/wp-json\/wp\/v2\/product\/5264","targetHints":{"allow":["GET"]}}],"collection":[{"href":"https:\/\/birdie.lv\/en\/wp-json\/wp\/v2\/product"}],"about":[{"href":"https:\/\/birdie.lv\/en\/wp-json\/wp\/v2\/types\/product"}],"version-history":[{"count":1,"href":"https:\/\/birdie.lv\/en\/wp-json\/wp\/v2\/product\/5264\/revisions"}],"predecessor-version":[{"id":5267,"href":"https:\/\/birdie.lv\/en\/wp-json\/wp\/v2\/product\/5264\/revisions\/5267"}],"wp:featuredmedia":[{"embeddable":true,"href":"https:\/\/birdie.lv\/en\/wp-json\/wp\/v2\/media\/5262"}],"wp:attachment":[{"href":"https:\/\/birdie.lv\/en\/wp-json\/wp\/v2\/media?parent=5264"}],"wp:term":[{"taxonomy":"product_brand","embeddable":true,"href":"https:\/\/birdie.lv\/en\/wp-json\/wp\/v2\/product_brand?post=5264"},{"taxonomy":"product_cat","embeddable":true,"href":"https:\/\/birdie.lv\/en\/wp-json\/wp\/v2\/product_cat?post=5264"},{"taxonomy":"product_tag","embeddable":true,"href":"https:\/\/birdie.lv\/en\/wp-json\/wp\/v2\/product_tag?post=5264"}],"curies":[{"name":"wp","href":"https:\/\/api.w.org\/{rel}","templated":true}]}}