{"id":5352,"date":"2026-04-27T13:48:36","date_gmt":"2026-04-27T13:48:36","guid":{"rendered":"https:\/\/birdie.lv\/?post_type=product&#038;p=5352"},"modified":"2026-04-27T13:56:00","modified_gmt":"2026-04-27T13:56:00","slug":"titanium-big-z-special-blend-cigarra-anthony-barela-2026","status":"publish","type":"product","link":"https:\/\/birdie.lv\/en\/product\/titanium-big-z-special-blend-cigarra-anthony-barela-2026\/","title":{"rendered":"Discraft Titanium Big Z Special Blend Cigarra &#8211; Anthony Barela 2026"},"content":{"rendered":"<p data-path-to-node=\"2\"><strong>Titanium Big Z Special Blend Cigarra \u2013 Anthony Barela 2026 Tour Series<\/strong><\/p>\n<p data-path-to-node=\"3\"><span class=\"\">\u0160is ir \u012bpa\u0161ais <\/span><b class=\"\" data-path-to-node=\"3\" data-index-in-node=\"15\">Titanium Big Z Special Blend<\/b><span class=\"\"> izlaidums,<\/span><span class=\"\"> kas rad\u012bts <\/span><b class=\"\" data-path-to-node=\"3\" data-index-in-node=\"66\">2026. gada Tour Series<\/b><span class=\"\"> kolekcijai.<\/span><span class=\"\"> Discraft ir apvienojis lab\u0101k\u0101s <\/span><b class=\"\" data-path-to-node=\"3\" data-index-in-node=\"132\">Big Z<\/b><span class=\"\"> un <\/span><b class=\"\" data-path-to-node=\"3\" data-index-in-node=\"141\">Titanium<\/b><span class=\"\"> plastmasu \u012bpa\u0161\u012bbas vien\u0101 premium mais\u012bjum\u0101,<\/span><span class=\"\"> lai nodro\u0161in\u0101tu nep\u0101rsp\u0113jamu sniegumu <\/span><b class=\"\" data-path-to-node=\"3\" data-index-in-node=\"232\">Cigarra<\/b><span class=\"\"> modelim.<\/span><\/p>\n<p data-path-to-node=\"4\"><strong>K\u0101p\u0113c \u0161is Special Blend ir unik\u0101ls?<\/strong><\/p>\n<ul data-path-to-node=\"5\">\n<li>\n<p data-path-to-node=\"5,0,0\"><b class=\"\" data-path-to-node=\"5,0,0\" data-index-in-node=\"0\">Est\u0113tika un saj\u016bta:<\/b><span class=\"\"> Sagaidi drosm\u012bgus,<\/span><span class=\"\"> ko\u0161us kr\u0101su virpu\u013cus un komfortablo sa\u0137eri,<\/span><span class=\"\"> ko sp\u0113l\u0113t\u0101ji tik \u013coti m\u012bl Big Z plastmas\u0101.<\/span><\/p>\n<\/li>\n<li>\n<p data-path-to-node=\"5,1,0\"><b class=\"\" data-path-to-node=\"5,1,0\" data-index-in-node=\"0\">Iztur\u012bba un veiktsp\u0113ja:<\/b><span class=\"\"> Titanium komponents nodro\u0161ina ilgm\u016b\u017e\u012bgu iztur\u012bbu pret triecieniem,<\/span><span class=\"\"> \u013caujot diskam saglab\u0101t savus lidojuma parametrus pat p\u0113c intens\u012bvas lieto\u0161anas.<\/span><\/p>\n<\/li>\n<li>\n<p data-path-to-node=\"5,2,0\"><b class=\"\" data-path-to-node=\"5,2,0\" data-index-in-node=\"0\">Augst\u0101k\u0101 klase:<\/b><span class=\"\"> Rezult\u0101ts ir premium apstr\u0101de ar uzlabotu sa\u0137eri,<\/span><span class=\"\"> kas izskat\u0101s tikpat labi,<\/span><span class=\"\"> cik tas j\u016btas rok\u0101.<\/span><\/p>\n<\/li>\n<\/ul>\n<p data-path-to-node=\"6\"><strong>K\u0101p\u0113c Anthony Barela Cigarra ir tavs jaunais slepenais ierocis?<\/strong><\/p>\n<ul data-path-to-node=\"7\">\n<li>\n<p data-path-to-node=\"7,0,0\"><b class=\"\" data-path-to-node=\"7,0,0\" data-index-in-node=\"0\">Fenomen\u0101ls plan\u0113jums (Glide 6):<\/b><span class=\"\"> Cigarra burtiski &#8220;peld&#8221; gais\u0101.<\/span><span class=\"\"> Tas sasniedz liel\u0101ku distanci ar maz\u0101ku piep\u016bli,<\/span><span class=\"\"> padarot to par izcilu izv\u0113li gan pro sp\u0113l\u0113t\u0101jiem,<\/span><span class=\"\"> gan amatieriem.<\/span><\/p>\n<\/li>\n<li>\n<p data-path-to-node=\"7,1,0\"><b class=\"\" data-path-to-node=\"7,1,0\" data-index-in-node=\"0\">&#8220;Hyzer-Flip&#8221; meistars:<\/b><span class=\"\"> \u0160is disks ir rad\u012bts,<\/span><span class=\"\"> lai to palaistu ar hizeri,<\/span><span class=\"\"> \u013caujot tam gais\u0101 iztaisnoties un lidot taisni k\u0101 bultai ar minim\u0101lu beigu kritienu.<\/span><\/p>\n<\/li>\n<li>\n<p data-path-to-node=\"7,2,0\"><b class=\"\" data-path-to-node=\"7,2,0\" data-index-in-node=\"0\">Lidojuma parametri (7 | 6 | -2 | 1):<\/b><span class=\"\"> Ide\u0101li piem\u0113rots tehniskajiem me\u017ea metieniem un kontrolei \u0161aur\u0101s ej\u0101s,<\/span><span class=\"\"> nodro\u0161inot l\u0113nu un prognoz\u0113jamu &#8220;pagriezienu&#8221; pa labi (labro\u010diem).<\/span><\/p>\n<\/li>\n<li>\n<p data-path-to-node=\"7,3,0\"><b class=\"\" data-path-to-node=\"7,3,0\" data-index-in-node=\"0\">Ofici\u0101l\u0101 t\u016bres s\u0113rija:<\/b><span class=\"\"> Ieg\u0101d\u0101joties \u0161o disku ar Anthony Barela 2026.<\/span><span class=\"\"> gada t\u016bres z\u012bmogu,<\/span><span class=\"\"> tu tie\u0161i atbalsti pasaules \u010dempionu vi\u0146a t\u016br\u0113.<\/span><\/p>\n<\/li>\n<\/ul>","protected":false},"excerpt":{"rendered":"<p data-path-to-node=\"2\"><strong>Titanium Big Z Special Blend Cigarra \u2013 Anthony Barela 2026 Tour Series plastika <\/strong><span class=\"\">ir \u012bpa\u0161ais <\/span><b class=\"\" data-path-to-node=\"3\" data-index-in-node=\"15\">Titanium Big Z Special Blend<\/b><span class=\"\"> izlaidums,<\/span><span class=\"\"> kas rad\u012bts <\/span><b class=\"\" data-path-to-node=\"3\" data-index-in-node=\"66\">2026. gada Tour Series<\/b><span class=\"\"> kolekcijai.<\/span><span class=\"\"> Discraft ir apvienojis lab\u0101k\u0101s <\/span><b class=\"\" data-path-to-node=\"3\" data-index-in-node=\"132\">Big Z<\/b><span class=\"\"> un <\/span><b class=\"\" data-path-to-node=\"3\" data-index-in-node=\"141\">Titanium<\/b><span class=\"\"> plastmasu \u012bpa\u0161\u012bbas vien\u0101 premium mais\u012bjum\u0101,<\/span><span class=\"\"> lai nodro\u0161in\u0101tu nep\u0101rsp\u0113jamu sniegumu <\/span><b class=\"\" data-path-to-node=\"3\" data-index-in-node=\"232\">Cigarra<\/b><span class=\"\"> modelim.<\/span><\/p>","protected":false},"featured_media":5311,"template":"","meta":{"om_disable_all_campaigns":false},"product_brand":[59],"product_cat":[361,48,66,284,396],"product_tag":[],"class_list":{"0":"post-5352","1":"product","2":"type-product","3":"status-publish","4":"has-post-thumbnail","6":"product_brand-discraft","7":"product_cat-anthony-barela","8":"product_cat-diski","9":"product_cat-fairway-drivers","10":"product_cat-new","11":"product_cat-restock","13":"first","14":"instock","15":"taxable","16":"shipping-taxable","17":"purchasable","18":"product-type-variable"},"aioseo_notices":[],"jetpack_sharing_enabled":true,"_links":{"self":[{"href":"https:\/\/birdie.lv\/en\/wp-json\/wp\/v2\/product\/5352","targetHints":{"allow":["GET"]}}],"collection":[{"href":"https:\/\/birdie.lv\/en\/wp-json\/wp\/v2\/product"}],"about":[{"href":"https:\/\/birdie.lv\/en\/wp-json\/wp\/v2\/types\/product"}],"version-history":[{"count":1,"href":"https:\/\/birdie.lv\/en\/wp-json\/wp\/v2\/product\/5352\/revisions"}],"predecessor-version":[{"id":5371,"href":"https:\/\/birdie.lv\/en\/wp-json\/wp\/v2\/product\/5352\/revisions\/5371"}],"wp:featuredmedia":[{"embeddable":true,"href":"https:\/\/birdie.lv\/en\/wp-json\/wp\/v2\/media\/5311"}],"wp:attachment":[{"href":"https:\/\/birdie.lv\/en\/wp-json\/wp\/v2\/media?parent=5352"}],"wp:term":[{"taxonomy":"product_brand","embeddable":true,"href":"https:\/\/birdie.lv\/en\/wp-json\/wp\/v2\/product_brand?post=5352"},{"taxonomy":"product_cat","embeddable":true,"href":"https:\/\/birdie.lv\/en\/wp-json\/wp\/v2\/product_cat?post=5352"},{"taxonomy":"product_tag","embeddable":true,"href":"https:\/\/birdie.lv\/en\/wp-json\/wp\/v2\/product_tag?post=5352"}],"curies":[{"name":"wp","href":"https:\/\/api.w.org\/{rel}","templated":true}]}}