{"id":5372,"date":"2026-04-27T13:56:39","date_gmt":"2026-04-27T13:56:39","guid":{"rendered":"https:\/\/birdie.lv\/?post_type=product&#038;p=5372"},"modified":"2026-04-27T16:18:23","modified_gmt":"2026-04-27T16:18:23","slug":"discraft-titanium-big-z-special-blend-archer-austin-turner","status":"publish","type":"product","link":"https:\/\/birdie.lv\/en\/product\/discraft-titanium-big-z-special-blend-archer-austin-turner\/","title":{"rendered":"Discraft Titanium Big Z Special Blend Archer &#8211; Austin Turner"},"content":{"rendered":"<p data-path-to-node=\"3\"><strong>Titanium Big Z Special Blend Archer \u2014 Anthony Barela 2026 Tour Series<\/strong><\/p>\n<p data-path-to-node=\"4\">Popul\u0101rais Discraft <i>Archer (Stratus) <\/i>jau sen tiek uzskat\u012bts par &#8220;ma\u0123isku&#8221; disku t\u0101 neticam\u0101s daudzpus\u012bbas d\u0113\u013c. Tom\u0113r bija viena probl\u0113ma \u2013 <i data-path-to-node=\"4\" data-index-in-node=\"130\">Stratus<\/i> nebija iesp\u0113jams izgatavot iztur\u012bg\u0101 premium plastmas\u0101. M\u0113s izvirz\u012bj\u0101m m\u0113r\u0137i rad\u012btu disku, kas to sp\u0113j, un <b data-path-to-node=\"4\" data-index-in-node=\"244\">Archer<\/b> ir rezult\u0101ts!<\/p>\n<p data-path-to-node=\"5\">\u0160is speci\u0101lais <b data-path-to-node=\"5\" data-index-in-node=\"15\">Titanium Big Z Special Blend<\/b> modelis ir rad\u012bts 2026. gada t\u016bres s\u0113rijai, apvienojot \u010dempiona Anthony Barela jaudu ar disku, kas izcili kalpo tehniskos metienos.<\/p>\n<h3 data-path-to-node=\"6\"><strong>K\u0101p\u0113c Archer ir tavs jaunais slepenais ierocis?<\/strong><\/h3>\n<ul data-path-to-node=\"7\">\n<li>\n<p data-path-to-node=\"7,0,0\"><b data-path-to-node=\"7,0,0\" data-index-in-node=\"0\">Daudzpus\u012bba un kontrole:<\/b> Anhaizeri, <i data-path-to-node=\"7,0,0\" data-index-in-node=\"36\">hyzer-flip<\/i> metieni vai pat <i data-path-to-node=\"7,0,0\" data-index-in-node=\"63\">rolleri<\/i> \u2013 Archer ir l\u0113ns disks, kas vislab\u0101k darbojas pie m\u0113rena metiena \u0101truma. Tas ir izcils r\u012bks, lai izk\u013c\u016btu no sare\u017e\u0123\u012bt\u0101m situ\u0101cij\u0101m me\u017e\u0101 un atgrieztos m\u0113r\u0137\u012b.<\/p>\n<\/li>\n<li>\n<p data-path-to-node=\"7,1,0\"><b data-path-to-node=\"7,1,0\" data-index-in-node=\"0\">Special Blend plastmasa (Big Z + Titanium):<\/b> Jaunais 2026. gada mais\u012bjums apvieno <b data-path-to-node=\"7,1,0\" data-index-in-node=\"81\">Big Z<\/b> sp\u0113l\u0113t\u0101ju iecien\u012bto komfortablo sa\u0137eri un ko\u0161os kr\u0101su virpu\u013cus ar <b data-path-to-node=\"7,1,0\" data-index-in-node=\"153\">Titanium<\/b> le\u0123end\u0101ro iztur\u012bbu. Rezult\u0101ts ir augst\u0101k\u0101s klases apdare, kas nezaud\u0113 savas \u012bpa\u0161\u012bbas raundu p\u0113c raunda.<\/p>\n<\/li>\n<li>\n<p data-path-to-node=\"7,2,0\"><b data-path-to-node=\"7,2,0\" data-index-in-node=\"0\">Ide\u0101ls l\u0113niem metieniem:<\/b> Archer ir izstr\u0101d\u0101ts t\u0101, lai tas &#8220;klaus\u012btu&#8221; ar\u012b pie maz\u0101kas jaudas, padarot to par ide\u0101lu izv\u0113li prec\u012bziem me\u017ea metieniem, kur kontrole ir svar\u012bg\u0101ka par brut\u0101lu sp\u0113ku.<\/p>\n<\/li>\n<li>\n<p data-path-to-node=\"7,3,0\"><b data-path-to-node=\"7,3,0\" data-index-in-node=\"0\">2026 Tour Series dizains:<\/b> Katrs disks ir vizu\u0101li unik\u0101ls ar premium plastmasas virpu\u013ciem un ofici\u0101lo Anthony Barela 2026. gada t\u016bres z\u012bmogu. Ieg\u0101d\u0101joties \u0161o disku, tu tie\u0161i atbalsti vienu no pasaules vado\u0161ajiem sp\u0113l\u0113t\u0101jiem.<\/p>\n<\/li>\n<\/ul>","protected":false},"excerpt":{"rendered":"<p data-path-to-node=\"2\"><b data-path-to-node=\"3\" data-index-in-node=\"0\">Archer<\/b> ir le\u0123end\u0101r\u0101 <i data-path-to-node=\"3\" data-index-in-node=\"20\">Stratus<\/i> p\u0113ctecis, kas beidzot pieejams premium izpild\u012bjum\u0101. \u0160is disks ir &#8220;ma\u0123isks&#8221; r\u012bks tehnisk\u0101m tras\u0113m \u2014 ide\u0101ls <i data-path-to-node=\"3\" data-index-in-node=\"134\">hyzer-flip<\/i> metieniem, gariem anhaizeriem un prec\u012bzai kontrolei me\u017e\u0101. Archer ir disks, kas &#8220;peld&#8221; pa l\u012bniju pat pie maza metiena \u0101truma, pal\u012bdzot tev izk\u013c\u016bt no jebkur\u0101m nepatik\u0161an\u0101m un palikt uz kursa<\/p>","protected":false},"featured_media":5330,"template":"","meta":{"om_disable_all_campaigns":false},"product_brand":[59],"product_cat":[48,284,65,396],"product_tag":[],"class_list":{"0":"post-5372","1":"product","2":"type-product","3":"status-publish","4":"has-post-thumbnail","6":"product_brand-discraft","7":"product_cat-diski","8":"product_cat-new","9":"product_cat-midrange","10":"product_cat-restock","12":"first","13":"instock","14":"taxable","15":"shipping-taxable","16":"purchasable","17":"product-type-variable"},"aioseo_notices":[],"jetpack_sharing_enabled":true,"_links":{"self":[{"href":"https:\/\/birdie.lv\/en\/wp-json\/wp\/v2\/product\/5372","targetHints":{"allow":["GET"]}}],"collection":[{"href":"https:\/\/birdie.lv\/en\/wp-json\/wp\/v2\/product"}],"about":[{"href":"https:\/\/birdie.lv\/en\/wp-json\/wp\/v2\/types\/product"}],"version-history":[{"count":1,"href":"https:\/\/birdie.lv\/en\/wp-json\/wp\/v2\/product\/5372\/revisions"}],"predecessor-version":[{"id":5375,"href":"https:\/\/birdie.lv\/en\/wp-json\/wp\/v2\/product\/5372\/revisions\/5375"}],"wp:featuredmedia":[{"embeddable":true,"href":"https:\/\/birdie.lv\/en\/wp-json\/wp\/v2\/media\/5330"}],"wp:attachment":[{"href":"https:\/\/birdie.lv\/en\/wp-json\/wp\/v2\/media?parent=5372"}],"wp:term":[{"taxonomy":"product_brand","embeddable":true,"href":"https:\/\/birdie.lv\/en\/wp-json\/wp\/v2\/product_brand?post=5372"},{"taxonomy":"product_cat","embeddable":true,"href":"https:\/\/birdie.lv\/en\/wp-json\/wp\/v2\/product_cat?post=5372"},{"taxonomy":"product_tag","embeddable":true,"href":"https:\/\/birdie.lv\/en\/wp-json\/wp\/v2\/product_tag?post=5372"}],"curies":[{"name":"wp","href":"https:\/\/api.w.org\/{rel}","templated":true}]}}