{"id":5377,"date":"2026-04-27T16:18:29","date_gmt":"2026-04-27T16:18:29","guid":{"rendered":"https:\/\/birdie.lv\/?post_type=product&#038;p=5377"},"modified":"2026-04-27T16:22:44","modified_gmt":"2026-04-27T16:22:44","slug":"discraft-titanium-swirl-cicada","status":"publish","type":"product","link":"https:\/\/birdie.lv\/en\/product\/discraft-titanium-swirl-cicada\/","title":{"rendered":"Discraft Titanium Swirl Cicada"},"content":{"rendered":"<p data-path-to-node=\"2\"><strong>Discraft Cicada \u2013 Tavs jaunais sabiedrotais prec\u012bziem metieniem<\/strong><\/p>\n<p data-path-to-node=\"3\">Ar neticami taisnu lidojuma trajektoriju, <b data-path-to-node=\"3\" data-index-in-node=\"42\">Discraft Cicada<\/b> ir disks, ar kuru j\u0101r\u0113\u0137in\u0101s ikvien\u0101 laukum\u0101. Atbr\u012bvo t\u0101 potenci\u0101lu un v\u0113ro, k\u0101 tas nevainojami izpilda &#8220;flip&#8221; manevru, sniedzot Tev piln\u012bgu kontroli p\u0101r katru metienu. \u0160is disks iemieso piel\u0101go\u0161an\u0101s sp\u0113ju, pied\u0101v\u0101jot sp\u0113l\u0113t\u0101jiem daudzpus\u012bbu, kas nepiecie\u0161ama strat\u0113\u0123iskai trajektorijas veido\u0161anai jebkur\u0101 tras\u0113.<\/p>\n<p data-path-to-node=\"4\">K\u0101p\u0113c izv\u0113l\u0113ties Discraft Cicada?<\/p>\n<p data-path-to-node=\"5\">Cicada ie\u0146em stabilu vietu <b data-path-to-node=\"5\" data-index-in-node=\"27\">Discraft<\/b> premium kl\u0101sta kl\u0101st\u0101. Tas nav tikai k\u0101rt\u0113jais disks \u2013 tas ir r\u012bks, kas pal\u012bdz sasniegt jaunus rezult\u0101tus, papildinot Discraft le\u0123end\u0101ro mantojumu augstas kvalit\u0101tes disku ra\u017eo\u0161an\u0101.<\/p>\n<ul data-path-to-node=\"6\">\n<li>\n<p data-path-to-node=\"6,0,0\"><b data-path-to-node=\"6,0,0\" data-index-in-node=\"0\">Paredzam\u012bba:<\/b> Ide\u0101li piem\u0113rots taisniem koridoriem un prec\u012bziem pieg\u0101jieniem.<\/p>\n<\/li>\n<li>\n<p data-path-to-node=\"6,1,0\"><b data-path-to-node=\"6,1,0\" data-index-in-node=\"0\">Kontrole:<\/b> Viegli vad\u0101ms gan ies\u0101c\u0113jiem, gan pieredz\u0113ju\u0161iem sp\u0113l\u0113t\u0101jiem.<\/p>\n<\/li>\n<li>\n<p data-path-to-node=\"6,2,0\"><b data-path-to-node=\"6,2,0\" data-index-in-node=\"0\">Daudzpus\u012bba:<\/b> Lielisks r\u012bks &#8220;shot shaping&#8221; jeb lidojuma l\u012bk\u0146u model\u0113\u0161anai.<\/p>\n<\/li>\n<\/ul>\n<p data-path-to-node=\"7\">Iek\u013cauj Cicada sav\u0101 kolekcij\u0101 un \u013cauj tam k\u013c\u016bt par Tavas sp\u0113les izaugsmes simbolu!<\/p>","protected":false},"excerpt":{"rendered":"<p data-path-to-node=\"1\"><b data-path-to-node=\"1\" data-index-in-node=\"0\">Discraft Cicada<\/b> ir augstas veiktsp\u0113jas <i data-path-to-node=\"1\" data-index-in-node=\"39\">fairway driver<\/i>, kas izce\u013cas ar izcili taisnu lidojuma trajektoriju un maksim\u0101lu kontroli. Pateicoties t\u0101 <b data-path-to-node=\"1\" data-index-in-node=\"144\">7 | 6 | -1 | 1<\/b> parametriem, \u0161is disks ir neticami daudzpus\u012bgs \u2013 tas viegli piel\u0101gojas da\u017e\u0101diem metienu stiliem un \u013cauj prec\u012bzi izpild\u012bt pat vissare\u017e\u0123\u012bt\u0101k\u0101s trajektorijas<\/p>","protected":false},"featured_media":5341,"template":"","meta":{"om_disable_all_campaigns":false},"product_brand":[59],"product_cat":[48,66,284],"product_tag":[],"class_list":{"0":"post-5377","1":"product","2":"type-product","3":"status-publish","4":"has-post-thumbnail","6":"product_brand-discraft","7":"product_cat-diski","8":"product_cat-fairway-drivers","9":"product_cat-new","11":"first","12":"instock","13":"taxable","14":"shipping-taxable","15":"purchasable","16":"product-type-variable"},"aioseo_notices":[],"jetpack_sharing_enabled":true,"_links":{"self":[{"href":"https:\/\/birdie.lv\/en\/wp-json\/wp\/v2\/product\/5377","targetHints":{"allow":["GET"]}}],"collection":[{"href":"https:\/\/birdie.lv\/en\/wp-json\/wp\/v2\/product"}],"about":[{"href":"https:\/\/birdie.lv\/en\/wp-json\/wp\/v2\/types\/product"}],"version-history":[{"count":1,"href":"https:\/\/birdie.lv\/en\/wp-json\/wp\/v2\/product\/5377\/revisions"}],"predecessor-version":[{"id":5394,"href":"https:\/\/birdie.lv\/en\/wp-json\/wp\/v2\/product\/5377\/revisions\/5394"}],"wp:featuredmedia":[{"embeddable":true,"href":"https:\/\/birdie.lv\/en\/wp-json\/wp\/v2\/media\/5341"}],"wp:attachment":[{"href":"https:\/\/birdie.lv\/en\/wp-json\/wp\/v2\/media?parent=5377"}],"wp:term":[{"taxonomy":"product_brand","embeddable":true,"href":"https:\/\/birdie.lv\/en\/wp-json\/wp\/v2\/product_brand?post=5377"},{"taxonomy":"product_cat","embeddable":true,"href":"https:\/\/birdie.lv\/en\/wp-json\/wp\/v2\/product_cat?post=5377"},{"taxonomy":"product_tag","embeddable":true,"href":"https:\/\/birdie.lv\/en\/wp-json\/wp\/v2\/product_tag?post=5377"}],"curies":[{"name":"wp","href":"https:\/\/api.w.org\/{rel}","templated":true}]}}