{"id":5395,"date":"2026-04-27T16:26:03","date_gmt":"2026-04-27T16:26:03","guid":{"rendered":"https:\/\/birdie.lv\/?post_type=product&#038;p=5395"},"modified":"2026-04-30T14:03:00","modified_gmt":"2026-04-30T14:03:00","slug":"discmania-exo-soft-tactic","status":"publish","type":"product","link":"https:\/\/birdie.lv\/en\/product\/discmania-exo-soft-tactic\/","title":{"rendered":"Discmania EXO Soft Tactic"},"content":{"rendered":"<p data-path-to-node=\"2\">Discmania Tactic \u2013 Tavs uzticamais sabiedrotais ekstr\u0113mos apst\u0101k\u013cos<\/p>\n<p data-path-to-node=\"3\"><b data-path-to-node=\"3\" data-index-in-node=\"0\">Discmania Tactic<\/b> ir ilgi gaid\u012btais papildin\u0101jums putteru kl\u0101st\u0101, kas rad\u012bts, lai aizpild\u012btu robu p\u0113c patiesi <b data-path-to-node=\"3\" data-index-in-node=\"109\">p\u0101rstabila (<i data-path-to-node=\"3\" data-index-in-node=\"121\">overstable<\/i>)<\/b> metam\u0101 puttera. \u0160is disks ir izstr\u0101d\u0101ts sp\u0113l\u0113t\u0101jiem, kuriem nepiecie\u0161ama maksim\u0101la p\u0101rliec\u012bba \u2013 vai tie b\u016btu sp\u0113c\u012bgi metieni no starta laukuma vai prec\u012bzi pietuvin\u0101jumi m\u0113r\u0137im sp\u0113c\u012bg\u0101 v\u0113j\u0101.<\/p>\n<p data-path-to-node=\"4\">Tactic dzi\u013cums ir l\u012bdz\u012bgs le\u0123end\u0101rajam P2 modelim, ta\u010du t\u0101 unik\u0101l\u0101 apmale ir izstr\u0101d\u0101ta t\u0101, lai nodro\u0161in\u0101tu \u0113rt\u0101ku satv\u0113rienu. Neskatoties uz t\u0101 izteikto stabilit\u0101ti, sp\u0113l\u0113t\u0101ji b\u016bs p\u0101rsteigti par \u0161\u012b diska lielisko <b data-path-to-node=\"4\" data-index-in-node=\"214\">plan\u0113jums (<i data-path-to-node=\"4\" data-index-in-node=\"225\">glide<\/i>)<\/b>, kas \u013cauj kontrol\u0113t distanci bez liekas piep\u016bles.<\/p>\n<p data-path-to-node=\"10\">Galven\u0101s priek\u0161roc\u012bbas<\/p>\n<ul data-path-to-node=\"11\">\n<li>\n<p data-path-to-node=\"11,0,0\"><b data-path-to-node=\"11,0,0\" data-index-in-node=\"0\">P\u0101rstabilit\u0101te:<\/b> Dro\u0161i metieni pat sp\u0113c\u012bg\u0101 pretv\u0113j\u0101.<\/p>\n<\/li>\n<li>\n<p data-path-to-node=\"11,1,0\"><b data-path-to-node=\"11,1,0\" data-index-in-node=\"0\">Daudzpus\u012bba:<\/b> Piem\u0113rots gan &#8220;forehand&#8221;, gan &#8220;backhand&#8221; pieg\u0101jieniem.<\/p>\n<\/li>\n<li>\n<p data-path-to-node=\"11,2,0\"><b data-path-to-node=\"11,2,0\" data-index-in-node=\"0\">Ergonomika:<\/b> \u0112rta apmale, kas nodro\u0161ina t\u012bru diska izlai\u0161anu no rokas.<\/p>\n<\/li>\n<\/ul>","protected":false},"excerpt":{"rendered":"<p data-path-to-node=\"2\"><b data-path-to-node=\"1\" data-index-in-node=\"0\">Discmania Tactic<\/b> ir patiesi p\u0101rstabs (<i data-path-to-node=\"1\" data-index-in-node=\"38\">overstable<\/i>) metamais putteris, kas rad\u012bts precizit\u0101tei un dro\u0161\u012bbai pat visstipr\u0101kaj\u0101 v\u0113j\u0101. T\u0101 ergonomisk\u0101 apmale nodro\u0161ina \u0113rtu satv\u0113rienu un t\u012bru metienu, savuk\u0101rt negaid\u012bti lieliskais plan\u0113jums (<i data-path-to-node=\"1\" data-index-in-node=\"235\">glide<\/i>) \u013cauj prec\u012bzi kontrol\u0113t distanci.<\/p>","protected":false},"featured_media":5318,"template":"","meta":{"om_disable_all_campaigns":false},"product_brand":[52],"product_cat":[48,284,396,64],"product_tag":[],"class_list":{"0":"post-5395","1":"product","2":"type-product","3":"status-publish","4":"has-post-thumbnail","6":"product_brand-discmania","7":"product_cat-diski","8":"product_cat-new","9":"product_cat-restock","10":"product_cat-putter-approach","12":"first","13":"instock","14":"taxable","15":"shipping-taxable","16":"purchasable","17":"product-type-variable"},"aioseo_notices":[],"jetpack_sharing_enabled":true,"_links":{"self":[{"href":"https:\/\/birdie.lv\/en\/wp-json\/wp\/v2\/product\/5395","targetHints":{"allow":["GET"]}}],"collection":[{"href":"https:\/\/birdie.lv\/en\/wp-json\/wp\/v2\/product"}],"about":[{"href":"https:\/\/birdie.lv\/en\/wp-json\/wp\/v2\/types\/product"}],"version-history":[{"count":1,"href":"https:\/\/birdie.lv\/en\/wp-json\/wp\/v2\/product\/5395\/revisions"}],"predecessor-version":[{"id":5398,"href":"https:\/\/birdie.lv\/en\/wp-json\/wp\/v2\/product\/5395\/revisions\/5398"}],"wp:featuredmedia":[{"embeddable":true,"href":"https:\/\/birdie.lv\/en\/wp-json\/wp\/v2\/media\/5318"}],"wp:attachment":[{"href":"https:\/\/birdie.lv\/en\/wp-json\/wp\/v2\/media?parent=5395"}],"wp:term":[{"taxonomy":"product_brand","embeddable":true,"href":"https:\/\/birdie.lv\/en\/wp-json\/wp\/v2\/product_brand?post=5395"},{"taxonomy":"product_cat","embeddable":true,"href":"https:\/\/birdie.lv\/en\/wp-json\/wp\/v2\/product_cat?post=5395"},{"taxonomy":"product_tag","embeddable":true,"href":"https:\/\/birdie.lv\/en\/wp-json\/wp\/v2\/product_tag?post=5395"}],"curies":[{"name":"wp","href":"https:\/\/api.w.org\/{rel}","templated":true}]}}