{"id":5415,"date":"2026-04-29T12:33:31","date_gmt":"2026-04-29T12:33:31","guid":{"rendered":"https:\/\/birdie.lv\/?post_type=product&#038;p=5415"},"modified":"2026-05-01T20:39:29","modified_gmt":"2026-05-01T20:39:29","slug":"mvp-shuttle-bag","status":"publish","type":"product","link":"https:\/\/birdie.lv\/en\/product\/mvp-shuttle-bag\/","title":{"rendered":"MVP Shuttle Bag"},"content":{"rendered":"<p data-path-to-node=\"2\"><strong>MVP Shuttle Bag \u2013 Kompakta un Ietilp\u012bga Disku Golfa Mugursoma<\/strong><\/p>\n<p data-path-to-node=\"3\"><b data-path-to-node=\"3\" data-index-in-node=\"0\">MVP Shuttle Bag<\/b> ir jaun\u0101, kompakt\u0101 un viegl\u0101 disku golfa mugursoma, kas p\u0101rsteidz ar savu lielo ietilp\u012bbu. T\u0101 ir ide\u0101la izv\u0113le gan \u0101triem treni\u0146u ap\u013ciem, gan sp\u0113l\u0113t\u0101jiem, kuri v\u0113las p\u0101riet no pleca somas uz \u0113rtu mugursomas tipa risin\u0101jumu, papla\u0161inot savu disku arsen\u0101lu tras\u0113.<\/p>\n<p data-path-to-node=\"7\"><strong>Ietilp\u012bba un Funkcionalit\u0101te<\/strong><\/p>\n<p data-path-to-node=\"8\">Lai gan soma ir kompakta, t\u0101s p\u0101rdom\u0101tais dizains \u013cauj taj\u0101 ievietot iespaid\u012bgu daudzumu ekip\u0113juma:<\/p>\n<ul data-path-to-node=\"9\">\n<li>\n<p data-path-to-node=\"9,0,0\"><b data-path-to-node=\"9,0,0\" data-index-in-node=\"0\">Galvenais nodal\u012bjums:<\/b> Paredz\u0113ts 12\u201316 diskiem.<\/p>\n<\/li>\n<li>\n<p data-path-to-node=\"9,1,0\"><b data-path-to-node=\"9,1,0\" data-index-in-node=\"0\">S\u0101nu kabata:<\/b> Papildu vieta l\u012bdz pat 4 diskiem.<\/p>\n<\/li>\n<li>\n<p data-path-to-node=\"9,2,0\"><b data-path-to-node=\"9,2,0\" data-index-in-node=\"0\">Aug\u0161\u0113j\u0101 kabata:<\/b> Var izmantot 2 diskiem un aksesu\u0101riem vai ar\u012b l\u012bdz pat 6 papildu diskiem maksim\u0101lai jaudai.<\/p>\n<\/li>\n<li>\n<p data-path-to-node=\"9,3,0\"><b data-path-to-node=\"9,3,0\" data-index-in-node=\"0\">Papildu kr\u0101tuves:<\/b> S\u0101nu pane\u013ca kabata un liel\u0101ka s\u0101nu kabata mantu glab\u0101\u0161anai.<\/p>\n<\/li>\n<li>\n<p data-path-to-node=\"9,4,0\"><b data-path-to-node=\"9,4,0\" data-index-in-node=\"0\">Dz\u0113rienu tur\u0113t\u0101js:<\/b> Standarta izm\u0113ra kabata pudeles ievieto\u0161anai.<\/p>\n<\/li>\n<\/ul>\n<p data-path-to-node=\"10\"><strong>Komforts un Kvalit\u0101te<\/strong><\/p>\n<p data-path-to-node=\"11\"><b data-path-to-node=\"11\" data-index-in-node=\"0\">MVP Shuttle Bag<\/b> ir apr\u012bkota ar regul\u0113jam\u0101m, polster\u0113t\u0101m lenc\u0113m, nodro\u0161inot maksim\u0101lu komfortu jebkura auguma sp\u0113l\u0113t\u0101jam. T\u0101 ir viegla, iztur\u012bga un finansi\u0101li pieejama izv\u0113le ikvienam disku golfa entuziastam.<\/p>\n<blockquote data-path-to-node=\"12\">\n<p data-path-to-node=\"12,0\"><b data-path-to-node=\"12,0\" data-index-in-node=\"0\">Mekl\u0113 kompaktu, bet ietilp\u012bgu disku golfa somu par izdev\u012bgu cenu?<\/b> Izv\u0113lies jauno MVP Shuttle Bag un pacel savu sp\u0113li jaun\u0101 l\u012bmen\u012b!<\/p>\n<\/blockquote>","protected":false},"excerpt":{"rendered":"<p><b data-path-to-node=\"3\" data-index-in-node=\"0\">MVP Shuttle Bag<\/b> ir ide\u0101la izv\u0113le sp\u0113l\u0113t\u0101jiem, kuri mekl\u0113 kompaktu, bet p\u0101rsteidzo\u0161i ietilp\u012bgu <b data-path-to-node=\"3\" data-index-in-node=\"94\">disku golfa somu<\/b>. T\u0101 ir rad\u012bta komfortam un funkcionalit\u0101tei, pied\u0101v\u0101jot vietu visam nepiecie\u0161amajam ekip\u0113jumam par izdev\u012bgu cenu.<\/p>","protected":false},"featured_media":5416,"template":"","meta":{"om_disable_all_campaigns":false},"product_brand":[57],"product_cat":[49,396],"product_tag":[],"class_list":{"0":"post-5415","1":"product","2":"type-product","3":"status-publish","4":"has-post-thumbnail","6":"product_brand-mvp","7":"product_cat-somas","8":"product_cat-restock","10":"first","11":"instock","12":"taxable","13":"shipping-taxable","14":"purchasable","15":"product-type-variable"},"aioseo_notices":[],"jetpack_sharing_enabled":true,"_links":{"self":[{"href":"https:\/\/birdie.lv\/en\/wp-json\/wp\/v2\/product\/5415","targetHints":{"allow":["GET"]}}],"collection":[{"href":"https:\/\/birdie.lv\/en\/wp-json\/wp\/v2\/product"}],"about":[{"href":"https:\/\/birdie.lv\/en\/wp-json\/wp\/v2\/types\/product"}],"version-history":[{"count":3,"href":"https:\/\/birdie.lv\/en\/wp-json\/wp\/v2\/product\/5415\/revisions"}],"predecessor-version":[{"id":5430,"href":"https:\/\/birdie.lv\/en\/wp-json\/wp\/v2\/product\/5415\/revisions\/5430"}],"wp:featuredmedia":[{"embeddable":true,"href":"https:\/\/birdie.lv\/en\/wp-json\/wp\/v2\/media\/5416"}],"wp:attachment":[{"href":"https:\/\/birdie.lv\/en\/wp-json\/wp\/v2\/media?parent=5415"}],"wp:term":[{"taxonomy":"product_brand","embeddable":true,"href":"https:\/\/birdie.lv\/en\/wp-json\/wp\/v2\/product_brand?post=5415"},{"taxonomy":"product_cat","embeddable":true,"href":"https:\/\/birdie.lv\/en\/wp-json\/wp\/v2\/product_cat?post=5415"},{"taxonomy":"product_tag","embeddable":true,"href":"https:\/\/birdie.lv\/en\/wp-json\/wp\/v2\/product_tag?post=5415"}],"curies":[{"name":"wp","href":"https:\/\/api.w.org\/{rel}","templated":true}]}}